{"id":10797,"date":"2023-11-22T10:46:23","date_gmt":"2023-11-22T09:46:23","guid":{"rendered":"https:\/\/thaisbernardes.com\/?page_id=10797"},"modified":"2023-11-22T11:54:37","modified_gmt":"2023-11-22T10:54:37","slug":"garantie","status":"publish","type":"page","link":"https:\/\/thaisbernardes.com\/de\/garanzia\/","title":{"rendered":"Garantie"},"content":{"rendered":"<section class=\"section\" id=\"section_318356732\">\n\t\t<div class=\"section-bg fill\" >\n\t\t\t<img data-recalc-dims=\"1\" loading=\"lazy\" decoding=\"async\" width=\"1020\" height=\"680\" src=\"https:\/\/i0.wp.com\/thaisbernardes.com\/wp-content\/uploads\/2023\/11\/2023-10-25-Thais-Gioielli0197.jpg?resize=1020%2C680&#038;ssl=1\" class=\"bg attachment-original size-original\" alt=\"\" \/>\t\t\t\t\t\t<div class=\"section-bg-overlay absolute fill\"><\/div>\n\t\t\t\n\n\t\t<\/div>\n\n\t\t\n\n\t\t<div class=\"section-content relative\">\n\t\t\t\n\n\t<div id=\"gap-326387569\" class=\"gap-element clearfix\" style=\"display:block; height:auto;\">\n\t\t\n<style>\n#gap-326387569 {\n  padding-top: 30px;\n}\n<\/style>\n\t<\/div>\n\t\n\n<div class=\"row align-center\"  id=\"row-2025195581\">\n\n\n\t<div id=\"col-1999338271\" class=\"col medium-8 small-12 large-10\"  >\n\t\t\t\t<div class=\"col-inner text-left dark\" style=\"background-color:rgba(22, 70, 63, 0.866);\" >\n\t\t\t\n\t\t\t\n\n<h1>F\u00fcr Sie, die Thais Bernardes-Garantie<\/h1>\n<div class=\"is-divider divider clearfix\" style=\"background-color:rgb(255, 255, 255);\"><\/div>\n\n\t<div id=\"text-412394800\" class=\"text\">\n\t\t\n\n<p>Auf unsere einzigartig gestalteten Produkte, die mit italienischer Handwerkskunst gefertigt werden, gew\u00e4hren wir eine 3-Jahres-Garantie f\u00fcr alle Schmuckst\u00fccke, die bei unseren Einzelh\u00e4ndlern oder online erworben werden.<\/p>\n<p>Bitte beachten Sie, dass die 3-Jahres-Garantie f\u00fcr alle Material- und Herstellungsfehler gilt, die zum Zeitpunkt des Kaufs bereits vorhanden waren.<\/p>\n<p>Ausgeschlossen sind M\u00e4ngel oder Sch\u00e4den, die durch unsachgem\u00e4\u00dfen Gebrauch, \u00c4nderungen oder Austausch mit nicht originalen Teilen und Zubeh\u00f6r sowie durch nicht autorisierte Arbeiten Dritter entstehen.<br \/><br \/>Als \"Missbrauch\" gilt auch die Verwendung ungeeigneter Reinigungsmittel, die die Unversehrtheit des Schmucks beeintr\u00e4chtigen k\u00f6nnen.<\/p>\n<p>Befolgen Sie diese praktischen Tipps, damit Ihr Schmuck immer perfekt sitzt:<\/p>\n<p>- Vermeiden Sie das Tragen von Parf\u00fcm oder Cremes, wenn Sie Ihren Schmuck tragen. Diese Sch\u00f6nheitsprodukte k\u00f6nnen die Steine irreversibel sch\u00e4digen.<\/p>\n<p>- Vermeiden Sie die Verwendung von Scheuermitteln und Reinigungsmitteln.<\/p>\n<p>Verwenden Sie zur Reinigung Ihres Schmucks ein sauberes, trockenes Tuch, das ausreicht, um den Glanz zu erhalten.<\/p>\n<p>- Reinigen Sie Ihren Schmuck h\u00e4ufig, aber vermeiden Sie Lotionen, Seifen und Haut\u00f6le. Diese ver\u00e4ndern die optischen Eigenschaften der Steine und lassen sie stumpf aussehen.<\/p>\n<p>- Die Behandlung Ihres Schmucks sollte immer so schonend wie m\u00f6glich erfolgen, um Kratzer und Br\u00fcche zu vermeiden.<\/p>\n<p>- Bewahren Sie den Schmuck in einer geschlossenen Schachtel auf, die mit einem weichen Tuch ausgekleidet ist, damit das Metall nicht besch\u00e4digt wird.<\/p>\n<p>Anspruch auf Garantie<\/p>\n<p>Kunden, die ein Produkt gekauft haben und die Produktgarantie in Anspruch nehmen m\u00f6chten, k\u00f6nnen dies tun, nachdem sie die Garantie ordnungsgem\u00e4\u00df registriert haben, indem sie eine der beiden hier aufgef\u00fchrten Methoden anwenden:<br \/><br \/>- Indem Sie mit dem zu reparierenden\/ersetzenden Schmuckst\u00fcck zu einem der H\u00e4ndler von Thais Bernardes gehen.<br \/><br \/>- Durch Kontaktaufnahme mit unserem <a href=\"https:\/\/thaisbernardes.com\/de\/kontakt\/\">Kundenbetreuung<\/a> um alle Informationen \u00fcber die Verwendung der Garantie zu erhalten.<\/p>\n\t\t\n<style>\n#text-412394800 {\n  font-size: 0.75rem;\n  line-height: 1.25;\n}\n@media (min-width:550px) {\n  #text-412394800 {\n    font-size: 0.9rem;\n  }\n}\n<\/style>\n\t<\/div>\n\t\n\t<div id=\"gap-1140926435\" class=\"gap-element clearfix\" style=\"display:block; height:auto;\">\n\t\t\n<style>\n#gap-1140926435 {\n  padding-top: 10px;\n}\n<\/style>\n\t<\/div>\n\t\n\n<h2>Geben Sie Ihre Daten ein, um die Garantie zu aktivieren<\/h2>\n\n\n<div class=\"wpcf7 no-js\" id=\"wpcf7-f10807-o1\" lang=\"it-IT\" dir=\"ltr\" data-wpcf7-id=\"10807\">\n<div class=\"screen-reader-response\"><p role=\"status\" aria-live=\"polite\" aria-atomic=\"true\"><\/p> <ul><\/ul><\/div>\n<form action=\"\/de\/wp-json\/wp\/v2\/pages\/10797#wpcf7-f10807-o1\" method=\"post\" class=\"wpcf7-form init\" aria-label=\"Kontakt-Formular\" enctype=\"multipart\/form-data\" novalidate=\"novalidate\" data-status=\"init\" data-trp-original-action=\"\/de\/wp-json\/wp\/v2\/pages\/10797#wpcf7-f10807-o1\">\n<fieldset class=\"hidden-fields-container\"><input type=\"hidden\" name=\"_wpcf7\" value=\"10807\" \/><input type=\"hidden\" name=\"_wpcf7_version\" value=\"6.1.5\" \/><input type=\"hidden\" name=\"_wpcf7_locale\" value=\"it_IT\" \/><input type=\"hidden\" name=\"_wpcf7_unit_tag\" value=\"wpcf7-f10807-o1\" \/><input type=\"hidden\" name=\"_wpcf7_container_post\" value=\"0\" \/><input type=\"hidden\" name=\"_wpcf7_posted_data_hash\" value=\"\" \/>\n<\/fieldset>\n<p><label> Name<br \/>\n<span class=\"wpcf7-form-control-wrap\" data-name=\"your-name\"><input size=\"40\" maxlength=\"400\" class=\"wpcf7-form-control wpcf7-text wpcf7-validates-as-required\" autocomplete=\"name\" aria-required=\"true\" aria-invalid=\"false\" value=\"\" type=\"text\" name=\"your-name\" \/><\/span> <\/label>\n<\/p>\n<p><label> Nachname<br \/>\n<span class=\"wpcf7-form-control-wrap\" data-name=\"your-surname\"><input size=\"40\" maxlength=\"400\" class=\"wpcf7-form-control wpcf7-text wpcf7-validates-as-required\" autocomplete=\"name\" aria-required=\"true\" aria-invalid=\"false\" value=\"\" type=\"text\" name=\"your-surname\" \/><\/span> <\/label>\n<\/p>\n<p><label> Vollst\u00e4ndige Anschrift (Stra\u00dfe, Postleitzahl, Ort, Bundesland)<br \/>\n<span class=\"wpcf7-form-control-wrap\" data-name=\"your-address\"><input size=\"40\" maxlength=\"400\" class=\"wpcf7-form-control wpcf7-text wpcf7-validates-as-required\" autocomplete=\"adress\" aria-required=\"true\" aria-invalid=\"false\" value=\"\" type=\"text\" name=\"your-address\" \/><\/span> <\/label>\n<\/p>\n<p><label> Telefon<br \/>\n<span class=\"wpcf7-form-control-wrap\" data-name=\"your-phone\"><input size=\"40\" maxlength=\"400\" class=\"wpcf7-form-control wpcf7-text wpcf7-validates-as-required\" autocomplete=\"phone\" aria-required=\"true\" aria-invalid=\"false\" value=\"\" type=\"text\" name=\"your-phone\" \/><\/span> <\/label>\n<\/p>\n<p><label> Deine E-Mail<br \/>\n<span class=\"wpcf7-form-control-wrap\" data-name=\"your-email\"><input size=\"40\" maxlength=\"400\" class=\"wpcf7-form-control wpcf7-email wpcf7-validates-as-required wpcf7-text wpcf7-validates-as-email\" autocomplete=\"email\" aria-required=\"true\" aria-invalid=\"false\" value=\"\" type=\"email\" name=\"your-email\" \/><\/span> <\/label>\n<\/p>\n<p><label> Juwel gekauft<br \/>\n<span class=\"wpcf7-form-control-wrap\" data-name=\"your-jewel-name\"><textarea cols=\"40\" rows=\"10\" maxlength=\"2000\" class=\"wpcf7-form-control wpcf7-textarea wpcf7-validates-as-required\" aria-required=\"true\" aria-invalid=\"false\" name=\"your-jewel-name\"><\/textarea><\/span> <\/label>\n<\/p>\n<p><label> Ma\u00dfnahme (fakultativ)<br \/>\n<span class=\"wpcf7-form-control-wrap\" data-name=\"your-jewel-size\"><textarea cols=\"40\" rows=\"10\" maxlength=\"2000\" class=\"wpcf7-form-control wpcf7-textarea\" aria-invalid=\"false\" name=\"your-jewel-size\"><\/textarea><\/span> <\/label>\n<\/p>\n<p><label> Datum des Kaufs<br \/>\n<span class=\"wpcf7-form-control-wrap\" data-name=\"Data\"><input class=\"wpcf7-form-control wpcf7-date wpcf7-validates-as-required wpcf7-validates-as-date\" aria-required=\"true\" aria-invalid=\"false\" value=\"\" type=\"date\" name=\"Data\" \/><\/span> <\/label>\n<\/p>\n<p><label> Name des Einzelh\u00e4ndlers<br \/>\n<span class=\"wpcf7-form-control-wrap\" data-name=\"reseller-name\"><textarea cols=\"40\" rows=\"10\" maxlength=\"2000\" class=\"wpcf7-form-control wpcf7-textarea wpcf7-validates-as-required\" aria-required=\"true\" aria-invalid=\"false\" name=\"reseller-name\"><\/textarea><\/span> <\/label>\n<\/p>\n<p><label> Juwelen-Fotos<br \/>\n<span class=\"wpcf7-form-control-wrap\" data-name=\"file-563\"><input size=\"40\" class=\"wpcf7-form-control wpcf7-file wpcf7-validates-as-required\" accept=\".jpg,.jpeg\" aria-required=\"true\" aria-invalid=\"false\" type=\"file\" name=\"file-563\" \/><\/span> <\/label>\n<\/p>\n<p><label> Kaufbeleg<br \/>\n<span class=\"wpcf7-form-control-wrap\" data-name=\"file-74\"><input size=\"40\" class=\"wpcf7-form-control wpcf7-file wpcf7-validates-as-required\" accept=\".jpg,.jpeg\" aria-required=\"true\" aria-invalid=\"false\" type=\"file\" name=\"file-74\" \/><\/span> <\/label>\n<\/p>\n<p><span class=\"wpcf7-form-control-wrap\" data-name=\"accept-this-3\"><span class=\"wpcf7-form-control wpcf7-acceptance\"><span class=\"wpcf7-list-item\"><label><input type=\"checkbox\" name=\"accept-this-3\" value=\"1\" checked=\"checked\" aria-invalid=\"false\" \/><span class=\"wpcf7-list-item-label\">Ich akzeptiere die Datenschutzbestimmungen von Thais Bernardes Shop.<\/span><\/label><\/span><\/span><\/span><br \/>\n<span class=\"wpcf7-form-control-wrap\" data-name=\"accept-this-1\"><span class=\"wpcf7-form-control wpcf7-acceptance optional\"><span class=\"wpcf7-list-item\"><label><input type=\"checkbox\" name=\"accept-this-1\" value=\"1\" checked=\"checked\" aria-invalid=\"false\" \/><span class=\"wpcf7-list-item-label\">Ich bin damit einverstanden, kommerzielle Mitteilungen von Thais Bernardes Shop zu erhalten.<\/span><\/label><\/span><\/span><\/span>\n<\/p>\n<p><input class=\"wpcf7-form-control wpcf7-submit has-spinner\" type=\"submit\" value=\"Senden Sie\" \/>\n<\/p><div class=\"wpcf7-response-output\" aria-hidden=\"true\"><\/div>\n<input type=\"hidden\" name=\"trp-form-language\" value=\"de\"\/><\/form>\n<\/div>\n\n\n\n\t\t<\/div>\n\t\t\t\t\n<style>\n#col-1999338271 > .col-inner {\n  padding: 50px 30px 10px 30px;\n  border-radius: 10px;\n}\n@media (min-width:550px) {\n  #col-1999338271 > .col-inner {\n    padding: 70px 70px 30px 70px;\n  }\n}\n<\/style>\n\t<\/div>\n\n\t\n\n<\/div>\n\n\t\t<\/div>\n\n\t\t\n<style>\n#section_318356732 {\n  padding-top: 0px;\n  padding-bottom: 0px;\n  background-color: #16463f;\n}\n#section_318356732 .section-bg-overlay {\n  background-color: rgba(22, 70, 63, 0.285);\n}\n@media (min-width:550px) {\n  #section_318356732 {\n    padding-top: 90px;\n    padding-bottom: 90px;\n  }\n}\n<\/style>\n\t<\/section>","protected":false},"excerpt":{"rendered":"","protected":false},"author":1,"featured_media":0,"parent":0,"menu_order":0,"comment_status":"closed","ping_status":"closed","template":"page-blank.php","meta":{"footnotes":""},"class_list":["post-10797","page","type-page","status-publish","hentry"],"aioseo_notices":[],"jetpack_sharing_enabled":true,"_links":{"self":[{"href":"https:\/\/thaisbernardes.com\/de\/wp-json\/wp\/v2\/pages\/10797","targetHints":{"allow":["GET"]}}],"collection":[{"href":"https:\/\/thaisbernardes.com\/de\/wp-json\/wp\/v2\/pages"}],"about":[{"href":"https:\/\/thaisbernardes.com\/de\/wp-json\/wp\/v2\/types\/page"}],"author":[{"embeddable":true,"href":"https:\/\/thaisbernardes.com\/de\/wp-json\/wp\/v2\/users\/1"}],"replies":[{"embeddable":true,"href":"https:\/\/thaisbernardes.com\/de\/wp-json\/wp\/v2\/comments?post=10797"}],"version-history":[{"count":7,"href":"https:\/\/thaisbernardes.com\/de\/wp-json\/wp\/v2\/pages\/10797\/revisions"}],"predecessor-version":[{"id":10813,"href":"https:\/\/thaisbernardes.com\/de\/wp-json\/wp\/v2\/pages\/10797\/revisions\/10813"}],"wp:attachment":[{"href":"https:\/\/thaisbernardes.com\/de\/wp-json\/wp\/v2\/media?parent=10797"}],"curies":[{"name":"wp","href":"https:\/\/api.w.org\/{rel}","templated":true}]}}