{"id":11,"date":"2023-06-16T11:26:49","date_gmt":"2023-06-16T11:26:49","guid":{"rendered":"https:\/\/www.nerdsforhire.it\/?page_id=11"},"modified":"2023-06-16T11:28:04","modified_gmt":"2023-06-16T11:28:04","slug":"ruckerstattung_erhalten-2","status":"publish","type":"page","link":"https:\/\/thaisbernardes.com\/de\/rimborso_reso\/","title":{"rendered":"R\u00fcckerstattung und R\u00fcckgabe"},"content":{"rendered":"<div class=\"row row-full-width align-center\"  id=\"row-1343413793\">\n\n\n\t<div id=\"col-2029149059\" class=\"col medium-9 small-12 large-9\"  >\n\t\t\t\t<div class=\"col-inner\"  >\n\t\t\t\n\t\t\t\n\n\n\nVERSAND &amp; R\u00dcCKSENDUNG Thais Bernardes Schmuck\n\nWir bieten Ihnen gerne einen Umtausch oder eine R\u00fcckerstattung innerhalb von 14 Tagen nach dem Kauf an.\n\nOnline gekaufte Produkte m\u00fcssen in einwandfreiem Zustand und in der Originalverpackung an uns zur\u00fcckgeschickt werden, damit wir einen Umtausch oder eine R\u00fcckerstattung vornehmen k\u00f6nnen.\n\nAls Faustregel f\u00fcr alle vergoldeten Silberschmuckst\u00fccke gilt: Da es sich um eine Beschichtung handelt, kann sie mit der Zeit abbl\u00e4ttern, egal wie gut sie hergestellt wurde und auf dem darunter liegenden Metall haftet. F\u00fcr weitere Informationen lesen Sie die <a href=\"https:\/\/thaisbernardes.com\/de\/die-pflege-ihres-schmucks\/\">unser Leitfaden zur Schmuckpflege<\/a>.\n\nAlle Bestellungen werden kostenlos in unseren Kartons verpackt.\n<table width=\"565\">\n<tbody>\n<tr>\n<td>LIEFERM\u00d6GLICHKEIT<\/td>\n<td>PREIS<\/td>\n<td>SERVICE<\/td>\n<\/tr>\n<tr>\n<td>Italien<\/td>\n<td>Kostenfrei \u00fcber 100 \u20ac Ausgaben\n\n15 Euro unter 100 \u20ac Ausgaben<\/td>\n<td>7 Tage<\/td>\n<\/tr>\n<tr>\n<td>Europa<\/td>\n<td>15 Euro<\/td>\n<td>15 Tage<\/td>\n<\/tr>\n<tr>\n<td>Amerika<\/td>\n<td>30 Euro<\/td>\n<td>30 Tage<\/td>\n<\/tr>\n<\/tbody>\n<\/table>\n&nbsp;\n\nVERSAND &amp; R\u00dcCKSENDUNG Thais Bernardes Schmuck:\n\nSchmuck aus 925er Silber und 9 Karat Gold mit h\u00f6chster Qualit\u00e4t, handgefertigt von unseren auf hochwertigen Schmuck spezialisierten Handwerkern.\n\nKontaktieren Sie uns unter info@thaisbernardes.com f\u00fcr weitere Informationen und ma\u00dfgefertigten Schmuck.\n\nDas Schmuckteam von Thais Bernardes wird sein Bestes tun, um auf Ihre W\u00fcnsche einzugehen.\n\n<strong>THAIS BERNARDES<\/strong>\u00a0Gioielli ist eine junge Schmuckmarke, die es in kurzer Zeit geschafft hat, dank der Qualit\u00e4t der f\u00fcr ihren Schmuck verwendeten Materialien, ihres zeitgen\u00f6ssischen Stils und der durch ihre Werbekampagnen und Initiativen vermittelten Botschaften die Aufmerksamkeit und Wertsch\u00e4tzung renommierter Kunden und Gesch\u00e4fte zu gewinnen. Sein Schmuck ist eine Mischung aus Italien und Brasilien, Qualit\u00e4t und Tradition, Detail und Leichtigkeit, Eleganz und Mode, f\u00fcr Frauen mit einem nat\u00fcrlichen Gleichgewicht zwischen \"\u00a0<strong>Schick<\/strong>\u00a0\" e \"<strong>Cool<\/strong>\".\n\n&nbsp;\n\n\n\t\t<\/div>\n\t\t\t\t\t<\/div>\n\n\t\n\n<\/div>","protected":false},"excerpt":{"rendered":"","protected":false},"author":1,"featured_media":0,"parent":0,"menu_order":0,"comment_status":"closed","ping_status":"closed","template":"","meta":{"footnotes":""},"class_list":["post-11","page","type-page","status-publish","hentry"],"aioseo_notices":[],"jetpack_sharing_enabled":true,"_links":{"self":[{"href":"https:\/\/thaisbernardes.com\/de\/wp-json\/wp\/v2\/pages\/11","targetHints":{"allow":["GET"]}}],"collection":[{"href":"https:\/\/thaisbernardes.com\/de\/wp-json\/wp\/v2\/pages"}],"about":[{"href":"https:\/\/thaisbernardes.com\/de\/wp-json\/wp\/v2\/types\/page"}],"author":[{"embeddable":true,"href":"https:\/\/thaisbernardes.com\/de\/wp-json\/wp\/v2\/users\/1"}],"replies":[{"embeddable":true,"href":"https:\/\/thaisbernardes.com\/de\/wp-json\/wp\/v2\/comments?post=11"}],"version-history":[{"count":2,"href":"https:\/\/thaisbernardes.com\/de\/wp-json\/wp\/v2\/pages\/11\/revisions"}],"predecessor-version":[{"id":9582,"href":"https:\/\/thaisbernardes.com\/de\/wp-json\/wp\/v2\/pages\/11\/revisions\/9582"}],"wp:attachment":[{"href":"https:\/\/thaisbernardes.com\/de\/wp-json\/wp\/v2\/media?parent=11"}],"curies":[{"name":"wp","href":"https:\/\/api.w.org\/{rel}","templated":true}]}}