{"id":3,"date":"2023-05-09T14:11:10","date_gmt":"2023-05-09T14:11:10","guid":{"rendered":"https:\/\/www.nerdsforhire.it\/?page_id=3"},"modified":"2024-10-11T09:32:29","modified_gmt":"2024-10-11T07:32:29","slug":"datenschutzbestimmungen","status":"publish","type":"page","link":"https:\/\/thaisbernardes.com\/de\/privacy-policy\/","title":{"rendered":"Datenschutzbestimmungen"},"content":{"rendered":"<div class=\"row row-full-width align-center\"  id=\"row-1032267925\">\n\n\n\n\t<div id=\"col-2056374865\" class=\"col medium-10 small-12 large-10\"  >\n\t\t\t\t<div class=\"col-inner\"  >\n\t\t\t\n\t\t\t\n\n<p>Datum des Inkrafttretens: 05. Januar 2022<br \/>\nDE ANDRADE BERNARDES THAIS (\"wir\" oder \"unser\") betreibt die Website https:\/\/thaisbernardes.com (nachstehend der \"Dienst\").<br \/>\nDiese Seite informiert Sie \u00fcber unsere Richtlinien bez\u00fcglich der Erfassung, Verwendung und Weitergabe von pers\u00f6nlichen Daten, wenn Sie unseren Service nutzen, sowie \u00fcber die Wahlm\u00f6glichkeiten, die Sie im Zusammenhang mit diesen Daten haben.<br \/>\nWir verwenden Ihre Informationen, um den Dienst bereitzustellen und zu verbessern. Durch die Nutzung des Dienstes erkl\u00e4ren Sie sich mit der Erfassung und Nutzung von Informationen in \u00dcbereinstimmung mit dieser Richtlinie einverstanden. Sofern in dieser Datenschutzrichtlinie nicht anders definiert, sind die in dieser Datenschutzrichtlinie verwendeten Begriffe identisch mit unseren Allgemeinen Gesch\u00e4ftsbedingungen, die unter https:\/\/thaisbernardes.com abgerufen werden k\u00f6nnen.<br \/>\nDefinitionen<br \/>\nDienst<br \/>\nDer Dienst ist die Website https:\/\/thaisbernardes.com, die von DE ANDRADE BERNARDES THAIS betrieben wird.<br \/>\nPers\u00f6nliche Daten<br \/>\nPersonenbezogene Daten sind die Daten einer lebenden Person, die anhand dieser Daten (oder anhand dieser und anderer Informationen, die sich in unserem Besitz befinden oder in unseren Besitz gelangen k\u00f6nnen) identifiziert werden kann.<br \/>\nVerwendungsdaten<br \/>\nNutzungsdaten sind die automatisch erhobenen Daten, die durch die Nutzung des Dienstes oder der Infrastruktur des Dienstes selbst erzeugt werden (z. B. die Dauer eines Seitenbesuchs).<br \/>\nCookies<br \/>\nCookies sind kleine Dateien, die auf Ihrem Ger\u00e4t (Computer oder Mobilger\u00e4t) gespeichert werden.<br \/>\nVerantwortlicher f\u00fcr die Datenverarbeitung<br \/>\nDer f\u00fcr die Verarbeitung Verantwortliche ist die nat\u00fcrliche oder juristische Person, die (allein oder gemeinsam mit anderen Personen) bestimmt, zu welchen Zwecken und auf welche Weise personenbezogene Daten verarbeitet werden oder werden sollen.<br \/>\nF\u00fcr die Zwecke dieser Datenschutzrichtlinie sind wir der f\u00fcr die Verarbeitung Ihrer personenbezogenen Daten Verantwortliche.<br \/>\nDatenverarbeiter (oder Dienstanbieter)<br \/>\nDatenverarbeiter (oder Dienstleister) ist jede nat\u00fcrliche oder juristische Person, die Daten im Auftrag des f\u00fcr die Verarbeitung Verantwortlichen verarbeitet.<br \/>\nWir k\u00f6nnen die Dienste verschiedener Dienstleister in Anspruch nehmen, um die Daten effizienter zu verarbeiten.<br \/>\nInteressierte Person (oder Nutzer)<br \/>\nDie betroffene Person ist eine lebende Person, die unseren Dienst nutzt und Gegenstand personenbezogener Daten ist.<br \/>\nSammlung und Verwendung von Informationen<br \/>\nWir sammeln verschiedene Arten von Informationen zu unterschiedlichen Zwecken, um unseren Service bereitzustellen und zu verbessern.<br \/>\nArten von gesammelten Daten<br \/>\nPers\u00f6nliche Daten<br \/>\nBei der Nutzung unseres Dienstes k\u00f6nnen wir Sie bitten, uns bestimmte personenbezogene Daten mitzuteilen, die dazu verwendet werden k\u00f6nnen, Sie zu kontaktieren oder zu identifizieren (\"personenbezogene Daten\"). Pers\u00f6nlich identifizierbare Informationen k\u00f6nnen unter anderem sein:<br \/>\n- E-Mail Adresse<br \/>\n- Vor- und Nachname<br \/>\n- Rufnummer<br \/>\n- Adresse, Bundesland, Provinz, Postleitzahl, Stadt<br \/>\n- Cookies und Nutzungsdaten<br \/>\nWir k\u00f6nnen Ihre pers\u00f6nlichen Daten verwenden, um Ihnen Newsletter, Werbe- oder Marketingmaterial und andere Informationen zukommen zu lassen, die f\u00fcr Sie von Interesse sein k\u00f6nnten. Sie k\u00f6nnen sich gegen den Erhalt einzelner oder aller dieser Mitteilungen von uns entscheiden, indem Sie dem Abmeldelink oder den Anweisungen in den von uns gesendeten E-Mails folgen oder sich mit uns in Verbindung setzen.<br \/>\nVerwendungsdaten<br \/>\nWir k\u00f6nnen auch Informationen dar\u00fcber sammeln, wie Sie auf den Dienst zugreifen und ihn nutzen (\"Nutzungsdaten\"). Diese Nutzungsdaten k\u00f6nnen Informationen wie die Internetprotokolladresse Ihres Computers (z. B. IP-Adresse), den Browsertyp, die Browserversion, die von Ihnen besuchten Seiten unseres Dienstes, die Uhrzeit und das Datum Ihres Besuchs, die auf diesen Seiten verbrachte Zeit, die eindeutige Ger\u00e4tekennung und andere Diagnosedaten umfassen.<br \/>\nStandortdaten<br \/>\nWir k\u00f6nnen Informationen \u00fcber Ihren Standort verwenden und speichern, wenn Sie uns die Erlaubnis dazu erteilen (\"Standortdaten\"). Wir verwenden diese Daten zur Bereitstellung von Funktionen unseres Dienstes und zur Verbesserung und Anpassung unseres Dienstes.<br \/>\nSie k\u00f6nnen die Standortdienste bei der Nutzung unseres Dienstes jederzeit \u00fcber Ihre Ger\u00e4teeinstellungen aktivieren oder deaktivieren.<br \/>\nTracking; Cookie-Daten<br \/>\nWir verwenden Cookies und \u00e4hnliche Tracking-Technologien, um Aktivit\u00e4ten auf unserem Dienst zu verfolgen und bestimmte Informationen zu speichern.<br \/>\nCookies sind Dateien mit einer kleinen Menge von Daten, die eine anonyme eindeutige Kennung enthalten k\u00f6nnen. Cookies werden von einer Website an Ihren Browser gesendet und auf Ihrem Ger\u00e4t gespeichert. Andere verwendete Tracking-Technologien sind Beacons, Tags und Skripte, um Informationen zu sammeln und zu verfolgen und um unseren Service zu verbessern und zu analysieren.<br \/>\nSie k\u00f6nnen Ihren Browser so einstellen, dass alle Cookies abgelehnt werden oder dass er anzeigt, wenn ein Cookie gesendet wird. Wenn Sie jedoch keine Cookies akzeptieren, k\u00f6nnen Sie m\u00f6glicherweise bestimmte Teile unseres Dienstes nicht nutzen.<br \/>\nBeispiele f\u00fcr von uns verwendete Cookies<br \/>\n- Sitzungs-Cookies. Wir verwenden Session-Cookies, um unseren Service zu verwalten.<br \/>\n- Pr\u00e4ferenz-Cookies Wir verwenden Einstellungs-Cookies, um Ihre Pr\u00e4ferenzen und verschiedene Einstellungen zu speichern.<br \/>\n- Sicherheits-Cookies. Wir verwenden Sicherheits-Cookies aus Sicherheitsgr\u00fcnden.<br \/>\nVerwendung von Daten<br \/>\nDE ANDRADE BERNARDES THAIS verwendet die erhobenen Daten f\u00fcr verschiedene Zwecke:<br \/>\n- Zur Bereitstellung und Aufrechterhaltung unseres Dienstes<br \/>\n- Benachrichtigung der Nutzer \u00fcber \u00c4nderungen an den angebotenen Diensten<br \/>\n- Um den Nutzern zu erm\u00f6glichen, interaktive Funktionen unseres Dienstes nach eigenem Ermessen zu nutzen<br \/>\n- Erbringung einer Dienstleistung f\u00fcr Kunden<br \/>\n- Um Analysen oder wertvolle Informationen zu sammeln, damit wir unseren Service verbessern k\u00f6nnen<br \/>\n- Um die Nutzung unseres Dienstes zu \u00fcberwachen<br \/>\n- Erkennen, Vorbeugen und Beheben technischer Probleme<br \/>\n- Zur \u00dcbermittlung von Nachrichten, Sonderangeboten und allgemeinen Informationen \u00fcber andere von uns angebotene Waren, Dienstleistungen und Veranstaltungen, die denen \u00e4hneln, die Sie bereits gekauft haben oder \u00fcber die Sie Informationen angefordert haben, es sei denn, Sie haben sich dagegen entschieden, solche Informationen zu erhalten<br \/>\nRechtsgrundlage f\u00fcr die Verarbeitung personenbezogener Daten gem\u00e4\u00df der Allgemeinen Datenschutzverordnung (DSGVO)<br \/>\nWenn Sie dem Europ\u00e4ischen Wirtschaftsraum (EWR) angeh\u00f6ren, h\u00e4ngt die Rechtsgrundlage, auf der DE ANDRADE BERNARDES THAIS die in dieser Datenschutzrichtlinie beschriebenen personenbezogenen Daten erhebt und verwendet, von den personenbezogenen Daten ab, die wir erheben, und von dem spezifischen Kontext, in dem wir sie erheben.<br \/>\nDE ANDRADE BERNARDES THAIS kann Ihre personenbezogenen Daten verarbeiten, weil:<br \/>\n- Wir m\u00fcssen einen Vertrag mit Ihnen abschlie\u00dfen<br \/>\n- Sie haben uns die Erlaubnis dazu gegeben<br \/>\n- Die Verarbeitung erfolgt im Rahmen unserer berechtigten Interessen und steht nicht im Widerspruch zu Ihren Rechten.<br \/>\n- Dies ist f\u00fcr die Zahlungsabwicklung erforderlich<br \/>\n- Dies ist notwendig, um die gesetzlichen Bestimmungen zu erf\u00fcllen<br \/>\nAufbewahrung von Daten<br \/>\nDE ANDRADE BERNARDES THAIS wird Ihre personenbezogenen Daten nur so lange aufbewahren, wie es f\u00fcr die in dieser Datenschutzerkl\u00e4rung genannten Zwecke erforderlich ist. Wir werden Ihre personenbezogenen Daten in dem Umfang aufbewahren und verwenden, der erforderlich ist, um unseren rechtlichen Verpflichtungen nachzukommen (z. B. wenn wir Ihre Daten aufbewahren m\u00fcssen, um geltende Gesetze einzuhalten), Streitigkeiten beizulegen und unsere Vereinbarungen und rechtlichen Grunds\u00e4tze durchzusetzen.<br \/>\nDE ANDRADE BERNARDES THAIS wird Nutzungsdaten auch f\u00fcr interne Analysezwecke aufbewahren. Nutzungsdaten werden in der Regel f\u00fcr einen k\u00fcrzeren Zeitraum aufbewahrt, es sei denn, diese Daten werden verwendet, um die Sicherheit zu erh\u00f6hen oder die Funktionalit\u00e4t unseres Dienstes zu verbessern, oder wenn wir gesetzlich verpflichtet sind, diese Daten f\u00fcr l\u00e4ngere Zeitr\u00e4ume aufzubewahren.<br \/>\nDaten\u00fcbertragung<br \/>\nIhre Informationen, einschlie\u00dflich personenbezogener Daten, k\u00f6nnen an Computer au\u00dferhalb Ihres Staates, Ihrer Provinz, Ihres Landes oder anderer staatlicher Zust\u00e4ndigkeitsbereiche, in denen sich die Datenschutzgesetze von denen Ihres Zust\u00e4ndigkeitsbereichs unterscheiden k\u00f6nnen, \u00fcbertragen und dort gespeichert werden.<br \/>\nWenn Sie sich au\u00dferhalb Italiens befinden und sich daf\u00fcr entscheiden, uns Informationen zu \u00fcbermitteln, beachten Sie bitte, dass wir Daten, einschlie\u00dflich personenbezogener Daten, nach Italien \u00fcbermitteln und sie dort verarbeiten.<br \/>\nMit Ihrer Zustimmung zu dieser Datenschutzrichtlinie und der anschlie\u00dfenden \u00dcbermittlung solcher Informationen erkl\u00e4ren Sie sich mit der \u00dcbermittlung einverstanden.<br \/>\nDE ANDRADE BERNARDES THAIS wird alle angemessenen Schritte unternehmen, um sicherzustellen, dass Ihre Daten sicher und in \u00dcbereinstimmung mit dieser Datenschutzrichtlinie behandelt werden, und es wird keine \u00dcbermittlung Ihrer pers\u00f6nlichen Daten an eine Organisation oder ein Land erfolgen, es sei denn, es bestehen angemessene Kontrollen Ihrer Daten und anderer pers\u00f6nlicher Informationen.<br \/>\nVerbreitung von Daten<br \/>\nKommerzielle Transaktion<br \/>\nWenn DE ANDRADE BERNARDES THAIS an einer Fusion, einer \u00dcbernahme oder einem Verkauf von Verm\u00f6genswerten beteiligt ist, k\u00f6nnen Ihre personenbezogenen Daten \u00fcbertragen werden. Wir werden Sie benachrichtigen, bevor Ihre pers\u00f6nlichen Daten \u00fcbertragen werden und einer anderen Datenschutzrichtlinie unterliegen.<br \/>\nOffenlegung von Informationen zur Strafverfolgung<br \/>\nUnter bestimmten Umst\u00e4nden kann DE ANDRADE BERNARDES THAIS gezwungen sein, Ihre personenbezogenen Daten offen zu legen, wenn dies gesetzlich vorgeschrieben ist oder als Reaktion auf berechtigte Anfragen von Beh\u00f6rden (z. B. eines Gerichts oder einer Regierungsbeh\u00f6rde).<br \/>\nRechtliche Anforderungen<br \/>\nDE ANDRADE BERNARDES THAIS kann Ihre pers\u00f6nlichen Daten in gutem Glauben offenlegen, da sie der Meinung ist, dass dies notwendig ist, um:<br \/>\n- Erf\u00fcllung einer gesetzlichen Verpflichtung<br \/>\n- Schutz und Verteidigung der Rechte und des Eigentums von DE ANDRADE BERNARDES THAIS<br \/>\n- Vorbeugung oder Untersuchung von m\u00f6glichem Fehlverhalten im Zusammenhang mit dem Dienst<br \/>\n- Schutz der pers\u00f6nlichen Sicherheit von Dienstleistungsnutzern oder der \u00d6ffentlichkeit<br \/>\n- Schutz vor rechtlicher Haftung<br \/>\nDatensicherheit<br \/>\nDie Sicherheit Ihrer Daten ist uns wichtig, aber bedenken Sie, dass keine Methode der \u00dcbertragung \u00fcber das Internet und keine Methode der elektronischen Speicherung 100% sicher ist. Obwohl wir alle wirtschaftlich vertretbaren Ma\u00dfnahmen ergreifen, um Ihre personenbezogenen Daten zu sch\u00fctzen, k\u00f6nnen wir ihre absolute Sicherheit nicht garantieren.<br \/>\nDo Not Track\"-Signale<br \/>\nWir unterst\u00fctzen Do Not Track (\"DNT\") nicht. Do Not Track\" ist eine Einstellung, die Sie in Ihrem Webbrowser vornehmen k\u00f6nnen, um Websites mitzuteilen, dass Sie nicht verfolgt werden m\u00f6chten.<br \/>\nSie k\u00f6nnen das Non-Tracking aktivieren oder deaktivieren, indem Sie die Seite Pr\u00e4ferenzen oder Einstellungen Ihres Webbrowsers aufrufen.<br \/>\nIhre Datenschutzrechte gem\u00e4\u00df der Allgemeinen Datenschutzverordnung (GDPR)<br \/>\nWenn Sie im Europ\u00e4ischen Wirtschaftsraum (EWR) ans\u00e4ssig sind, haben Sie bestimmte Datenschutzrechte. DE ANDRADE BERNARDES THAIS beabsichtigt, angemessene Ma\u00dfnahmen zu ergreifen, um Ihnen die Berichtigung, \u00c4nderung, L\u00f6schung oder Einschr\u00e4nkung der Verwendung Ihrer personenbezogenen Daten zu erm\u00f6glichen.<br \/>\nWenn Sie dar\u00fcber informiert werden m\u00f6chten, welche personenbezogenen Daten wir \u00fcber Sie gespeichert haben, und wenn Sie m\u00f6chten, dass wir diese Daten aus unseren Systemen entfernen, kontaktieren Sie uns bitte.<br \/>\nUnter bestimmten Umst\u00e4nden haben Sie die folgenden Datenschutzrechte:<br \/>\nDas Recht auf Zugang, Aktualisierung oder L\u00f6schung der Informationen, die wir \u00fcber Sie haben. Wenn es m\u00f6glich ist, k\u00f6nnen Sie direkt in den Einstellungen Ihres Kontos auf Ihre personenbezogenen Daten zugreifen, sie aktualisieren oder ihre L\u00f6schung beantragen. Sollten Sie nicht in der Lage sein, diese Aktionen selbst durchzuf\u00fchren, wenden Sie sich bitte an uns, damit wir Ihnen helfen k\u00f6nnen.<br \/>\nRecht auf Berichtigung. Sie haben das Recht, Ihre Daten zu berichtigen, wenn sie unrichtig oder unvollst\u00e4ndig sind.<br \/>\nRecht auf Widerspruch. Sie haben das Recht, der Verarbeitung Ihrer personenbezogenen Daten durch uns zu widersprechen.<br \/>\nRecht auf Einschr\u00e4nkung. Sie haben das Recht, die Einschr\u00e4nkung der Verarbeitung Ihrer personenbezogenen Daten zu verlangen.<br \/>\nRecht auf Daten\u00fcbertragbarkeit. Sie haben das Recht, eine Kopie der Informationen, die wir \u00fcber Sie gespeichert haben, in einem strukturierten, maschinenlesbaren und allgemein gebr\u00e4uchlichen Format zu erhalten.<br \/>\nRecht auf Widerruf der Einwilligung. Sie haben auch das Recht, Ihre Einwilligung jederzeit zu widerrufen, wenn DE ANDRADE BERNARDES THAIS sich auf Ihre Einwilligung zur Verarbeitung Ihrer personenbezogenen Daten verlassen hat.<br \/>\nBitte beachten Sie, dass wir Sie m\u00f6glicherweise auffordern, Ihre Identit\u00e4t zu \u00fcberpr\u00fcfen, bevor wir auf solche Anfragen antworten.<br \/>\nSie haben das Recht, sich bei einer Datenschutzbeh\u00f6rde \u00fcber die Erhebung und Verwendung Ihrer personenbezogenen Daten durch uns zu beschweren. F\u00fcr weitere Informationen wenden Sie sich bitte an Ihre lokale Datenschutzbeh\u00f6rde im Europ\u00e4ischen Wirtschaftsraum (EWR).<br \/>\nAnbieter von Dienstleistungen<br \/>\nWir k\u00f6nnen Drittunternehmen und Einzelpersonen damit beauftragen, unseren Dienst zu erleichtern (\"Dienstanbieter\"), den Dienst in unserem Namen bereitzustellen, Dienstleistungen im Zusammenhang mit den Diensten zu erbringen oder uns bei der Analyse der Nutzung unseres Dienstes zu helfen.<br \/>\nDritte haben nur dann Zugang zu Ihren personenbezogenen Daten, wenn sie diese T\u00e4tigkeiten in unserem Auftrag ausf\u00fchren, und sind verpflichtet, sie nicht weiterzugeben oder f\u00fcr andere Zwecke zu verwenden.<br \/>\nStatistik<br \/>\nWir k\u00f6nnen Drittanbieter damit beauftragen, die Nutzung unseres Dienstes zu \u00fcberwachen und zu analysieren.<br \/>\nGoogle Analytics<br \/>\nGoogle Analytics ist ein von Google angebotener Webanalysedienst, der den Websiteverkehr verfolgt und dar\u00fcber berichtet. Google verwendet die gesammelten Daten, um die Nutzung unseres Dienstes zu verfolgen und zu \u00fcberwachen. Diese Daten werden mit anderen Google-Diensten geteilt. Google kann die gesammelten Daten verwenden, um Anzeigen in seinem eigenen Werbenetzwerk zu kontextualisieren und zu personalisieren.<br \/>\nSie k\u00f6nnen verhindern, dass Ihre Aktivit\u00e4ten auf dem Service Google Analytics zur Verf\u00fcgung gestellt werden, indem Sie das Browser-Add-on Google Analytics opt-out installieren. Das Add-on verhindert, dass Google Analytics JavaScript (ga.js, analytics.js und dc.js) Informationen \u00fcber Besuchsaktivit\u00e4ten mit Google Analytics austauscht.<br \/>\nWeitere Informationen \u00fcber die Datenschutzpraktiken von Google finden Sie auf der Webseite mit den Datenschutzbestimmungen von Google: https:\/\/policies.google.com\/privacy?hl=en<br \/>\nVerhaltensbasiertes Remarketing<br \/>\nDE ANDRADE BERNARDES THAIS nutzt Remarketing-Dienste, um Ihnen gezielt Werbung auf Websites Dritter zu zeigen, nachdem Sie unseren Service besucht haben. Wir und unsere Drittanbieter verwenden Cookies, um Sie auf der Grundlage Ihrer fr\u00fcheren Besuche unseres Dienstes zu informieren, zu optimieren und Werbung zu schalten.<br \/>\nGoogle-Anzeigen (AdWords)<br \/>\nDer Remarketing-Service von Google Ads (AdWords) wird von Google Inc. angeboten.<br \/>\nSie k\u00f6nnen Google Analytics f\u00fcr Display-Werbung deaktivieren und die Anzeigen im Google Display-Netzwerk anpassen, indem Sie die Seite mit den Anzeigeneinstellungen von Google besuchen: http:\/\/www.google.com\/settings\/ads.<br \/>\nGoogle empfiehlt au\u00dferdem, das Deaktivierungs-Browser-Add-on - https:\/\/tools.google.com\/dlpage\/gaoptout - f\u00fcr Ihren Webbrowser zu installieren. Das Google Analytics Deaktivierungs-Browser-Add-on bietet Besuchern die M\u00f6glichkeit, die Erfassung und Nutzung ihrer Daten durch Google Analytics zu verhindern.<br \/>\nWeitere Informationen \u00fcber die Datenschutzpraktiken von Google finden Sie auf der Webseite mit den Datenschutzbestimmungen von Google https:\/\/policies.google.com\/privacy?hl=en.<br \/>\nFacebook<br \/>\nDer Remarketing-Dienst von Facebook wird von der Facebook Inc. angeboten.<br \/>\nSie k\u00f6nnen mehr \u00fcber interessenbasierte Facebook-Werbung erfahren, indem Sie diese Seite besuchen: https:\/\/www.facebook.com\/help\/164968693837950<br \/>\nUm interessenbezogene Facebook-Werbeanzeigen zu deaktivieren, befolgen Sie diese Anweisungen von Facebook: https:\/\/www.facebook.com\/help\/568137493302217<br \/>\nFacebook h\u00e4lt sich an die von der Digital Advertising Alliance aufgestellten Selbstregulierungsgrunds\u00e4tze f\u00fcr verhaltensbezogene Online-Werbung. Sie k\u00f6nnen sich auch \u00fcber die Digital Advertising Alliance in den USA http:\/\/www.aboutads.info\/choices\/, die Digital Advertising Alliance of Canada in Kanada http:\/\/youradchoices.ca\/ oder die European Interactive Digital Advertising Alliance in Europa http:\/\/www.youronlinechoices.eu\/ von Facebook und anderen teilnehmenden Unternehmen abmelden oder dies \u00fcber die Einstellungen Ihres Mobilger\u00e4ts tun.<br \/>\nWeitere Informationen \u00fcber die Datenschutzpraktiken von Facebook finden Sie in der Datenschutzrichtlinie von Facebook: https:\/\/www.facebook.com\/privacy\/explanation<br \/>\nZahlungen<br \/>\nWir k\u00f6nnen im Rahmen des Dienstes kostenpflichtige Produkte und\/oder Dienstleistungen anbieten. In diesem Fall nutzen wir Dienstleistungen Dritter f\u00fcr die Zahlungsabwicklung (z. B. Zahlungsabwickler).<br \/>\nWir speichern oder erfassen Ihre Zahlungskartendaten nicht. Diese Informationen werden direkt an unsere externen Zahlungsabwickler weitergegeben, deren Verwendung Ihrer pers\u00f6nlichen Daten durch deren Datenschutzrichtlinien geregelt ist. Diese Zahlungsabwickler halten sich an die Standards des PCI-DSS, der vom PCI Security Standards Council verwaltet wird, einer gemeinsamen Initiative von Marken wie Visa, MasterCard, American Express und Discover. Die PCI-DSS-Anforderungen tragen dazu bei, den sicheren Umgang mit Zahlungsdaten zu gew\u00e4hrleisten.<br \/>\nWir arbeiten mit den folgenden Zahlungsdienstleistern zusammen:<br \/>\nPayPal \/ Braintree<br \/>\nIhre Privatsph\u00e4re ist unter https:\/\/www.paypal.com\/webapps\/mpp\/ua\/privacy-full abrufbar.<br \/>\nLinks zu anderen Websites<br \/>\nUnser Service kann Links zu anderen Websites enthalten, die nicht von uns betrieben werden. Wenn Sie auf einen Link einer dritten Partei klicken, werden Sie auf die Seite dieser dritten Partei weitergeleitet. Wir empfehlen Ihnen dringend, die Datenschutzrichtlinien jeder Seite, die Sie besuchen, zu lesen.<br \/>\nWir haben keine Kontrolle \u00fcber und \u00fcbernehmen keine Verantwortung f\u00fcr den Inhalt, die Datenschutzrichtlinien oder die Praktiken von Websites oder Diensten Dritter.<br \/>\nPrivatsph\u00e4re von Minderj\u00e4hrigen<br \/>\nUnser Dienst ist nicht f\u00fcr Kinder unter 18 Jahren (\"Kinder\") bestimmt.<br \/>\nWir sammeln nicht wissentlich pers\u00f6nliche Daten von Benutzern unter 18 Jahren. Wenn Sie ein Elternteil oder Erziehungsberechtigter sind und wissen, dass Ihr Kind uns personenbezogene Daten zur Verf\u00fcgung gestellt hat, kontaktieren Sie uns bitte. Wenn uns bekannt wird, dass wir personenbezogene Daten von Minderj\u00e4hrigen ohne \u00dcberpr\u00fcfung der elterlichen Zustimmung erfasst haben, werden wir Ma\u00dfnahmen ergreifen, um diese Informationen von unseren Servern zu entfernen.<br \/>\n\u00c4nderungen an dieser Datenschutzrichtlinie<br \/>\nWir k\u00f6nnen unsere Datenschutzrichtlinie von Zeit zu Zeit aktualisieren. Wir werden Sie \u00fcber alle \u00c4nderungen informieren, indem wir die neue Datenschutzrichtlinie auf dieser Seite ver\u00f6ffentlichen.<br \/>\nWir werden Sie per E-Mail und\/oder durch einen auff\u00e4lligen Hinweis in unserem Service informieren, bevor die \u00c4nderung in Kraft tritt, und das Datum des Inkrafttretens oben in dieser Datenschutzrichtlinie aktualisieren.<br \/>\nWir empfehlen Ihnen, diese Datenschutzrichtlinie regelm\u00e4\u00dfig auf \u00c4nderungen zu \u00fcberpr\u00fcfen. \u00c4nderungen an dieser Datenschutzrichtlinie treten zu dem Zeitpunkt in Kraft, an dem sie auf dieser Seite ver\u00f6ffentlicht werden.<br \/>\nKontakt<br \/>\nWenn Sie Fragen zu dieser Datenschutzrichtlinie haben, wenden Sie sich bitte an uns:<br \/>\n- Per E-Mail: support@thaisbernardes.com<br \/>\n- Besuchen Sie diese Seite auf unserer Website: https:\/\/thaisbernardes.com\/contatti\/<\/p>\n\n\n\t\t<\/div>\n\t\t\t\t\t<\/div>\n\n\t\n\n<\/div>","protected":false},"excerpt":{"rendered":"","protected":false},"author":1,"featured_media":0,"parent":0,"menu_order":0,"comment_status":"closed","ping_status":"open","template":"","meta":{"footnotes":""},"class_list":["post-3","page","type-page","status-publish","hentry"],"aioseo_notices":[],"jetpack_sharing_enabled":true,"_links":{"self":[{"href":"https:\/\/thaisbernardes.com\/de\/wp-json\/wp\/v2\/pages\/3","targetHints":{"allow":["GET"]}}],"collection":[{"href":"https:\/\/thaisbernardes.com\/de\/wp-json\/wp\/v2\/pages"}],"about":[{"href":"https:\/\/thaisbernardes.com\/de\/wp-json\/wp\/v2\/types\/page"}],"author":[{"embeddable":true,"href":"https:\/\/thaisbernardes.com\/de\/wp-json\/wp\/v2\/users\/1"}],"replies":[{"embeddable":true,"href":"https:\/\/thaisbernardes.com\/de\/wp-json\/wp\/v2\/comments?post=3"}],"version-history":[{"count":4,"href":"https:\/\/thaisbernardes.com\/de\/wp-json\/wp\/v2\/pages\/3\/revisions"}],"predecessor-version":[{"id":11280,"href":"https:\/\/thaisbernardes.com\/de\/wp-json\/wp\/v2\/pages\/3\/revisions\/11280"}],"wp:attachment":[{"href":"https:\/\/thaisbernardes.com\/de\/wp-json\/wp\/v2\/media?parent=3"}],"curies":[{"name":"wp","href":"https:\/\/api.w.org\/{rel}","templated":true}]}}