{"id":9245,"date":"2013-08-11T19:06:15","date_gmt":"2013-08-11T19:06:15","guid":{"rendered":"http:\/\/localhost:8888\/test\/?page_id=520"},"modified":"2023-06-06T12:26:04","modified_gmt":"2023-06-06T12:26:04","slug":"uber","status":"publish","type":"page","link":"https:\/\/thaisbernardes.com\/de\/about\/","title":{"rendered":"\u00dcber"},"content":{"rendered":"<section class=\"section\" id=\"section_1251753773\">\n\t\t<div class=\"section-bg fill\" >\n\t\t\t\t\t\t\t\t\t<div class=\"section-bg-overlay absolute fill\"><\/div>\n\t\t\t\n\n\t\t<\/div>\n\n\t\t\n\n\t\t<div class=\"section-content relative\">\n\t\t\t\n\n<div class=\"row\" style=\"max-width:1200px\" id=\"row-1989007364\">\n\n\n\t<div id=\"col-911857944\" class=\"col medium-5 small-12 large-5\"  >\n\t\t\t\t<div class=\"col-inner\"  >\n\t\t\t\n\t\t\t\n\n\t<div id=\"gap-1297915074\" class=\"gap-element clearfix\" style=\"display:block; height:auto;\">\n\t\t\n<style>\n#gap-1297915074 {\n  padding-top: 0px;\n}\n@media (min-width:850px) {\n  #gap-1297915074 {\n    padding-top: 30px;\n  }\n}\n<\/style>\n\t<\/div>\n\t\n\n\n\t\t<\/div>\n\t\t\t\t\t<\/div>\n\n\t\n\n\t<div id=\"col-541827441\" class=\"col medium-12 small-12 large-7\"  >\n\t\t\t\t<div class=\"col-inner\"  >\n\t\t\t\n\t\t\t\n\n\t<div id=\"gap-1816670804\" class=\"gap-element clearfix\" style=\"display:block; height:auto;\">\n\t\t\n<style>\n#gap-1816670804 {\n  padding-top: 30px;\n}\n<\/style>\n\t<\/div>\n\t\n\n\t<div id=\"text-1972757664\" class=\"text\">\n\t\t\n\n<h6><span style=\"color: #ffffff;\">Thais Bernardes<\/span><\/h6>\n\t\t\n<style>\n#text-1972757664 {\n  font-size: 1rem;\n}\n@media (min-width:550px) {\n  #text-1972757664 {\n    font-size: 1.25rem;\n  }\n}\n<\/style>\n\t<\/div>\n\t\n\t<div id=\"text-3705544513\" class=\"text\">\n\t\t\n\n<h1><span style=\"color: #ffffff;\">Die Marke<\/span><\/h1>\n\t\t\n<style>\n#text-3705544513 {\n  font-size: 2.05rem;\n}\n@media (min-width:550px) {\n  #text-3705544513 {\n    font-size: 3rem;\n  }\n}\n<\/style>\n\t<\/div>\n\t\n\n\t\t<\/div>\n\t\t\t\t\n<style>\n#col-541827441 > .col-inner {\n  padding: 0px 0px 0px 0;\n}\n@media (min-width:550px) {\n  #col-541827441 > .col-inner {\n    padding: 0px 0px 0px 30px;\n  }\n}\n<\/style>\n\t<\/div>\n\n\t\n\n<\/div>\n\n\t\t<\/div>\n\n\t\t\n<style>\n#section_1251753773 {\n  padding-top: 30px;\n  padding-bottom: 30px;\n  min-height: 300px;\n  background-color: #16463f;\n}\n#section_1251753773 .section-bg-overlay {\n  background-color: rgba(22, 70, 63, 0.477);\n}\n@media (min-width:550px) {\n  #section_1251753773 {\n    min-height: 450px;\n  }\n}\n@media (min-width:850px) {\n  #section_1251753773 {\n    min-height: 500px;\n  }\n}\n<\/style>\n\t<\/section>\n\t\n<div class=\"row\" style=\"max-width:1200px\" id=\"row-1015465297\">\n\n\n\t<div id=\"col-956881325\" class=\"col medium-12 small-12 large-5\"  >\n\t\t\t\t<div class=\"col-inner\"  >\n\t\t\t\n\t\t\t\n\n\n  <div class=\"banner has-hover\" id=\"banner-1800030140\">\n          <div class=\"banner-inner fill\">\n        <div class=\"banner-bg fill\" >\n            <img data-recalc-dims=\"1\" loading=\"lazy\" decoding=\"async\" width=\"800\" height=\"800\" src=\"https:\/\/i0.wp.com\/thaisbernardes.com\/wp-content\/uploads\/2021\/01\/Thais1.jpg?resize=800%2C800&#038;ssl=1\" class=\"bg attachment-original size-original\" alt=\"Thais Bernardes Schmuckdesignerin\" \/>                                    \n                    <\/div>\n\t\t\n        <div class=\"banner-layers container\">\n            <div class=\"fill banner-link\"><\/div>            \n\n\n        <\/div>\n      <\/div>\n\n            \n<style>\n#banner-1800030140 {\n  padding-top: 300px;\n  background-color: rgb(255, 255, 255);\n}\n#banner-1800030140 .banner-bg img {\n  object-position: 50% 56%;\n}\n@media (min-width:550px) {\n  #banner-1800030140 {\n    padding-top: 500px;\n  }\n}\n@media (min-width:850px) {\n  #banner-1800030140 {\n    padding-top: 650px;\n  }\n}\n<\/style>\n  <\/div>\n\n\n\t<div id=\"gap-2033304936\" class=\"gap-element clearfix\" style=\"display:block; height:auto;\">\n\t\t\n<style>\n#gap-2033304936 {\n  padding-top: 0px;\n}\n@media (min-width:850px) {\n  #gap-2033304936 {\n    padding-top: 100px;\n  }\n}\n<\/style>\n\t<\/div>\n\t\n\n\n\t\t<\/div>\n\t\t\t\t\n<style>\n#col-956881325 > .col-inner {\n  margin: -100px 0px 0px 0px;\n}\n@media (min-width:550px) {\n  #col-956881325 > .col-inner {\n    margin: -150px 0px 0px 0px;\n  }\n}\n@media (min-width:850px) {\n  #col-956881325 > .col-inner {\n    margin: -400px 0px 0px 0px;\n  }\n}\n<\/style>\n\t<\/div>\n\n\t\n\n\t<div id=\"col-1060869148\" class=\"col medium-11 small-12 large-7\"  >\n\t\t\t\t<div class=\"col-inner\"  >\n\t\t\t\n\t\t\t\n\n\t<div id=\"gap-158514085\" class=\"gap-element clearfix\" style=\"display:block; height:auto;\">\n\t\t\n<style>\n#gap-158514085 {\n  padding-top: 30px;\n}\n<\/style>\n\t<\/div>\n\t\n\n<h4><em>\"Ich habe von den Italienern gelernt, Details zu sch\u00e4tzen und in Qualit\u00e4t zu investieren. Mein Schmuck folgt einem zeitgen\u00f6ssischen Stil f\u00fcr Frauen, die gleichzeitig mit Eleganz und Leichtigkeit die Mode diktieren wollen\", so Thais, Kreativdirektorin und CEO.<\/em><\/h4>\n\n\t\t<\/div>\n\t\t\t\t\n<style>\n#col-1060869148 > .col-inner {\n  padding: 0px 0px 0px 0;\n}\n@media (min-width:550px) {\n  #col-1060869148 > .col-inner {\n    padding: 0px 0px 0px 30px;\n  }\n}\n<\/style>\n\t<\/div>\n\n\t\n\n<\/div>\n\n\t<section class=\"section\" id=\"section_276126131\">\n\t\t<div class=\"section-bg fill\" >\n\t\t\t\t\t\t\t\t\t\n\t\t\t\n\n\t\t<\/div>\n\n\t\t\n\n\t\t<div class=\"section-content relative\">\n\t\t\t\n\n<div class=\"row\" style=\"max-width:1200px\" id=\"row-1636170849\">\n\n\n\t<div id=\"col-598543152\" class=\"col small-12 large-12\"  >\n\t\t\t\t<div class=\"col-inner\"  >\n\t\t\t\n\t\t\t\n\n\t<div id=\"text-866068795\" class=\"text\">\n\t\t\n\n<h1>Ein bisschen Geschichte<\/h1>\n\t\t\n<style>\n#text-866068795 {\n  font-size: 1.75rem;\n  text-align: center;\n}\n<\/style>\n\t<\/div>\n\t\n<p>Thais verbrachte ihre Kindheit umgeben von den Farben und der Sch\u00f6nheit von Natursteinen.<br \/>\nBrasilianerin, geboren und aufgewachsen in Minas Gerais, dem gr\u00f6\u00dften Produzenten nat\u00fcrlicher Edelsteine unter den brasilianischen Bundesstaaten. Seit ihrer Kindheit hat sie die Vielfalt, die Nuancen, die Materialien und den Reichtum der Edelsteine sch\u00e4tzen und lieben gelernt. Zusammen mit der Natur, der Herzlichkeit der Menschen, der Weite der atemberaubenden Landschaften, die Teil ihres Erbes sind, bis zu dem Moment, als sie Brasilien verlie\u00df, um die Welt als professionelles Model zu sehen.<\/p>\n<p>Aus diesem Grund absolvierte sie parallel zu ihrer Modelkarriere ein Studium der Gemmologie und des Schmuckdesigns und erwarb au\u00dferdem einen Master in Fashion Brand Management in Mailand. All ihre Erfahrungen und Kenntnisse sowie ihre Liebe zu farbigen Steinen veranlassten Thais, 2015 die Marke zu gr\u00fcnden, die ihren Namen tr\u00e4gt. Der Schmuck von THAIS BERNARDES zeichnet sich durch ein einzigartiges Design aus, das aus wertvollen Materialien und nat\u00fcrlichen Steinen besteht und bei dem italienische Handwerkskunst mit der Inspiration der brasilianischen Natur zu unnachahmlichen Objekten kombiniert wird.<\/p>\n<p>Jede ihrer Kollektionen verk\u00f6rpert eine tief verwurzelte Bedeutung, die Thais auch durch ihren Schmuck in die Welt tragen m\u00f6chte.<\/p>\n<p>Ein Beispiel daf\u00fcr ist die Feder, die wir auch im Logo der Marke wiederfinden. \"Als ich noch ein Kind war, schenkte mir meine Gro\u00dfmutter eine blaue Feder, die ich mir als Gl\u00fccksbringer um den Hals h\u00e4ngen sollte. Diese Feder war f\u00fcr die indigenen V\u00f6lker des Amazonas ein Symbol f\u00fcr Freiheit und Mut. Von diesem Tag an war mir klar, dass ich diese vernachl\u00e4ssigte Kultur weitergeben musste, und ich erkannte, wie wichtig es ist, Traditionen und Symbole von Generation zu Generation weiterzugeben, um zu verhindern, dass sie sich mit der Zeit aufl\u00f6sen, vor allem jetzt, wo wir in einer allzu schnelllebigen Welt leben\".<\/p>\n\n\t\t<\/div>\n\t\t\t\t\t<\/div>\n\n\t\n\n<\/div>\n\t<div id=\"gap-76551167\" class=\"gap-element clearfix\" style=\"display:block; height:auto;\">\n\t\t\n<style>\n#gap-76551167 {\n  padding-top: 30px;\n}\n<\/style>\n\t<\/div>\n\t\n\n\n\t\t<\/div>\n\n\t\t\n<style>\n#section_276126131 {\n  padding-top: 80px;\n  padding-bottom: 80px;\n  background-color: rgb(242, 238, 241);\n}\n<\/style>\n\t<\/section>\n\t\n\n\t<section class=\"section\" id=\"section_1009530475\">\n\t\t<div class=\"section-bg fill\" >\n\t\t\t\t\t\t\t\t\t\n\t\t\t\n\n\t\t<\/div>\n\n\t\t\n\n\t\t<div class=\"section-content relative\">\n\t\t\t\n\n<div class=\"row\" style=\"max-width:1200px\" id=\"row-1622812900\">\n\n\n\t<div id=\"col-808438954\" class=\"col small-12 large-12 small-col-first\"  >\n\t\t\t\t<div class=\"col-inner\"  >\n\t\t\t\n\t\t\t\n\n\n  <div class=\"banner has-hover\" id=\"banner-893768726\">\n          <div class=\"banner-inner fill\">\n        <div class=\"banner-bg fill\" >\n            <img loading=\"lazy\" decoding=\"async\" width=\"1020\" height=\"680\" src=\"https:\/\/i0.wp.com\/thaisbernardes.com\/wp-content\/uploads\/2023\/06\/Foto-Thais-scaled-1.jpg?fit=1020%2C680&amp;ssl=1\" class=\"bg attachment-large size-large\" alt=\"\" \/>                                    \n                    <\/div>\n\t\t\n        <div class=\"banner-layers container\">\n            <div class=\"fill banner-link\"><\/div>            \n\n\n        <\/div>\n      <\/div>\n\n            \n<style>\n#banner-893768726 {\n  padding-top: 220px;\n  background-color: rgb(255, 255, 255);\n}\n#banner-893768726 .banner-bg img {\n  object-position: 48% 23%;\n}\n@media (min-width:550px) {\n  #banner-893768726 {\n    padding-top: 350px;\n  }\n}\n@media (min-width:850px) {\n  #banner-893768726 {\n    padding-top: 778px;\n  }\n}\n<\/style>\n  <\/div>\n\n\n\n\t\t<\/div>\n\t\t\t\t\n<style>\n#col-808438954 > .col-inner {\n  margin: -120px 0px 0px 0px;\n}\n<\/style>\n\t<\/div>\n\n\t\n\n<\/div>\n\n\t\t<\/div>\n\n\t\t\n<style>\n#section_1009530475 {\n  padding-top: 30px;\n  padding-bottom: 30px;\n}\n<\/style>\n\t<\/section>\n\t\n\n\t<section class=\"section dark\" id=\"section_1796089258\">\n\t\t<div class=\"section-bg fill\" >\n\t\t\t\t\t\t\t\t\t\n\t\t\t\n\n\t\t<\/div>\n\n\t\t\n\n\t\t<div class=\"section-content relative\">\n\t\t\t\n\n<div class=\"row align-bottom\" style=\"max-width:1200px\" id=\"row-1047557252\">\n\n\n\t<div id=\"col-641628534\" class=\"col medium-12 small-12 large-6\"  >\n\t\t\t\t<div class=\"col-inner\"  >\n\t\t\t\n\t\t\t\n\n\t<div id=\"text-2259881973\" class=\"text\">\n\t\t\n\n<h6>Thais' Blog<\/h6>\n\t\t\n<style>\n#text-2259881973 {\n  font-size: 1.1rem;\n  text-align: left;\n}\n<\/style>\n\t<\/div>\n\t\n\t<div id=\"text-932181614\" class=\"text\">\n\t\t\n\n<h2>Folgen Sie meinem Blog, um auf dem Laufenden zu bleiben<\/h><\/p>\n\t\t\n<style>\n#text-932181614 {\n  font-size: 1.75rem;\n}\n@media (min-width:550px) {\n  #text-932181614 {\n    font-size: 1.5rem;\n  }\n}\n<\/style>\n\t<\/div>\n\t\n\n\t\t<\/div>\n\t\t\t\t\t<\/div>\n\n\t\n\n\t<div id=\"col-1503683562\" class=\"col medium-12 small-12 large-6\"  >\n\t\t\t\t<div class=\"col-inner\"  >\n\t\t\t\n\t\t\t\n\n<a class=\"button white expand\" style=\"padding:5px 0px 5px 0px;\">\n\t\t<span>Blog<\/span>\n\t<\/a>\n\n\n\n\t\t<\/div>\n\t\t\t\t\n<style>\n#col-1503683562 > .col-inner {\n  padding: 0px 0px 0px 0;\n  margin: 0 0px 0px 0px;\n}\n@media (min-width:850px) {\n  #col-1503683562 > .col-inner {\n    padding: 0px 0px 0px 30px;\n    margin: -70px 0px 0px 0px;\n  }\n}\n<\/style>\n\t<\/div>\n\n\t\n\n<\/div>\n\n\t\t<\/div>\n\n\t\t\n<style>\n#section_1796089258 {\n  padding-top: 80px;\n  padding-bottom: 80px;\n  background-color: #16463f;\n}\n<\/style>\n\t<\/section>","protected":false},"excerpt":{"rendered":"","protected":false},"author":1,"featured_media":9172,"parent":0,"menu_order":0,"comment_status":"closed","ping_status":"closed","template":"page-blank.php","meta":{"footnotes":""},"class_list":["post-9245","page","type-page","status-publish","has-post-thumbnail","hentry"],"aioseo_notices":[],"jetpack_sharing_enabled":true,"_links":{"self":[{"href":"https:\/\/thaisbernardes.com\/de\/wp-json\/wp\/v2\/pages\/9245","targetHints":{"allow":["GET"]}}],"collection":[{"href":"https:\/\/thaisbernardes.com\/de\/wp-json\/wp\/v2\/pages"}],"about":[{"href":"https:\/\/thaisbernardes.com\/de\/wp-json\/wp\/v2\/types\/page"}],"author":[{"embeddable":true,"href":"https:\/\/thaisbernardes.com\/de\/wp-json\/wp\/v2\/users\/1"}],"replies":[{"embeddable":true,"href":"https:\/\/thaisbernardes.com\/de\/wp-json\/wp\/v2\/comments?post=9245"}],"version-history":[{"count":8,"href":"https:\/\/thaisbernardes.com\/de\/wp-json\/wp\/v2\/pages\/9245\/revisions"}],"predecessor-version":[{"id":9493,"href":"https:\/\/thaisbernardes.com\/de\/wp-json\/wp\/v2\/pages\/9245\/revisions\/9493"}],"wp:featuredmedia":[{"embeddable":true,"href":"https:\/\/thaisbernardes.com\/de\/wp-json\/wp\/v2\/media\/9172"}],"wp:attachment":[{"href":"https:\/\/thaisbernardes.com\/de\/wp-json\/wp\/v2\/media?parent=9245"}],"curies":[{"name":"wp","href":"https:\/\/api.w.org\/{rel}","templated":true}]}}