{"id":9570,"date":"2023-06-16T10:31:53","date_gmt":"2023-06-16T10:31:53","guid":{"rendered":"https:\/\/www.nerdsforhire.it\/?page_id=9570"},"modified":"2023-06-16T10:44:56","modified_gmt":"2023-06-16T10:44:56","slug":"ruckerstattung-und-umtausch","status":"publish","type":"page","link":"https:\/\/thaisbernardes.com\/de\/rimborsi-e-cambi\/","title":{"rendered":"R\u00fcckerstattung und Umtausch"},"content":{"rendered":"<div class=\"row align-center\"  id=\"row-113746316\">\n\n\n\t<div id=\"col-290187032\" class=\"col medium-10 small-12 large-8\"  >\n\t\t\t\t<div class=\"col-inner text-center\"  >\n\t\t\t\n\t\t\t\n\n<h1>R\u00fcckerstattung und Umtausch von Waren<\/h1>\n<p><span style=\"font-size: 140%;\"><span style=\"font-size: 100%;\">Um eine R\u00fcckerstattung zu erhalten oder eine Gr\u00f6\u00dfen-\/Farb\u00e4nderung vorzunehmen, f\u00fcllen Sie bitte das folgende Formular vollst\u00e4ndig aus. Wir werden uns dann innerhalb von 24 Stunden mit Ihnen in Verbindung setzen.<\/span><\/span><\/p>\n<p><span style=\"font-size: 140%;\"><span style=\"font-size: 100%;\">Bitte beachten Sie, dass wir R\u00fccksendungen sp\u00e4testens 14 Tage nach dem Versanddatum akzeptieren und dass der Name der Anfrage mit der Bestellung \u00fcbereinstimmen muss.<\/span><br \/><\/span><\/p>\n\n\t\t<\/div>\n\t\t\t\t\n<style>\n#col-290187032 > .col-inner {\n  margin: 14px 0px -10px 0px;\n}\n<\/style>\n\t<\/div>\n\n\t\n\n<\/div>\n\n\t<section class=\"section dark\" id=\"section_1963905510\">\n\t\t<div class=\"section-bg fill\" >\n\t\t\t\t\t\t\t\t\t\n\t\t\t\n\n\t\t<\/div>\n\n\t\t\n\n\t\t<div class=\"section-content relative\">\n\t\t\t\n\n<div class=\"row row-collapse align-center\"  id=\"row-1226664061\">\n\n\n\t<div id=\"col-2069059462\" class=\"col medium-8 small-12 large-8\"  >\n\t\t\t\t<div class=\"col-inner\"  >\n\t\t\t\n\t\t\t\n\n\n  <div class=\"banner has-hover\" id=\"banner-751031812\">\n          <div class=\"banner-inner fill\">\n        <div class=\"banner-bg fill\" >\n                                                \n                    <\/div>\n\t\t\n        <div class=\"banner-layers container\">\n            <div class=\"fill banner-link\"><\/div>            \n\n   <div id=\"text-box-1249110122\" class=\"text-box banner-layer x50 md-x50 lg-x50 y50 md-y50 lg-y50 res-text\">\n                                <div class=\"text-box-content text dark\">\n              \n              <div class=\"text-inner text-center\">\n                  \n\n\n<div class=\"wpcf7 no-js\" id=\"wpcf7-f9576-o1\" lang=\"it-IT\" dir=\"ltr\" data-wpcf7-id=\"9576\">\n<div class=\"screen-reader-response\"><p role=\"status\" aria-live=\"polite\" aria-atomic=\"true\"><\/p> <ul><\/ul><\/div>\n<form action=\"\/de\/wp-json\/wp\/v2\/pages\/9570#wpcf7-f9576-o1\" method=\"post\" class=\"wpcf7-form init\" aria-label=\"Kontakt-Formular\" novalidate=\"novalidate\" data-status=\"init\" data-trp-original-action=\"\/de\/wp-json\/wp\/v2\/pages\/9570#wpcf7-f9576-o1\">\n<fieldset class=\"hidden-fields-container\"><input type=\"hidden\" name=\"_wpcf7\" value=\"9576\" \/><input type=\"hidden\" name=\"_wpcf7_version\" value=\"6.1.5\" \/><input type=\"hidden\" name=\"_wpcf7_locale\" value=\"it_IT\" \/><input type=\"hidden\" name=\"_wpcf7_unit_tag\" value=\"wpcf7-f9576-o1\" \/><input type=\"hidden\" name=\"_wpcf7_container_post\" value=\"0\" \/><input type=\"hidden\" name=\"_wpcf7_posted_data_hash\" value=\"\" \/>\n<\/fieldset>\n<p><label> Name<br \/>\n<span class=\"wpcf7-form-control-wrap\" data-name=\"your-name\"><input size=\"40\" maxlength=\"400\" class=\"wpcf7-form-control wpcf7-text wpcf7-validates-as-required\" aria-required=\"true\" aria-invalid=\"false\" value=\"\" type=\"text\" name=\"your-name\" \/><\/span> <\/label>\n<\/p>\n<p><label> Nachname<br \/>\n<span class=\"wpcf7-form-control-wrap\" data-name=\"your-surname\"><input size=\"40\" maxlength=\"400\" class=\"wpcf7-form-control wpcf7-text wpcf7-validates-as-required\" aria-required=\"true\" aria-invalid=\"false\" value=\"\" type=\"text\" name=\"your-surname\" \/><\/span> <\/label>\n<\/p>\n<p><label> Bestellnummer<br \/>\n<span class=\"wpcf7-form-control-wrap\" data-name=\"Ordernr-335\"><input size=\"40\" maxlength=\"400\" class=\"wpcf7-form-control wpcf7-text wpcf7-validates-as-required\" aria-required=\"true\" aria-invalid=\"false\" placeholder=\"#00000\" value=\"\" type=\"text\" name=\"Ordernr-335\" \/><\/span> <\/label>\n<\/p>\n<p><label> Name des Modells<br \/>\n<span class=\"wpcf7-form-control-wrap\" data-name=\"model-name\"><input size=\"40\" maxlength=\"400\" class=\"wpcf7-form-control wpcf7-text wpcf7-validates-as-required\" aria-required=\"true\" aria-invalid=\"false\" value=\"\" type=\"text\" name=\"model-name\" \/><\/span> <\/label>\n<\/p>\n<p><label> Grund f\u00fcr die R\u00fcckgabe:<br \/>\n<span class=\"wpcf7-form-control-wrap\" data-name=\"Reasons-90\"><select class=\"wpcf7-form-control wpcf7-select wpcf7-validates-as-required\" aria-required=\"true\" aria-invalid=\"false\" name=\"Reasons-90\"><option value=\"Il materiale \u00e8 sbagliato\">Das Material ist falsch<\/option><option value=\"Sembra diverso dalla foto sul sito\">Sieht anders aus als auf dem Foto auf der Website<\/option><option value=\"Ricevuto in ritardo\">Versp\u00e4tet eingetroffen<\/option><option value=\"Difettoso\">Defekte<\/option><option value=\"Ho ricevuto il prodotto sbagliato\">Ich habe das falsche Produkt erhalten<\/option><\/select><\/span> <\/label>\n<\/p>\n<p><label> Ich beantrage eine:<br \/>\n<span class=\"wpcf7-form-control-wrap\" data-name=\"Askfor-563\"><select class=\"wpcf7-form-control wpcf7-select wpcf7-validates-as-required\" aria-required=\"true\" aria-invalid=\"false\" name=\"Askfor-563\"><option value=\"Rimborso\">Erstattung<\/option><option value=\"Cambio\">\u00c4ndern Sie<\/option><\/select><\/span> <\/label>\n<\/p>\n<p><label> E-Mail<br \/>\n<span class=\"wpcf7-form-control-wrap\" data-name=\"your-email\"><input size=\"40\" maxlength=\"400\" class=\"wpcf7-form-control wpcf7-email wpcf7-validates-as-required wpcf7-text wpcf7-validates-as-email\" aria-required=\"true\" aria-invalid=\"false\" value=\"\" type=\"email\" name=\"your-email\" \/><\/span> <\/label>\n<\/p>\n<p><label> Telefon<br \/>\n<span class=\"wpcf7-form-control-wrap\" data-name=\"tel-659\"><input size=\"40\" maxlength=\"400\" class=\"wpcf7-form-control wpcf7-tel wpcf7-validates-as-required wpcf7-text wpcf7-validates-as-tel\" aria-required=\"true\" aria-invalid=\"false\" value=\"\" type=\"tel\" name=\"tel-659\" \/><\/span> <\/label>\n<\/p>\n<p><span class=\"wpcf7-form-control-wrap\" data-name=\"Agree\"><span class=\"wpcf7-form-control wpcf7-checkbox wpcf7-validates-as-required\"><span class=\"wpcf7-list-item first last\"><input type=\"checkbox\" name=\"Agree[]\" value=\"Accetto la Politica della Privacy di Thaisbernardes.it\" \/><span class=\"wpcf7-list-item-label\">Ich akzeptiere die Datenschutzbestimmungen von Thaisbernardes.co.uk<\/span><\/span><\/span><\/span><input class=\"wpcf7-form-control wpcf7-submit has-spinner\" type=\"submit\" value=\"Anfrage senden\" \/>\n<\/p><div class=\"wpcf7-response-output\" aria-hidden=\"true\"><\/div>\n<input type=\"hidden\" name=\"trp-form-language\" value=\"de\"\/><\/form>\n<\/div>\n\n\n\n              <\/div>\n           <\/div>\n                            \n<style>\n#text-box-1249110122 {\n  width: 90%;\n}\n#text-box-1249110122 .text-box-content {\n  font-size: 129%;\n}\n@media (min-width:550px) {\n  #text-box-1249110122 {\n    width: 69%;\n  }\n}\n<\/style>\n    <\/div>\n \n\n        <\/div>\n      <\/div>\n\n            \n<style>\n#banner-751031812 {\n  padding-top: 205%;\n}\n@media (min-width:550px) {\n  #banner-751031812 {\n    padding-top: 138%;\n  }\n}\n@media (min-width:850px) {\n  #banner-751031812 {\n    padding-top: 130%;\n  }\n}\n<\/style>\n  <\/div>\n\n\n\n\t\t<\/div>\n\t\t\t\t\t<\/div>\n\n\t\n\n<\/div>\n\t<div id=\"gap-270208688\" class=\"gap-element clearfix\" style=\"display:block; height:auto;\">\n\t\t\n<style>\n#gap-270208688 {\n  padding-top: 30px;\n}\n<\/style>\n\t<\/div>\n\t\n\n\n\t\t<\/div>\n\n\t\t\n<style>\n#section_1963905510 {\n  padding-top: 0px;\n  padding-bottom: 0px;\n  min-height: 0px;\n  background-color: #16463f;\n}\n#section_1963905510 .section-bg-overlay {\n  background-color: rgba(255, 255, 255, 0.92);\n}\n@media (min-width:550px) {\n  #section_1963905510 {\n    padding-top: 0px;\n    padding-bottom: 0px;\n  }\n  #section_1963905510 .section-bg-overlay {\n    background-color: rgba(255, 255, 255, 0.5);\n  }\n}\n<\/style>\n\t<\/section>","protected":false},"excerpt":{"rendered":"","protected":false},"author":1,"featured_media":0,"parent":0,"menu_order":0,"comment_status":"closed","ping_status":"closed","template":"","meta":{"footnotes":""},"class_list":["post-9570","page","type-page","status-publish","hentry"],"aioseo_notices":[],"jetpack_sharing_enabled":true,"_links":{"self":[{"href":"https:\/\/thaisbernardes.com\/de\/wp-json\/wp\/v2\/pages\/9570","targetHints":{"allow":["GET"]}}],"collection":[{"href":"https:\/\/thaisbernardes.com\/de\/wp-json\/wp\/v2\/pages"}],"about":[{"href":"https:\/\/thaisbernardes.com\/de\/wp-json\/wp\/v2\/types\/page"}],"author":[{"embeddable":true,"href":"https:\/\/thaisbernardes.com\/de\/wp-json\/wp\/v2\/users\/1"}],"replies":[{"embeddable":true,"href":"https:\/\/thaisbernardes.com\/de\/wp-json\/wp\/v2\/comments?post=9570"}],"version-history":[{"count":8,"href":"https:\/\/thaisbernardes.com\/de\/wp-json\/wp\/v2\/pages\/9570\/revisions"}],"predecessor-version":[{"id":9579,"href":"https:\/\/thaisbernardes.com\/de\/wp-json\/wp\/v2\/pages\/9570\/revisions\/9579"}],"wp:attachment":[{"href":"https:\/\/thaisbernardes.com\/de\/wp-json\/wp\/v2\/media?parent=9570"}],"curies":[{"name":"wp","href":"https:\/\/api.w.org\/{rel}","templated":true}]}}