{"id":10757,"date":"2023-11-16T01:01:59","date_gmt":"2023-11-16T00:01:59","guid":{"rendered":"https:\/\/thaisbernardes.com\/?post_type=product&#038;p=10757"},"modified":"2026-03-06T16:51:58","modified_gmt":"2026-03-06T15:51:58","slug":"corcovado-ring","status":"publish","type":"product","link":"https:\/\/thaisbernardes.com\/de\/product\/anello-corcovado\/","title":{"rendered":"Corcovado-Ring"},"content":{"rendered":"<p>Ring Corcovado aus vergoldetem 925er Silber.<\/p>\n<p>Die Kollektion Corcovado, die sich durch ein einzigartiges, innovatives und geschlechtsneutrales Design auszeichnet, besteht aus emaillierten Anh\u00e4ngern und Ringen aus 18 Karat vergoldetem 925er Silber, die in vier Farben erh\u00e4ltlich sind und als Gl\u00fccksbringer im Alltag getragen werden k\u00f6nnen.<\/p>\n<h3 data-start=\"910\" data-end=\"962\">Il significato del Corcovado: la vetta raggiunta<\/h3>\n<p data-start=\"964\" data-end=\"1189\">Il nome della collezione si ispira al celebre monte\u00a0<span class=\"hover:entity-accent entity-underline inline cursor-pointer align-baseline\"><span class=\"whitespace-normal\">Corcovado<\/span><\/span>\u00a0che domina la citt\u00e0 di\u00a0<span class=\"hover:entity-accent entity-underline inline cursor-pointer align-baseline\"><span class=\"whitespace-normal\">Rio de Janeiro<\/span><\/span>, sulla cui cima si erge il maestoso\u00a0<span class=\"hover:entity-accent entity-underline inline cursor-pointer align-baseline\"><span class=\"whitespace-normal\">Christus der Erl\u00f6ser<\/span><\/span>.<\/p>\n<p data-start=\"1191\" data-end=\"1418\">Il Corcovado non \u00e8 solo un luogo iconico: \u00e8 simbolo di elevazione, visione e conquista personale. Rappresenta il momento in cui si raggiunge la propria vetta, dopo un percorso fatto di determinazione, crescita e consapevolezza.<\/p>\n<p data-start=\"1420\" data-end=\"1469\">Indossare l\u2019Anello Corcovado significa celebrare:<\/p>\n<ul data-start=\"1471\" data-end=\"1657\">\n<li data-start=\"1471\" data-end=\"1497\">\n<p data-start=\"1473\" data-end=\"1497\">Il traguardo raggiunto<\/p>\n<\/li>\n<li data-start=\"1498\" data-end=\"1538\">\n<p data-start=\"1500\" data-end=\"1538\">La forza di superare i propri limiti<\/p>\n<\/li>\n<li data-start=\"1539\" data-end=\"1583\">\n<p data-start=\"1541\" data-end=\"1583\">La consapevolezza della propria identit\u00e0<\/p>\n<\/li>\n<li data-start=\"1584\" data-end=\"1657\">\n<p data-start=\"1586\" data-end=\"1657\">La libert\u00e0 di guardare il mondo dall\u2019alto della propria realizzazione<\/p>\n<\/li>\n<\/ul>\n<p data-start=\"1659\" data-end=\"1761\">\u00c8 un talismano moderno dedicato a chi ha scelto di salire, di evolversi, di non restare a met\u00e0 strada.<\/p>\n<p data-start=\"2013\" data-end=\"2254\">Non \u00e8 solo un anello in argento placcato oro: \u00e8 un emblema di ascesa personale, energia positiva e realizzazione.<\/p>\n<p>Wie jedes Schmuckst\u00fcck des brasilianischen Designers hat es eine tiefe Bedeutung, die in der Carioca-Kultur und Originalit\u00e4t verwurzelt ist und dank der raffinierten Handwerkskunst des Made in Italy Gestalt annimmt.<\/p>","protected":false},"excerpt":{"rendered":"<p>Corcovado 925 vergoldeter Silberring<\/p>\n<ul>\n<li>Hergestellt in Italien<\/li>\n<li>THAIS BERNARDES Garantie und Geschenkbox<br \/>\n<div class=\"is-divider divider clearfix\" style=\"max-width:small;\"><\/div>\n<a href=\"#WSG\" class=\"button primary lowercase\" >\n\t\t<span>Guida Misure<\/span>\n\t<\/a>\n\n\n\t<div id=\"text-2261604932\" class=\"text hidden\">\n\t\t\n\n<p>\t<div id=\"WSG\"\n\t     class=\"lightbox-by-id lightbox-content mfp-hide lightbox-white\"\n\t     style=\"max-width:600px ;padding:20px\">\n\t\t<div class=\"row row-collapse row-full-width\"  id=\"row-1323051859\">\n\n\n\t<div id=\"col-1599072919\" class=\"col small-12 large-12\"  >\n\t\t\t\t<div class=\"col-inner text-center\" style=\"background-color:rgb(22, 70, 63);\" >\n\t\t\t\n\t\t\t\n\n\n\t<section class=\"section\" id=\"section_1351363907\">\n\t\t<div class=\"section-bg fill\" >\n\t\t\t\t\t\t\t\t\t\n\t\t\t\n\n\t\t<\/div>\n\n\t\t\n\n\t\t<div class=\"section-content relative\">\n\t\t\t\n\n<div class=\"container section-title-container\" ><h4 class=\"section-title section-title-center\"><b aria-hidden=\"true\"><\/b><span class=\"section-title-main\" style=\"color:rgb(255, 255, 255);\">Guida Misure anelli<\/span><b aria-hidden=\"true\"><\/b><\/h4><\/div>\n\n\t<div id=\"text-1465976271\" class=\"text\">\n\t\t\n\n<table style=\"font-size: 14.4px;\">\n<thead>\n<tr>\n<th style=\"text-align: center;\"><span style=\"color: #ffffff;\">Misure<\/span><\/th>\n<th style=\"text-align: center;\"><span style=\"color: #ffffff;\">Diametro in mm<\/span><\/th>\n<\/tr>\n<\/thead>\n<tbody>\n<tr>\n<td style=\"text-align: center;\"><span style=\"color: #ffffff;\">6 \/ 46<\/span><\/td>\n<td style=\"text-align: center;\"><span style=\"color: #ffffff;\">14,65<\/span><\/td>\n<\/tr>\n<tr>\n<td style=\"text-align: center;\"><span style=\"color: #ffffff;\">7 \/ 47<\/span><\/td>\n<td style=\"text-align: center;\"><span style=\"color: #ffffff;\">14,97<\/span><\/td>\n<\/tr>\n<tr>\n<td style=\"text-align: center;\"><span style=\"color: #ffffff;\">8 \/ 48<\/span><\/td>\n<td style=\"text-align: center;\"><span style=\"color: #ffffff;\">15,29<\/span><\/td>\n<\/tr>\n<tr>\n<td style=\"text-align: center;\"><span style=\"color: #ffffff;\">9 \/ 49<\/span><\/td>\n<td style=\"text-align: center;\"><span style=\"color: #ffffff;\">15,61<\/span><\/td>\n<\/tr>\n<tr>\n<td style=\"text-align: center;\"><span style=\"color: #ffffff;\">10 \/ 50<\/span><\/td>\n<td style=\"text-align: center;\"><span style=\"color: #ffffff;\">15,92<\/span><\/td>\n<\/tr>\n<tr>\n<td style=\"text-align: center;\"><span style=\"color: #ffffff;\">11 \/ 51<\/span><\/td>\n<td style=\"text-align: center;\"><span style=\"color: #ffffff;\">16,24<\/span><\/td>\n<\/tr>\n<tr>\n<td style=\"text-align: center;\"><span style=\"color: #ffffff;\">12 \/ 52<\/span><\/td>\n<td style=\"text-align: center;\"><span style=\"color: #ffffff;\">16,56<\/span><\/td>\n<\/tr>\n<tr>\n<td style=\"text-align: center;\"><span style=\"color: #ffffff;\">13 \/ 53<\/span><\/td>\n<td style=\"text-align: center;\"><span style=\"color: #ffffff;\">16,88<\/span><\/td>\n<\/tr>\n<tr>\n<td style=\"text-align: center;\"><span style=\"color: #ffffff;\">14 \/ 54<\/span><\/td>\n<td style=\"text-align: center;\"><span style=\"color: #ffffff;\">17,2<\/span><\/td>\n<\/tr>\n<tr>\n<td style=\"text-align: center;\"><span style=\"color: #ffffff;\">15 \/ 55<\/span><\/td>\n<td style=\"text-align: center;\"><span style=\"color: #ffffff;\">17,52<\/span><\/td>\n<\/tr>\n<tr>\n<td style=\"text-align: center;\"><span style=\"color: #ffffff;\">16 \/ 56<\/span><\/td>\n<td style=\"text-align: center;\"><span style=\"color: #ffffff;\">17,83<\/span><\/td>\n<\/tr>\n<tr>\n<td style=\"text-align: center;\"><span style=\"color: #ffffff;\">17 \/ 57<\/span><\/td>\n<td style=\"text-align: center;\"><span style=\"color: #ffffff;\">18,15<\/span><\/td>\n<\/tr>\n<tr>\n<td style=\"text-align: center;\"><span style=\"color: #ffffff;\">18 \/ 58<\/span><\/td>\n<td style=\"text-align: center;\"><span style=\"color: #ffffff;\">18,47<\/span><\/td>\n<\/tr>\n<tr>\n<td style=\"text-align: center;\"><span style=\"color: #ffffff;\">19 \/ 59<\/span><\/td>\n<td style=\"text-align: center;\"><span style=\"color: #ffffff;\">18,79<\/span><\/td>\n<\/tr>\n<tr>\n<td style=\"text-align: center;\"><span style=\"color: #ffffff;\">20 \/ 60<\/span><\/td>\n<td style=\"text-align: center;\"><span style=\"color: #ffffff;\">19,11<\/span><\/td>\n<\/tr>\n<\/tbody>\n<\/table>\n<p>\u00a0<\/p>\n\t\t\n<style>\n#text-1465976271 {\n  color: rgb(255, 255, 255);\n}\n#text-1465976271 > * {\n  color: rgb(255, 255, 255);\n}\n<\/style>\n\t<\/div>\n\t\n\t<div id=\"text-3757538370\" class=\"text\">\n\t\t\n\n<p style=\"text-align: center;\"><span style=\"font-size: 85%;\">Hai ancora dubbi?<\/span><\/p>\n<p style=\"text-align: center;\"><span style=\"font-size: 85%;\"><a class=\"button alert primary\" href=\"https:\/\/thaisbernardes.com\/de\/misure-anelli-e-conversione\/\">guida completa<\/a><\/span><\/p>\n\n\t\t\n<style>\n#text-3757538370 {\n  line-height: 0.75;\n  color: rgb(255,255,255);\n}\n#text-3757538370 > * {\n  color: rgb(255,255,255);\n}\n<\/style>\n\t<\/div>\n\t\n\n\t\t<\/div>\n\n\t\t\n<style>\n#section_1351363907 {\n  padding-top: 0px;\n  padding-bottom: 0px;\n}\n<\/style>\n\t<\/section>\n\t\n\n\t\t<\/div>\n\t\t\t\t\t<\/div>\n\n\t\n\n\n<style>\n#row-1323051859 > .col > .col-inner {\n  background-color: #16463f;\n}\n<\/style>\n<\/div>\t<\/div>\n\t\n\t<\/p>\n<p>&nbsp;<\/p>\n\t\t\t<\/div>\n\t<\/li>\n<\/ul>","protected":false},"featured_media":11931,"template":"","meta":[],"product_brand":[],"product_cat":[59,245,88,15,103],"product_tag":[277],"class_list":{"0":"post-10757","1":"product","2":"type-product","3":"status-publish","4":"has-post-thumbnail","6":"product_cat-anelli","7":"product_cat-categorie","8":"product_cat-collezioni","9":"product_cat-corcovado-collezioni","10":"product_cat-gifts","11":"product_tag-newsletter","13":"first","14":"instock","15":"shipping-taxable","16":"purchasable","17":"product-type-variable"},"aioseo_notices":[],"jetpack_sharing_enabled":true,"_links":{"self":[{"href":"https:\/\/thaisbernardes.com\/de\/wp-json\/wp\/v2\/product\/10757","targetHints":{"allow":["GET"]}}],"collection":[{"href":"https:\/\/thaisbernardes.com\/de\/wp-json\/wp\/v2\/product"}],"about":[{"href":"https:\/\/thaisbernardes.com\/de\/wp-json\/wp\/v2\/types\/product"}],"wp:featuredmedia":[{"embeddable":true,"href":"https:\/\/thaisbernardes.com\/de\/wp-json\/wp\/v2\/media\/11931"}],"wp:attachment":[{"href":"https:\/\/thaisbernardes.com\/de\/wp-json\/wp\/v2\/media?parent=10757"}],"wp:term":[{"taxonomy":"product_brand","embeddable":true,"href":"https:\/\/thaisbernardes.com\/de\/wp-json\/wp\/v2\/product_brand?post=10757"},{"taxonomy":"product_cat","embeddable":true,"href":"https:\/\/thaisbernardes.com\/de\/wp-json\/wp\/v2\/product_cat?post=10757"},{"taxonomy":"product_tag","embeddable":true,"href":"https:\/\/thaisbernardes.com\/de\/wp-json\/wp\/v2\/product_tag?post=10757"}],"curies":[{"name":"wp","href":"https:\/\/api.w.org\/{rel}","templated":true}]}}