{"id":10769,"date":"2023-11-16T09:04:52","date_gmt":"2023-11-16T08:04:52","guid":{"rendered":"https:\/\/thaisbernardes.com\/?post_type=product&#038;p=10769"},"modified":"2025-06-26T15:34:16","modified_gmt":"2025-06-26T13:34:16","slug":"corcovado-halskette","status":"publish","type":"product","link":"https:\/\/thaisbernardes.com\/de\/product\/collana-corcovado\/","title":{"rendered":"Corcovado-Halskette"},"content":{"rendered":"<p>Corcovado-Halskette aus Sterlingsilber.<\/p>\n<p>Die Kollektion Corcovado, die sich durch ein einzigartiges, innovatives und geschlechtsneutrales Design auszeichnet, besteht aus emaillierten Anh\u00e4ngern und Ringen aus 18 Karat vergoldetem 925er Silber, die in vier Farben erh\u00e4ltlich sind und als Gl\u00fccksbringer im Alltag getragen werden k\u00f6nnen.<\/p>\n<p>Wie jedes Schmuckst\u00fcck des brasilianischen Designers hat es eine tiefe Bedeutung, die in der Carioca-Kultur und Originalit\u00e4t verwurzelt ist und dank der raffinierten Handwerkskunst des Made in Italy Gestalt annimmt.<\/p>","protected":false},"excerpt":{"rendered":"<p>Corcovado-Halskette aus Sterlingsilber<\/p>\n<ul>\n<li>in Italien hergestellt<\/li>\n<li>THAIS BERNARDES Garantie und Geschenkbox<\/li>\n<\/ul>","protected":false},"featured_media":11936,"template":"","meta":[],"product_brand":[],"product_cat":[245,86,88,15,103],"product_tag":[288],"class_list":{"0":"post-10769","1":"product","2":"type-product","3":"status-publish","4":"has-post-thumbnail","6":"product_cat-categorie","7":"product_cat-collane","8":"product_cat-collezioni","9":"product_cat-corcovado-collezioni","10":"product_cat-gifts","11":"product_tag-black-friday","13":"first","14":"instock","15":"shipping-taxable","16":"purchasable","17":"product-type-simple"},"aioseo_notices":[],"jetpack_sharing_enabled":true,"_links":{"self":[{"href":"https:\/\/thaisbernardes.com\/de\/wp-json\/wp\/v2\/product\/10769","targetHints":{"allow":["GET"]}}],"collection":[{"href":"https:\/\/thaisbernardes.com\/de\/wp-json\/wp\/v2\/product"}],"about":[{"href":"https:\/\/thaisbernardes.com\/de\/wp-json\/wp\/v2\/types\/product"}],"wp:featuredmedia":[{"embeddable":true,"href":"https:\/\/thaisbernardes.com\/de\/wp-json\/wp\/v2\/media\/11936"}],"wp:attachment":[{"href":"https:\/\/thaisbernardes.com\/de\/wp-json\/wp\/v2\/media?parent=10769"}],"wp:term":[{"taxonomy":"product_brand","embeddable":true,"href":"https:\/\/thaisbernardes.com\/de\/wp-json\/wp\/v2\/product_brand?post=10769"},{"taxonomy":"product_cat","embeddable":true,"href":"https:\/\/thaisbernardes.com\/de\/wp-json\/wp\/v2\/product_cat?post=10769"},{"taxonomy":"product_tag","embeddable":true,"href":"https:\/\/thaisbernardes.com\/de\/wp-json\/wp\/v2\/product_tag?post=10769"}],"curies":[{"name":"wp","href":"https:\/\/api.w.org\/{rel}","templated":true}]}}