{"id":11417,"date":"2024-12-10T22:16:42","date_gmt":"2024-12-10T21:16:42","guid":{"rendered":"https:\/\/thaisbernardes.com\/?post_type=product&#038;p=11417"},"modified":"2026-03-11T23:58:59","modified_gmt":"2026-03-11T22:58:59","slug":"mono-anhanger-mini-feder-ohrring","status":"publish","type":"product","link":"https:\/\/thaisbernardes.com\/de\/product\/mono-orecchino-mini-piuma-pendente\/","title":{"rendered":"Mono-Ohrring Mini-Feder-Anh\u00e4nger"},"content":{"rendered":"<p>Mono-Ohrring mini FeatherPendant<\/p>\n<p>Die Leichtigkeit der Feder macht diesen Ohrring zu einem perfekten Begleiter f\u00fcr jede Gelegenheit.<\/p>\n<p>Der Mono-Ohrring mit Mini-Feder ist Teil der Feathers-Kollektion.<\/p>\n<p>Die Bedeutung der\u00a0<strong>Federn\u00a0<\/strong>ist tiefgreifend und \u00e4u\u00dferst wichtig f\u00fcr den Schmuckdesigner\u00a0<strong>Thais Bernardes:<\/strong><\/p>\n<p>Federn sind wie ein Segen: Sie erinnern uns daran, dass wir nicht allein sind, sondern immer von einem unsichtbaren Wesen begleitet und unterst\u00fctzt werden.<\/p>\n<p>F\u00fcr die Ureinwohner Amazoniens sind sie ein Symbol der Freiheit, des Mutes und des freien Geistes.<\/p>\n<p>Der Mono-Ohrring Mini Feather Pendant ist mit einer vergoldeten Silberfeder verziert, die sich durch die f\u00fcr Thais Bernardes' einzigartiges Design typischen feinen Oberfl\u00e4chen auszeichnet. 100% Hergestellt in Italien.<\/p>\n<p>Lesen Sie den Artikel Federschmucktrends auf unserer\u00a0<a href=\"https:\/\/thaisbernardes.com\/de\/traume-von-kalifornien-federn-sind-die-stars-der-schmucktrends\/\">BLOG<\/a><\/p>\n<p>THAIS BERNARDES Jewellery ist eine junge Schmuckmarke, die es in kurzer Zeit geschafft hat, dank der Qualit\u00e4t der f\u00fcr ihren Schmuck verwendeten Materialien, ihres zeitgen\u00f6ssischen Stils und der durch ihre Werbekampagnen und Initiativen vermittelten Botschaften die Aufmerksamkeit und Wertsch\u00e4tzung namhafter Kunden und Gesch\u00e4fte zu gewinnen. Sein Schmuck ist eine Mischung aus Italien und Brasilien, Qualit\u00e4t und Tradition, Detail und Leichtigkeit, Eleganz und Mode, f\u00fcr Frauen mit einem nat\u00fcrlichen Gleichgewicht zwischen \"Chic\" und \"Cool\".<\/p>","protected":false},"excerpt":{"rendered":"<p>Mono-Ohrring Mini-Feder-Anh\u00e4nger.<\/p>\n<ul>\n<li>1 einzelner Ohrring<\/li>\n<li>925 vergoldetes Silber<\/li>\n<li>gl\u00e4nzende Oberfl\u00e4che<\/li>\n<li>mit Schachtel und Garantie Thais Bernardes Jewellery<\/li>\n<li>Hergestellt in Italien<\/li>\n<li>Der Ohrring wird einzeln verkauft, zum Kauf in Kopie \u00e4ndern Sie die Menge<\/li>\n<\/ul>","protected":false},"featured_media":11993,"template":"","meta":[],"product_brand":[],"product_cat":[245,88,131,149],"product_tag":[],"class_list":{"0":"post-11417","1":"product","2":"type-product","3":"status-publish","4":"has-post-thumbnail","6":"product_cat-categorie","7":"product_cat-collezioni","8":"product_cat-orecchini","9":"product_cat-piume","11":"first","12":"instock","13":"shipping-taxable","14":"purchasable","15":"product-type-simple"},"aioseo_notices":[],"jetpack_sharing_enabled":true,"_links":{"self":[{"href":"https:\/\/thaisbernardes.com\/de\/wp-json\/wp\/v2\/product\/11417","targetHints":{"allow":["GET"]}}],"collection":[{"href":"https:\/\/thaisbernardes.com\/de\/wp-json\/wp\/v2\/product"}],"about":[{"href":"https:\/\/thaisbernardes.com\/de\/wp-json\/wp\/v2\/types\/product"}],"wp:featuredmedia":[{"embeddable":true,"href":"https:\/\/thaisbernardes.com\/de\/wp-json\/wp\/v2\/media\/11993"}],"wp:attachment":[{"href":"https:\/\/thaisbernardes.com\/de\/wp-json\/wp\/v2\/media?parent=11417"}],"wp:term":[{"taxonomy":"product_brand","embeddable":true,"href":"https:\/\/thaisbernardes.com\/de\/wp-json\/wp\/v2\/product_brand?post=11417"},{"taxonomy":"product_cat","embeddable":true,"href":"https:\/\/thaisbernardes.com\/de\/wp-json\/wp\/v2\/product_cat?post=11417"},{"taxonomy":"product_tag","embeddable":true,"href":"https:\/\/thaisbernardes.com\/de\/wp-json\/wp\/v2\/product_tag?post=11417"}],"curies":[{"name":"wp","href":"https:\/\/api.w.org\/{rel}","templated":true}]}}