{"id":2170,"date":"2020-07-08T11:53:03","date_gmt":"2020-07-08T14:53:03","guid":{"rendered":"https:\/\/thaisbernardes.com\/?post_type=product&#038;p=2170"},"modified":"2026-03-06T17:19:17","modified_gmt":"2026-03-06T16:19:17","slug":"emaillierter-papagei-chevalier-ring","status":"publish","type":"product","link":"https:\/\/thaisbernardes.com\/de\/product\/anello-chevalier-pappagallo-smaltato\/","title":{"rendered":"Blau emaillierter Chevalier-Papagei-Ring"},"content":{"rendered":"<p>Emaillierter Chevalier-Papageienring<\/p>\n<p class=\"p1\">Thais Bernardes interpretiert die ikonische Figur des brasilianischen Papageis, Symbol f\u00fcr Kreativit\u00e4t und Freiheit, neu und verwandelt sie in einen eleganten und kunstvollen Chevalier-Ring.<\/p>\n<p class=\"p1\">Es ist Teil der Kollektion Brazilian Soul, die die positive Botschaft der brasilianischen Lebensfreude durch st\u00e4ndige Verweise auf die Natur transportieren will, aus der Thais Bernardes ihre Inspiration f\u00fcr ihr einzigartiges Design bezieht.<\/p>\n<p class=\"p1\">Der emaillierte Ring Chevalier Pappagallo hat in der Mitte eine Figur, die den ikonischen Papagei darstellt und mit steinbesetztem Gefieder verziert ist.<\/p>\n<p class=\"p1\">Einzelheiten:<\/p>\n<ul class=\"ul1\">\n<li class=\"li3\"><span class=\"s1\">925 rhodiniertes oder vergoldetes Silber<\/span><\/li>\n<li class=\"li3\"><span class=\"s1\">gl\u00e4nzende Oberfl\u00e4che<\/span><\/li>\n<li class=\"li3\"><span class=\"s1\">handemailliert<\/span><\/li>\n<li class=\"li3\"><span class=\"s1\">Pflasterrahmen<\/span><\/li>\n<li class=\"li3\"><span class=\"s1\">Zirkonia-Steine<\/span><\/li>\n<li class=\"li3\"><span class=\"s1\">Thais Bernardes B\u00fcrgschaftsbescheinigung<\/span><\/li>\n<li class=\"li3\"><span class=\"s1\">Hergestellt in Italien<\/span><\/li>\n<li>Karte mit der Bedeutung von Papageien<\/li>\n<\/ul>\n<p class=\"p1\">Unsere Stylisten empfehlen die <a href=\"https:\/\/thaisbernardes.com\/de\/produkt-2\/papageien-halskette\/\"><span class=\"s1\">Halskette mit Halsband<\/span><\/a> mit Papageien in Kombination mit einem Chevalier-Ring f\u00fcr einen femininen und leichten, aber aussagekr\u00e4ftigen Look mit Thais Bernardes Schmuck.<\/p>\n<p class=\"p1\">Der Schmuck von Thais Bernardes ist eine Hommage an die Natur, indem er sich von ihr inspirieren l\u00e4sst und uns daran erinnert, dass wir sie sch\u00fctzen m\u00fcssen. Einige Papageienarten sind leider vom Aussterben bedroht, mehr <a href=\"https:\/\/www.repubblica.it\/ambiente\/2018\/09\/10\/news\/il_pappagallo_blu_del_film_rio_si_e_estinto-206081343\/%22%20%5Cl%20%22:~:text=%22Blu%22%20non%20c'%C3%A8,International%20pubblicato%20su%20Science%20Direct.\"><span class=\"s1\">HIER<\/span><\/a> einen Artikel in La Repubblica f\u00fcr weitere Einzelheiten.<\/p>\n<p class=\"p1\">Lesen Sie <a href=\"https:\/\/thaisbernardes.com\/de\/chevalier-rings-by-thais-bernardes-perfekte-synthese-aus-brasilianischer-seele-und-italienischer-handwerkskunst\/\"><span class=\"s1\">HIER<\/span><\/a> der Artikel in le Shopping News<\/p>","protected":false},"excerpt":{"rendered":"<p class=\"p1\">Papageien sind ein Symbol f\u00fcr Kreativit\u00e4t, Sch\u00f6nheit und Freiheit. Dieser Schmuck ist all jenen gewidmet, die es lieben, sich ungefiltert zu zeigen und ein Leben voller Liebe, F\u00fclle und Begeisterung zu leben.<\/p>\n<p class=\"p3\">Schmuck, der aus den hochwertigsten Materialien und in reiner Handarbeit von lokalen Kunsthandwerkern hergestellt wird.<\/p>\n<div class=\"is-divider divider clearfix\" style=\"max-width:small;\"><\/div>\n<a href=\"#WSG\" class=\"button primary lowercase\" >\n\t\t<span>Guida Misure<\/span>\n\t<\/a>\n\n\n\t<div id=\"text-183082551\" class=\"text hidden\">\n\t\t\n\n<p>\t<div id=\"WSG\"\n\t     class=\"lightbox-by-id lightbox-content mfp-hide lightbox-white\"\n\t     style=\"max-width:600px ;padding:20px\">\n\t\t<div class=\"row row-collapse row-full-width\"  id=\"row-842778810\">\n\n\n\t<div id=\"col-1737184716\" class=\"col small-12 large-12\"  >\n\t\t\t\t<div class=\"col-inner text-center\" style=\"background-color:rgb(22, 70, 63);\" >\n\t\t\t\n\t\t\t\n\n\n\t<section class=\"section\" id=\"section_124207950\">\n\t\t<div class=\"section-bg fill\" >\n\t\t\t\t\t\t\t\t\t\n\t\t\t\n\n\t\t<\/div>\n\n\t\t\n\n\t\t<div class=\"section-content relative\">\n\t\t\t\n\n<div class=\"container section-title-container\" ><h4 class=\"section-title section-title-center\"><b aria-hidden=\"true\"><\/b><span class=\"section-title-main\" style=\"color:rgb(255, 255, 255);\">Guida Misure anelli<\/span><b aria-hidden=\"true\"><\/b><\/h4><\/div>\n\n\t<div id=\"text-3618259884\" class=\"text\">\n\t\t\n\n<table style=\"font-size: 14.4px;\">\n<thead>\n<tr>\n<th style=\"text-align: center;\"><span style=\"color: #ffffff;\">Misure<\/span><\/th>\n<th style=\"text-align: center;\"><span style=\"color: #ffffff;\">Diametro in mm<\/span><\/th>\n<\/tr>\n<\/thead>\n<tbody>\n<tr>\n<td style=\"text-align: center;\"><span style=\"color: #ffffff;\">6 \/ 46<\/span><\/td>\n<td style=\"text-align: center;\"><span style=\"color: #ffffff;\">14,65<\/span><\/td>\n<\/tr>\n<tr>\n<td style=\"text-align: center;\"><span style=\"color: #ffffff;\">7 \/ 47<\/span><\/td>\n<td style=\"text-align: center;\"><span style=\"color: #ffffff;\">14,97<\/span><\/td>\n<\/tr>\n<tr>\n<td style=\"text-align: center;\"><span style=\"color: #ffffff;\">8 \/ 48<\/span><\/td>\n<td style=\"text-align: center;\"><span style=\"color: #ffffff;\">15,29<\/span><\/td>\n<\/tr>\n<tr>\n<td style=\"text-align: center;\"><span style=\"color: #ffffff;\">9 \/ 49<\/span><\/td>\n<td style=\"text-align: center;\"><span style=\"color: #ffffff;\">15,61<\/span><\/td>\n<\/tr>\n<tr>\n<td style=\"text-align: center;\"><span style=\"color: #ffffff;\">10 \/ 50<\/span><\/td>\n<td style=\"text-align: center;\"><span style=\"color: #ffffff;\">15,92<\/span><\/td>\n<\/tr>\n<tr>\n<td style=\"text-align: center;\"><span style=\"color: #ffffff;\">11 \/ 51<\/span><\/td>\n<td style=\"text-align: center;\"><span style=\"color: #ffffff;\">16,24<\/span><\/td>\n<\/tr>\n<tr>\n<td style=\"text-align: center;\"><span style=\"color: #ffffff;\">12 \/ 52<\/span><\/td>\n<td style=\"text-align: center;\"><span style=\"color: #ffffff;\">16,56<\/span><\/td>\n<\/tr>\n<tr>\n<td style=\"text-align: center;\"><span style=\"color: #ffffff;\">13 \/ 53<\/span><\/td>\n<td style=\"text-align: center;\"><span style=\"color: #ffffff;\">16,88<\/span><\/td>\n<\/tr>\n<tr>\n<td style=\"text-align: center;\"><span style=\"color: #ffffff;\">14 \/ 54<\/span><\/td>\n<td style=\"text-align: center;\"><span style=\"color: #ffffff;\">17,2<\/span><\/td>\n<\/tr>\n<tr>\n<td style=\"text-align: center;\"><span style=\"color: #ffffff;\">15 \/ 55<\/span><\/td>\n<td style=\"text-align: center;\"><span style=\"color: #ffffff;\">17,52<\/span><\/td>\n<\/tr>\n<tr>\n<td style=\"text-align: center;\"><span style=\"color: #ffffff;\">16 \/ 56<\/span><\/td>\n<td style=\"text-align: center;\"><span style=\"color: #ffffff;\">17,83<\/span><\/td>\n<\/tr>\n<tr>\n<td style=\"text-align: center;\"><span style=\"color: #ffffff;\">17 \/ 57<\/span><\/td>\n<td style=\"text-align: center;\"><span style=\"color: #ffffff;\">18,15<\/span><\/td>\n<\/tr>\n<tr>\n<td style=\"text-align: center;\"><span style=\"color: #ffffff;\">18 \/ 58<\/span><\/td>\n<td style=\"text-align: center;\"><span style=\"color: #ffffff;\">18,47<\/span><\/td>\n<\/tr>\n<tr>\n<td style=\"text-align: center;\"><span style=\"color: #ffffff;\">19 \/ 59<\/span><\/td>\n<td style=\"text-align: center;\"><span style=\"color: #ffffff;\">18,79<\/span><\/td>\n<\/tr>\n<tr>\n<td style=\"text-align: center;\"><span style=\"color: #ffffff;\">20 \/ 60<\/span><\/td>\n<td style=\"text-align: center;\"><span style=\"color: #ffffff;\">19,11<\/span><\/td>\n<\/tr>\n<\/tbody>\n<\/table>\n<p>\u00a0<\/p>\n\t\t\n<style>\n#text-3618259884 {\n  color: rgb(255, 255, 255);\n}\n#text-3618259884 > * {\n  color: rgb(255, 255, 255);\n}\n<\/style>\n\t<\/div>\n\t\n\t<div id=\"text-1116142741\" class=\"text\">\n\t\t\n\n<p style=\"text-align: center;\"><span style=\"font-size: 85%;\">Hai ancora dubbi?<\/span><\/p>\n<p style=\"text-align: center;\"><span style=\"font-size: 85%;\"><a class=\"button alert primary\" href=\"https:\/\/thaisbernardes.com\/de\/misure-anelli-e-conversione\/\">guida completa<\/a><\/span><\/p>\n\n\t\t\n<style>\n#text-1116142741 {\n  line-height: 0.75;\n  color: rgb(255,255,255);\n}\n#text-1116142741 > * {\n  color: rgb(255,255,255);\n}\n<\/style>\n\t<\/div>\n\t\n\n\t\t<\/div>\n\n\t\t\n<style>\n#section_124207950 {\n  padding-top: 0px;\n  padding-bottom: 0px;\n}\n<\/style>\n\t<\/section>\n\t\n\n\t\t<\/div>\n\t\t\t\t\t<\/div>\n\n\t\n\n\n<style>\n#row-842778810 > .col > .col-inner {\n  background-color: #16463f;\n}\n<\/style>\n<\/div>\t<\/div>\n\t\n\t<\/p>\n<p>&nbsp;<\/p>\n\t\t\t<\/div>\n\t\n<p>&nbsp;<\/p>","protected":false},"featured_media":11575,"template":"","meta":[],"product_brand":[],"product_cat":[59,174,88,103],"product_tag":[78,142,153],"class_list":{"0":"post-2170","1":"product","2":"type-product","3":"status-publish","4":"has-post-thumbnail","6":"product_cat-anelli","7":"product_cat-brazilian-soul","8":"product_cat-collezioni","9":"product_cat-gifts","10":"product_tag-chevalier","11":"product_tag-pappagallo","12":"product_tag-smaltato","14":"first","15":"instock","16":"shipping-taxable","17":"purchasable","18":"product-type-variable"},"aioseo_notices":[],"jetpack_sharing_enabled":true,"_links":{"self":[{"href":"https:\/\/thaisbernardes.com\/de\/wp-json\/wp\/v2\/product\/2170","targetHints":{"allow":["GET"]}}],"collection":[{"href":"https:\/\/thaisbernardes.com\/de\/wp-json\/wp\/v2\/product"}],"about":[{"href":"https:\/\/thaisbernardes.com\/de\/wp-json\/wp\/v2\/types\/product"}],"wp:featuredmedia":[{"embeddable":true,"href":"https:\/\/thaisbernardes.com\/de\/wp-json\/wp\/v2\/media\/11575"}],"wp:attachment":[{"href":"https:\/\/thaisbernardes.com\/de\/wp-json\/wp\/v2\/media?parent=2170"}],"wp:term":[{"taxonomy":"product_brand","embeddable":true,"href":"https:\/\/thaisbernardes.com\/de\/wp-json\/wp\/v2\/product_brand?post=2170"},{"taxonomy":"product_cat","embeddable":true,"href":"https:\/\/thaisbernardes.com\/de\/wp-json\/wp\/v2\/product_cat?post=2170"},{"taxonomy":"product_tag","embeddable":true,"href":"https:\/\/thaisbernardes.com\/de\/wp-json\/wp\/v2\/product_tag?post=2170"}],"curies":[{"name":"wp","href":"https:\/\/api.w.org\/{rel}","templated":true}]}}