{"id":2228,"date":"2020-07-09T06:54:22","date_gmt":"2020-07-09T09:54:22","guid":{"rendered":"https:\/\/thaisbernardes.com\/?post_type=product&#038;p=2228"},"modified":"2025-06-26T15:22:08","modified_gmt":"2025-06-26T13:22:08","slug":"mini-papageien-ohrringe","status":"publish","type":"product","link":"https:\/\/thaisbernardes.com\/de\/product\/orecchini-mini-pappagalli\/","title":{"rendered":"Mini-Papagei Ohrringe"},"content":{"rendered":"<p>Mini-Papageien-Ohrringe<\/p>\n<p class=\"p1\">Thais Bernardes interpretiert die ikonische Figur des brasilianischen Papageis, Symbol f\u00fcr Kreativit\u00e4t und Freiheit, neu und verwandelt sie in ein einzigartiges Paar Ohrringe, die mit steingeschm\u00fcckten Papageien verziert sind.<\/p>\n<p class=\"p1\">Es ist Teil der Kollektion Brazilian Soul, die die positive Botschaft der brasilianischen Lebensfreude durch st\u00e4ndige Verweise auf die Natur transportieren will, aus der Thais Bernardes ihre Inspiration f\u00fcr ihr einzigartiges Design bezieht.<\/p>\n<p class=\"p1\">Die Mini Parrots Ohrringe sind aus vergoldetem Silber gefertigt und die Papageienfigur ist mit Steinen besetzt.<\/p>\n<p class=\"p1\">Unsere Stylisten empfehlen die <a href=\"https:\/\/thaisbernardes.com\/de\/produkt-2\/papagei-anhanger-halskette-2\/\"><span class=\"s1\">halskette mit anh\u00e4nger<\/span><\/a> passenden Papagei f\u00fcr ein feminines und leichtes, aber dennoch gehaltvolles<\/p>\n<p class=\"p1\">Einzelheiten:<\/p>\n<ul class=\"ul1\">\n<li class=\"li3\"><span class=\"s2\">925 rhodiniertes oder vergoldetes Silber<\/span><\/li>\n<li class=\"li3\"><span class=\"s2\">gl\u00e4nzende Oberfl\u00e4che<\/span><\/li>\n<li class=\"li3\"><span class=\"s2\">Stift und Schmetterlingsverschluss, nur f\u00fcr gebohrte Lappen<\/span><\/li>\n<li class=\"li3\"><span class=\"s2\">2cm x 0,7cm<\/span><\/li>\n<li class=\"li3\"><span class=\"s2\">Pflasterrahmen<\/span><\/li>\n<li class=\"li3\"><span class=\"s2\">Zirkonia-Steine<\/span><\/li>\n<li class=\"li3\"><span class=\"s2\">Thais Bernardes B\u00fcrgschaftsbescheinigung<\/span><\/li>\n<li class=\"li3\"><span class=\"s2\">Hergestellt in Italien<\/span><\/li>\n<\/ul>\n<p class=\"p1\">Der Schmuck von Thais Bernardes ist eine Hommage an die Natur, indem er sich von ihr inspirieren l\u00e4sst und uns daran erinnert, dass wir sie sch\u00fctzen m\u00fcssen. Einige Papageienarten sind leider vom Aussterben bedroht, mehr <a href=\"https:\/\/www.repubblica.it\/ambiente\/2018\/09\/10\/news\/il_pappagallo_blu_del_film_rio_si_e_estinto-206081343\/%22%20%5Cl%20%22:~:text=%22Blu%22%20non%20c'%C3%A8,International%20pubblicato%20su%20Science%20Direct.\"><span class=\"s1\">HIER<\/span><\/a> einen Artikel in La Repubblica f\u00fcr weitere Einzelheiten.<\/p>","protected":false},"excerpt":{"rendered":"<p class=\"p1\">Papageien sind ein Symbol f\u00fcr Kreativit\u00e4t, Sch\u00f6nheit und Freiheit. Dieser Schmuck ist all jenen gewidmet, die es lieben, sich ungefiltert zu zeigen und ein Leben voller Liebe, F\u00fclle und Begeisterung zu leben.<\/p>\n<p class=\"p3\">Schmuck, der aus den hochwertigsten Materialien und in reiner Handarbeit von lokalen Kunsthandwerkern hergestellt wird.<\/p>\n<p>&nbsp;<\/p>","protected":false},"featured_media":11584,"template":"","meta":[],"product_brand":[],"product_cat":[174,88,131],"product_tag":[68,114],"class_list":{"0":"post-2228","1":"product","2":"type-product","3":"status-publish","4":"has-post-thumbnail","6":"product_cat-brazilian-soul","7":"product_cat-collezioni","8":"product_cat-orecchini","9":"product_tag-argento-925","10":"product_tag-mini","12":"first","13":"instock","14":"shipping-taxable","15":"purchasable","16":"product-type-variable"},"aioseo_notices":[],"jetpack_sharing_enabled":true,"_links":{"self":[{"href":"https:\/\/thaisbernardes.com\/de\/wp-json\/wp\/v2\/product\/2228","targetHints":{"allow":["GET"]}}],"collection":[{"href":"https:\/\/thaisbernardes.com\/de\/wp-json\/wp\/v2\/product"}],"about":[{"href":"https:\/\/thaisbernardes.com\/de\/wp-json\/wp\/v2\/types\/product"}],"wp:featuredmedia":[{"embeddable":true,"href":"https:\/\/thaisbernardes.com\/de\/wp-json\/wp\/v2\/media\/11584"}],"wp:attachment":[{"href":"https:\/\/thaisbernardes.com\/de\/wp-json\/wp\/v2\/media?parent=2228"}],"wp:term":[{"taxonomy":"product_brand","embeddable":true,"href":"https:\/\/thaisbernardes.com\/de\/wp-json\/wp\/v2\/product_brand?post=2228"},{"taxonomy":"product_cat","embeddable":true,"href":"https:\/\/thaisbernardes.com\/de\/wp-json\/wp\/v2\/product_cat?post=2228"},{"taxonomy":"product_tag","embeddable":true,"href":"https:\/\/thaisbernardes.com\/de\/wp-json\/wp\/v2\/product_tag?post=2228"}],"curies":[{"name":"wp","href":"https:\/\/api.w.org\/{rel}","templated":true}]}}