{"id":2247,"date":"2020-07-09T07:14:44","date_gmt":"2020-07-09T10:14:44","guid":{"rendered":"https:\/\/thaisbernardes.com\/?post_type=product&#038;p=2247"},"modified":"2025-06-26T15:22:09","modified_gmt":"2025-06-26T13:22:09","slug":"papageienarmband","status":"publish","type":"product","link":"https:\/\/thaisbernardes.com\/de\/product\/bracciale-pappagallo\/","title":{"rendered":"Papagei-Armband"},"content":{"rendered":"<p>Papagei-Armband<\/p>\n<p data-start=\"192\" data-end=\"574\">\u00dcberzeugen Sie sich vom exotischen Charme der <strong data-start=\"311\" data-end=\"346\">starres Armband mit Papagei<\/strong> der Sammlung <em data-start=\"364\" data-end=\"380\">Brasilianische Seele<\/em>. Hergestellt aus <strong data-start=\"396\" data-end=\"419\">925 rhodiniertes Silber<\/strong>dieses in Italien hergestellte Schmuckst\u00fcck ist mit einem stilisierten Papagei verziert <strong data-start=\"494\" data-end=\"526\">Besetzt mit wei\u00dfen Steinen<\/strong>Symbol f\u00fcr Freiheit, Sch\u00f6nheit und inneres Licht.<\/p>\n<p data-start=\"576\" data-end=\"761\">Das skulpturale und raffinierte Design macht es perfekt f\u00fcr diejenigen, die ein <strong data-start=\"642\" data-end=\"673\">selbstbewusster und doch anspruchsvoller Stil<\/strong>und Suche <strong data-start=\"683\" data-end=\"722\">originelle starre Armb\u00e4nder f\u00fcr Frauen<\/strong> oder eine <strong data-start=\"728\" data-end=\"760\">ikonisches Juwel zum Verschenken<\/strong>.<\/p>\n<p data-start=\"763\" data-end=\"861\">Eine Mischung aus Handwerkskunst und tropischer Inspiration, die das Handgelenk mit Charakter und Pers\u00f6nlichkeit erstrahlen l\u00e4sst.<\/p>\n<p class=\"p1\">Entwurf Thais Bernardes.<\/p>\n<p class=\"p3\">Einzelheiten:<\/p>\n<ul class=\"ul1\">\n<li class=\"li4\"><span class=\"s1\">925 rhodiniertes Silber<\/span><\/li>\n<li class=\"li4\"><span class=\"s1\">gl\u00e4nzende Oberfl\u00e4che<\/span><\/li>\n<li class=\"li4\"><span class=\"s1\">offenes Drahtarmband<\/span><\/li>\n<li class=\"li4\"><span class=\"s1\">Pflasterrahmen<\/span><\/li>\n<li class=\"li4\"><span class=\"s1\">Zirkonsteine <\/span><\/li>\n<li class=\"li4\"><span class=\"s1\">Thais Bernardes B\u00fcrgschaftsbescheinigung<\/span><\/li>\n<li class=\"li4\"><span class=\"s1\">Hergestellt in Italien<\/span><\/li>\n<\/ul>\n<p class=\"p1\">Unsere Stylisten empfehlen die <a href=\"https:\/\/thaisbernardes.com\/de\/produkt-2\/mini-papageien-ohrringe\/\"><span class=\"s1\">Mini-Papageien-Ohrringe<\/span><\/a> f\u00fcr einen femininen und leichten, aber dennoch aussagekr\u00e4ftigen Look mit Schmuck von Thais Bernardes kombiniert.<\/p>\n<p class=\"p1\">Der Schmuck von Thais Bernardes ist eine Hommage an die Natur, indem er sich von ihr inspirieren l\u00e4sst und uns daran erinnert, dass wir sie sch\u00fctzen m\u00fcssen. Einige Papageienarten sind leider vom Aussterben bedroht, mehr <a href=\"https:\/\/www.repubblica.it\/ambiente\/2018\/09\/10\/news\/il_pappagallo_blu_del_film_rio_si_e_estinto-206081343\/%22%20%5Cl%20%22:~:text=%22Blu%22%20non%20c'%C3%A8,International%20pubblicato%20su%20Science%20Direct.\"><span class=\"s1\">HIER<\/span><\/a> einen Artikel in La Repubblica f\u00fcr weitere Einzelheiten.<\/p>","protected":false},"excerpt":{"rendered":"<p>Thais Bernardes interpretiert die ikonische Figur des brasilianischen Papageis, Symbol f\u00fcr Kreativit\u00e4t und Freiheit, neu und verwandelt sie in ein starres Armband mit elegantem und raffiniertem Design, das an einem Ende mit einem steinbesetzten, papageienf\u00f6rmigen Detail und am anderen Ende mit venezianischen Fransen verziert ist.<\/p>\n<ul>\n<li>925 rhodiniertes Silber<\/li>\n<li>gl\u00e4nzende Oberfl\u00e4che<\/li>\n<li>offenes Drahtarmband<\/li>\n<li>Pflasterrahmen<\/li>\n<li>Zirkonia-Steine<\/li>\n<li>mit Box und Thais Bernardes Garantie<\/li>\n<li>Hergestellt in Italien<\/li>\n<\/ul>\n<p>&nbsp;<\/p>","protected":false},"featured_media":11588,"template":"","meta":[],"product_brand":[],"product_cat":[72,174,88],"product_tag":[68,104,142],"class_list":{"0":"post-2247","1":"product","2":"type-product","3":"status-publish","4":"has-post-thumbnail","6":"product_cat-bracciali","7":"product_cat-brazilian-soul","8":"product_cat-collezioni","9":"product_tag-argento-925","10":"product_tag-gioielli","11":"product_tag-pappagallo","13":"first","14":"instock","15":"shipping-taxable","16":"purchasable","17":"product-type-variable"},"aioseo_notices":[],"jetpack_sharing_enabled":true,"_links":{"self":[{"href":"https:\/\/thaisbernardes.com\/de\/wp-json\/wp\/v2\/product\/2247","targetHints":{"allow":["GET"]}}],"collection":[{"href":"https:\/\/thaisbernardes.com\/de\/wp-json\/wp\/v2\/product"}],"about":[{"href":"https:\/\/thaisbernardes.com\/de\/wp-json\/wp\/v2\/types\/product"}],"wp:featuredmedia":[{"embeddable":true,"href":"https:\/\/thaisbernardes.com\/de\/wp-json\/wp\/v2\/media\/11588"}],"wp:attachment":[{"href":"https:\/\/thaisbernardes.com\/de\/wp-json\/wp\/v2\/media?parent=2247"}],"wp:term":[{"taxonomy":"product_brand","embeddable":true,"href":"https:\/\/thaisbernardes.com\/de\/wp-json\/wp\/v2\/product_brand?post=2247"},{"taxonomy":"product_cat","embeddable":true,"href":"https:\/\/thaisbernardes.com\/de\/wp-json\/wp\/v2\/product_cat?post=2247"},{"taxonomy":"product_tag","embeddable":true,"href":"https:\/\/thaisbernardes.com\/de\/wp-json\/wp\/v2\/product_tag?post=2247"}],"curies":[{"name":"wp","href":"https:\/\/api.w.org\/{rel}","templated":true}]}}