{"id":2355,"date":"2020-07-11T05:42:48","date_gmt":"2020-07-11T08:42:48","guid":{"rendered":"https:\/\/thaisbernardes.com\/?post_type=product&#038;p=2355"},"modified":"2026-03-11T17:06:27","modified_gmt":"2026-03-11T16:06:27","slug":"mini-federarmband","status":"publish","type":"product","link":"https:\/\/thaisbernardes.com\/de\/product\/bracciale-mini-piume\/","title":{"rendered":"Mini-Federarmband"},"content":{"rendered":"<p>Mini-Federarmband<\/p>\n<p>Die Leichtigkeit der Minifeder, die raffinierte Schlie\u00dfe mit venezianischen Fransen und einem Stein im Tropfenschliff verziert. Dieses Armband ist perfekt f\u00fcr alle Gelegenheiten.<\/p>\n<p>Die Feder greift die Federkunst der brasilianischen Indios auf, die in der Vergangenheit verwendet wurde, um eine unvorstellbare Anzahl von Botschaften auszudr\u00fccken.<\/p>\n<p>Es ist Teil der Piume-Kollektion, die die positive Botschaft der brasilianischen Vitalit\u00e4t durch st\u00e4ndige Bez\u00fcge zur Natur transportieren will, aus der Thais Bernardes ihre Inspiration f\u00fcr ihr einzigartiges Design bezieht.<\/p>\n<p>Das Mini-Federarmband ist mit einer kleinen silbernen Feder verziert, hat eine feine Verarbeitung und einen Verschluss mit venezianischen Fransen und einem Naturstein im Tr\u00e4nenschliff.<\/p>\n<p>Federn sind wie ein Segen, sie erinnern uns daran, dass wir nicht allein sind, sondern immer von einem unsichtbaren Wesen begleitet und unterst\u00fctzt werden. F\u00fcr die <strong><a href=\"https:\/\/www.survival.it\/popoli\/brasile\">einheimische v\u00f6lker amazoniens<\/a><\/strong> sind ein Symbol der Freiheit, des Mutes und des freien Geistes.<\/p>\n<p>Unsere Stylisten empfehlen die <a href=\"https:\/\/thaisbernardes.com\/de\/produkt-2\/halskette-mit-minifedern\/\">Halskette mit Minifedern<\/a> in Kombination mit dem Armband mit Minifedern, um einen femininen und leichten, aber aussagekr\u00e4ftigen Look mit Thais Bernardes Schmuck zu erzielen.<\/p>\n<div class=\"page\" title=\"Seite 1\">\n<div class=\"section\">\n<div class=\"layoutArea\">\n<div class=\"column\">\n<p>&nbsp;<\/p>\n<p>&nbsp;<\/p>\n<\/div>\n<\/div>\n<\/div>\n<\/div>","protected":false},"excerpt":{"rendered":"<p>Die Leichtigkeit der Minifeder und der raffinierte, mit venezianischen Fransen und einem Stein im Tropfenschliff verzierte Verschluss machen dieses Armband zu einem perfekten Begleiter f\u00fcr jede Gelegenheit.<\/p>\n<ul>\n<li>925er Silber<\/li>\n<li>gl\u00e4nzende Oberfl\u00e4che<\/li>\n<li>L\u00e4nge 19 cm<\/li>\n<li>Rosenquarz oder Blautopas im Tr\u00e4nenschliff<\/li>\n<li>mit Box und Thais Bernardes Garantie<\/li>\n<li>Hergestellt in Italien<\/li>\n<\/ul>","protected":false},"featured_media":11606,"template":"","meta":[],"product_brand":[],"product_cat":[72,88,103,149],"product_tag":[],"class_list":{"0":"post-2355","1":"product","2":"type-product","3":"status-publish","4":"has-post-thumbnail","6":"product_cat-bracciali","7":"product_cat-collezioni","8":"product_cat-gifts","9":"product_cat-piume","11":"first","12":"instock","13":"shipping-taxable","14":"purchasable","15":"product-type-variable"},"aioseo_notices":[],"jetpack_sharing_enabled":true,"_links":{"self":[{"href":"https:\/\/thaisbernardes.com\/de\/wp-json\/wp\/v2\/product\/2355","targetHints":{"allow":["GET"]}}],"collection":[{"href":"https:\/\/thaisbernardes.com\/de\/wp-json\/wp\/v2\/product"}],"about":[{"href":"https:\/\/thaisbernardes.com\/de\/wp-json\/wp\/v2\/types\/product"}],"wp:featuredmedia":[{"embeddable":true,"href":"https:\/\/thaisbernardes.com\/de\/wp-json\/wp\/v2\/media\/11606"}],"wp:attachment":[{"href":"https:\/\/thaisbernardes.com\/de\/wp-json\/wp\/v2\/media?parent=2355"}],"wp:term":[{"taxonomy":"product_brand","embeddable":true,"href":"https:\/\/thaisbernardes.com\/de\/wp-json\/wp\/v2\/product_brand?post=2355"},{"taxonomy":"product_cat","embeddable":true,"href":"https:\/\/thaisbernardes.com\/de\/wp-json\/wp\/v2\/product_cat?post=2355"},{"taxonomy":"product_tag","embeddable":true,"href":"https:\/\/thaisbernardes.com\/de\/wp-json\/wp\/v2\/product_tag?post=2355"}],"curies":[{"name":"wp","href":"https:\/\/api.w.org\/{rel}","templated":true}]}}