{"id":2368,"date":"2020-07-11T06:31:54","date_gmt":"2020-07-11T09:31:54","guid":{"rendered":"https:\/\/thaisbernardes.com\/?post_type=product&#038;p=2368"},"modified":"2026-05-04T15:48:35","modified_gmt":"2026-05-04T13:48:35","slug":"mini-ketten-ohrringe-und-papageien","status":"publish","type":"product","link":"https:\/\/thaisbernardes.com\/de\/product\/orecchini-catena-mini-e-pappagalli\/","title":{"rendered":"Lange Ohrringe mit Mini-Papageien"},"content":{"rendered":"<p>Lange Ohrringe mit Mini-Papageien<\/p>\n<p class=\"p1\">Thais Bernardes interpretiert die ikonische Figur des brasilianischen Papageis, Symbol f\u00fcr Kreativit\u00e4t und Freiheit, neu und verwandelt sie in ein einzigartiges und leichtes Paar Ohrringe aus 925er Sterlingsilber.<\/p>\n<p class=\"p1\">Es ist Teil der Kollektion Brazilian Soul, die die positive Botschaft der brasilianischen Lebensfreude durch st\u00e4ndige Verweise auf die Natur transportieren will, aus der Thais Bernardes ihre Inspiration f\u00fcr ihr einzigartiges Design bezieht.<\/p>\n<p class=\"p1\">Einzelheiten:<\/p>\n<ul class=\"ul1\">\n<li class=\"li3\"><span class=\"s1\">925 rhodiniertes Silber<\/span><\/li>\n<li class=\"li3\"><span class=\"s1\">gl\u00e4nzende Oberfl\u00e4che<\/span><\/li>\n<li class=\"li3\"><span class=\"s1\">Kettenl\u00e4nge 9 cm<\/span><\/li>\n<li class=\"li3\"><span class=\"s1\">kubischer Zirkoniumdioxid-Stein<\/span><\/li>\n<li class=\"li4\">Thais Bernardes Garantieschein<\/li>\n<li class=\"li3\"><span class=\"s1\">Hergestellt in Italien<\/span><\/li>\n<\/ul>\n<p class=\"p1\">Unsere Stylisten empfehlen, sie asymmetrisch in Kombination mit anderen Ohrringen zu tragen, z.B. Ohrringe <b><i>Minipapageien <\/i><\/b><a href=\"https:\/\/thaisbernardes.com\/de\/produkt-2\/mini-papageien-ohrringe\/\"><span class=\"s1\">.<\/span><\/a><\/p>\n<p class=\"p1\">Die langen Ohrringe mit Mini-Papageien werden in Italien von den besten Schmuckhandwerkern hergestellt.<\/p>\n<p class=\"p1\">Der Schmuck von Thais Bernardes ist eine Hommage an die Natur, indem er sich von ihr inspirieren l\u00e4sst und uns daran erinnert, dass wir sie sch\u00fctzen m\u00fcssen. Einige Papageienarten sind leider vom Aussterben bedroht, mehr <a href=\"https:\/\/www.repubblica.it\/ambiente\/2018\/09\/10\/news\/il_pappagallo_blu_del_film_rio_si_e_estinto-206081343\/%22%20%5Cl%20%22:~:text=%22Blu%22%20non%20c'%C3%A8,International%20pubblicato%20su%20Science%20Direct.\"><span class=\"s1\"><b><i>HIER<\/i><\/b><\/span><\/a><b><i> <\/i><\/b>einen Artikel in La Repubblica f\u00fcr weitere Einzelheiten.<\/p>\n<p class=\"p2\"><span class=\"s2\"><b>THAIS BERNARDES<\/b><\/span> Gioielli ist eine junge Schmuckmarke, die es in kurzer Zeit geschafft hat, dank der Qualit\u00e4t der f\u00fcr ihren Schmuck verwendeten Materialien, ihres zeitgen\u00f6ssischen Stils und der durch ihre Werbekampagnen und Initiativen vermittelten Botschaften die Aufmerksamkeit und Wertsch\u00e4tzung renommierter Kunden und Gesch\u00e4fte zu gewinnen. Sein Schmuck ist eine Mischung aus Italien und Brasilien, Qualit\u00e4t und Tradition, Detail und Leichtigkeit, Eleganz und Mode, f\u00fcr Frauen mit einem nat\u00fcrlichen Gleichgewicht zwischen \" <span class=\"s2\"><b>Schick<\/b> \" e \"<b>Cool<\/b>\".<\/span><\/p>\n<p>&nbsp;<\/p>\n<p>&nbsp;<\/p>\n<p>&nbsp;<\/p>","protected":false},"excerpt":{"rendered":"<p class=\"p1\">Papageien sind ein Symbol f\u00fcr Kreativit\u00e4t, Sch\u00f6nheit und Freiheit. Dieser Schmuck ist all jenen gewidmet, die es lieben, sich ungefiltert zu zeigen und ein Leben voller Liebe, F\u00fclle und Begeisterung zu leben.<\/p>\n<p class=\"p3\">Schmuck aus wertvollen Materialien und vollst\u00e4ndig von italienischen Handwerkern hergestellt.<\/p>","protected":false},"featured_media":11609,"template":"","meta":[],"product_brand":[],"product_cat":[174,88,131],"product_tag":[68,104,142],"class_list":{"0":"post-2368","1":"product","2":"type-product","3":"status-publish","4":"has-post-thumbnail","6":"product_cat-brazilian-soul","7":"product_cat-collezioni","8":"product_cat-orecchini","9":"product_tag-argento-925","10":"product_tag-gioielli","11":"product_tag-pappagallo","13":"first","14":"instock","15":"shipping-taxable","16":"purchasable","17":"product-type-simple"},"aioseo_notices":[],"jetpack_sharing_enabled":true,"_links":{"self":[{"href":"https:\/\/thaisbernardes.com\/de\/wp-json\/wp\/v2\/product\/2368","targetHints":{"allow":["GET"]}}],"collection":[{"href":"https:\/\/thaisbernardes.com\/de\/wp-json\/wp\/v2\/product"}],"about":[{"href":"https:\/\/thaisbernardes.com\/de\/wp-json\/wp\/v2\/types\/product"}],"wp:featuredmedia":[{"embeddable":true,"href":"https:\/\/thaisbernardes.com\/de\/wp-json\/wp\/v2\/media\/11609"}],"wp:attachment":[{"href":"https:\/\/thaisbernardes.com\/de\/wp-json\/wp\/v2\/media?parent=2368"}],"wp:term":[{"taxonomy":"product_brand","embeddable":true,"href":"https:\/\/thaisbernardes.com\/de\/wp-json\/wp\/v2\/product_brand?post=2368"},{"taxonomy":"product_cat","embeddable":true,"href":"https:\/\/thaisbernardes.com\/de\/wp-json\/wp\/v2\/product_cat?post=2368"},{"taxonomy":"product_tag","embeddable":true,"href":"https:\/\/thaisbernardes.com\/de\/wp-json\/wp\/v2\/product_tag?post=2368"}],"curies":[{"name":"wp","href":"https:\/\/api.w.org\/{rel}","templated":true}]}}