{"id":2382,"date":"2020-07-11T06:56:36","date_gmt":"2020-07-11T09:56:36","guid":{"rendered":"https:\/\/thaisbernardes.com\/?post_type=product&#038;p=2382"},"modified":"2026-03-31T15:24:52","modified_gmt":"2026-03-31T13:24:52","slug":"mini-kette-und-feder-ohrringe","status":"publish","type":"product","link":"https:\/\/thaisbernardes.com\/de\/product\/orecchini-catena-mini-e-piume\/","title":{"rendered":"Lange Ohrringe mit Federn"},"content":{"rendered":"<p data-start=\"211\" data-end=\"559\">Gli &#8220;<strong data-start=\"215\" data-end=\"245\">Orecchini Lunghi con Piume&#8221;,<\/strong>\u00a0un gioiello raffinato e leggero, pensato per chi ama uno stile elegante, sensuale e ricco di significato.<br data-start=\"356\" data-end=\"359\" \/>Realizzati in <strong data-start=\"373\" data-end=\"388\">925er Silber<\/strong>, disponibili nella versione <strong data-start=\"417\" data-end=\"433\">placcata oro<\/strong> o <strong data-start=\"436\" data-end=\"447\">rodiata<\/strong>, presentano sottili catene veneziane lunghe <strong data-start=\"492\" data-end=\"500\">9 cm<\/strong>, che creano un movimento fluido e luminoso a ogni passo.<\/p>\n<p data-start=\"561\" data-end=\"729\">La piuma, elemento iconico delle collezioni Thais Bernardes, aggiunge un tocco sofisticato e simbolico, trasformando questi orecchini in un vero talismano da indossare.<\/p>\n<h2 data-start=\"736\" data-end=\"771\"><strong data-start=\"739\" data-end=\"771\">\u00a0Die Bedeutung der Feder<\/strong><\/h2>\n<p data-start=\"773\" data-end=\"1075\">Nelle tradizioni delle popolazioni indigene dell\u2019Amazzonia, la piuma \u00e8 un simbolo sacro: rappresenta <strong data-start=\"874\" data-end=\"924\">libert\u00e0, protezione, coraggio e spirito libero<\/strong>.<br data-start=\"925\" data-end=\"928\" \/>Per molte culture \u00e8 considerata un messaggio spirituale, un segno che ricorda la presenza di una guida invisibile che ci sostiene lungo il cammino.<\/p>\n<p data-start=\"1077\" data-end=\"1226\">Indossare una piuma significa portare con s\u00e9 un invito alla leggerezza, alla forza interiore e alla connessione con la propria essenza pi\u00f9 autentica.<\/p>\n<h2 data-start=\"1233\" data-end=\"1260\"><strong data-start=\"1236\" data-end=\"1260\">\u00a0Perch\u00e9 sceglierli<\/strong><\/h2>\n<ul data-start=\"1262\" data-end=\"1535\">\n<li data-start=\"1262\" data-end=\"1300\">\n<p data-start=\"1264\" data-end=\"1300\">Argento 925 placcato oro o rodiato<\/p>\n<\/li>\n<li data-start=\"1301\" data-end=\"1348\">\n<p data-start=\"1303\" data-end=\"1348\">Catene veneziane leggere e luminose da 9 cm<\/p>\n<\/li>\n<li data-start=\"1349\" data-end=\"1391\">\n<p data-start=\"1351\" data-end=\"1391\">Design elegante, moderno e \u201ceasy chic\u201d<\/p>\n<\/li>\n<li data-start=\"1392\" data-end=\"1426\">\n<p data-start=\"1394\" data-end=\"1426\">Significato simbolico profondo<\/p>\n<\/li>\n<li data-start=\"1427\" data-end=\"1471\">\n<p data-start=\"1429\" data-end=\"1471\">Perfetti come mono orecchino o in coppia<\/p>\n<\/li>\n<li data-start=\"1472\" data-end=\"1535\">\n<p data-start=\"1474\" data-end=\"1535\">Ideali per look sofisticati, versatili e pieni di personalit\u00e0<\/p>\n<\/li>\n<\/ul>\n<p class=\"p1\">Unsere Stylisten empfehlen die Kombination mit dem <a href=\"https:\/\/thaisbernardes.com\/de\/produkt-2\/doppelte-halskette-mit-federn\/\"><span class=\"s1\"><b><i>doppelte Halskette mit Federn<\/i><\/b><\/span><\/a><b><i> <\/i><\/b> f\u00fcr einen v\u00f6llig \"b\u00f6hmischen\" Stil<\/p>\n<p class=\"p2\"><span class=\"s2\"><b>THAIS BERNARDES<\/b><\/span> Gioielli ist eine junge Schmuckmarke, die es in kurzer Zeit geschafft hat, dank der Qualit\u00e4t der f\u00fcr ihren Schmuck verwendeten Materialien, ihres zeitgen\u00f6ssischen Stils und der durch ihre Werbekampagnen und Initiativen vermittelten Botschaften die Aufmerksamkeit und Wertsch\u00e4tzung renommierter Kunden und Gesch\u00e4fte zu gewinnen. Sein Schmuck ist eine Mischung aus Italien und Brasilien, Qualit\u00e4t und Tradition, Detail und Leichtigkeit, Eleganz und Mode, f\u00fcr Frauen mit einem nat\u00fcrlichen Gleichgewicht zwischen \" <span class=\"s2\"><b>Schick<\/b> \" e \"<b>Cool<\/b>\".<\/span><\/p>","protected":false},"excerpt":{"rendered":"<p class=\"p2\">Schmuck aus wertvollen Materialien und vollst\u00e4ndig von lokalen Handwerkern hergestellt.<\/p>\n<ul class=\"ul1\">\n<li class=\"li3\"><span class=\"s1\">925 rhodiniertes oder vergoldetes Silber<\/span><\/li>\n<li class=\"li3\"><span class=\"s1\">gl\u00e4nzende Oberfl\u00e4che<\/span><\/li>\n<li class=\"li3\"><span class=\"s1\">Kettenl\u00e4nge 9 cm<\/span><\/li>\n<li class=\"li4\">Thais Bernardes Garantieschein<\/li>\n<li class=\"li3\"><span class=\"s1\">Hergestellt in Italien<\/span><\/li>\n<\/ul>","protected":false},"featured_media":11613,"template":"","meta":[],"product_brand":[],"product_cat":[103,131,149],"product_tag":[68,104,148],"class_list":{"0":"post-2382","1":"product","2":"type-product","3":"status-publish","4":"has-post-thumbnail","6":"product_cat-gifts","7":"product_cat-orecchini","8":"product_cat-piume","9":"product_tag-argento-925","10":"product_tag-gioielli","11":"product_tag-piume","13":"first","14":"instock","15":"shipping-taxable","16":"purchasable","17":"product-type-variable"},"aioseo_notices":[],"jetpack_sharing_enabled":true,"_links":{"self":[{"href":"https:\/\/thaisbernardes.com\/de\/wp-json\/wp\/v2\/product\/2382","targetHints":{"allow":["GET"]}}],"collection":[{"href":"https:\/\/thaisbernardes.com\/de\/wp-json\/wp\/v2\/product"}],"about":[{"href":"https:\/\/thaisbernardes.com\/de\/wp-json\/wp\/v2\/types\/product"}],"wp:featuredmedia":[{"embeddable":true,"href":"https:\/\/thaisbernardes.com\/de\/wp-json\/wp\/v2\/media\/11613"}],"wp:attachment":[{"href":"https:\/\/thaisbernardes.com\/de\/wp-json\/wp\/v2\/media?parent=2382"}],"wp:term":[{"taxonomy":"product_brand","embeddable":true,"href":"https:\/\/thaisbernardes.com\/de\/wp-json\/wp\/v2\/product_brand?post=2382"},{"taxonomy":"product_cat","embeddable":true,"href":"https:\/\/thaisbernardes.com\/de\/wp-json\/wp\/v2\/product_cat?post=2382"},{"taxonomy":"product_tag","embeddable":true,"href":"https:\/\/thaisbernardes.com\/de\/wp-json\/wp\/v2\/product_tag?post=2382"}],"curies":[{"name":"wp","href":"https:\/\/api.w.org\/{rel}","templated":true}]}}