{"id":2681,"date":"2020-07-29T12:15:19","date_gmt":"2020-07-29T15:15:19","guid":{"rendered":"https:\/\/thaisbernardes.com\/?post_type=product&#038;p=2681"},"modified":"2025-06-26T15:18:47","modified_gmt":"2025-06-26T13:18:47","slug":"asymmetrische-cipo-ohrringe","status":"publish","type":"product","link":"https:\/\/thaisbernardes.com\/de\/product\/orecchini-asimmetrici-cipo\/","title":{"rendered":"Cip\u00f3 Asymmetrische Ohrringe"},"content":{"rendered":"<p>Asymmetrische Ohrringe von Cip\u00f3<\/p>\n<p>Die Inspiration f\u00fcr diese Ohrringe stammt von der Lianenpflanze, die im Herzen des Amazonas-Regenwaldes w\u00e4chst und mit der die Eingeborenen durch eine Tradition der<b> Kunsthandwerk <\/b>alt.<\/p>\n<p>Die beiden Kugeln sind handgefertigt in <b>925er Silber<\/b>ineinander verschlungen, um eine harmonische, schwerelose Skulptur zu schaffen. Eines davon ist ein Herz, das den Fransen Leben einhaucht und <b>Zirkone<\/b> die den K\u00f6rper versch\u00f6nern und ein handgefertigtes St\u00fcck mit ethnischem Touch schaffen, aber absolut raffiniert in Form und Ausf\u00fchrung.<\/p>\n<p>Unsere Stylisten empfehlen die <em><strong><a href=\"https:\/\/thaisbernardes.com\/de\/produkt-2\/cipo-choker-halskette\/\">cip\u00f3 halsband kette<\/a><\/strong><\/em> zu kombinieren mit asymmetrischen Cip\u00f3-Ohrringen f\u00fcr einen sehr modernen und raffinierten Stil.<\/p>\n<p>Alle Schmuckst\u00fccke der Cip\u00f3-Kollektion sind <strong>aus vergoldetem und br\u00fcniertem Silber, hergestellt in Italien,<\/strong> wie die handwerkliche Qualit\u00e4t der Verarbeitung zeigt.<br \/>\nDie Designerin und ehemalige Fotomodell, die sich schon immer f\u00fcr die Rechte indigener V\u00f6lker eingesetzt hat, hat beschlossen, einen Teil des Erl\u00f6ses aus dem Verkauf dieser Kollektion zu spenden <a href=\"https:\/\/www.survival.it\/\"><strong>\u00dcberleben International<\/strong><\/a>die weltweite Bewegung, die sich seit 1969 f\u00fcr die indigenen V\u00f6lker, ihren Schutz und ihre volle Autonomie einsetzt.<\/p>\n<p>Lesen Sie <a href=\"https:\/\/www.vogue.it\/moda\/article\/brasile-amazzonia-nuova-collezione-gioielli-sostenibili-thais-bernardes?fbclid=IwAR2qjmR8-rHveLkd__z_vXJZ8pN5NEQtAl0jiYQOxSiKIdMuwCjohd1R8so\">HIER<\/a> der Artikel \u00fcber die Cip\u00f3-Sammlung, ver\u00f6ffentlicht in <em><strong><a href=\"https:\/\/www.vogue.it\/moda\/article\/brasile-amazzonia-nuova-collezione-gioielli-sostenibili-thais-bernardes?fbclid=IwAR2qjmR8-rHveLkd__z_vXJZ8pN5NEQtAl0jiYQOxSiKIdMuwCjohd1R8so\">VOGUE <\/a><\/strong><\/em><\/p>\n<p>&nbsp;<\/p>\n<p>&nbsp;<\/p>","protected":false},"excerpt":{"rendered":"<p>Asymmetrische Ohrringe<\/p>\n<p>Ein Teil des Erl\u00f6ses ist f\u00fcr folgende Zwecke bestimmt <a href=\"https:\/\/www.survival.it\/\">\u00dcberleben International<\/a>Vereinigung, die die Rechte der indigenen V\u00f6lker sch\u00fctzt und verteidigt.<\/p>\n<ul>\n<li>925 vergoldetes Silber<\/li>\n<li>gl\u00e4nzende Oberfl\u00e4che<\/li>\n<li>Kettenl\u00e4nge 10 cm<\/li>\n<li>Zirkonia-Steine<\/li>\n<li>mit Box und Thais Bernardes Garantie<\/li>\n<li>Hergestellt in Italien<\/li>\n<\/ul>","protected":false},"featured_media":11617,"template":"","meta":[],"product_brand":[],"product_cat":[176,88,131],"product_tag":[69,94,113],"class_list":{"0":"post-2681","1":"product","2":"type-product","3":"status-publish","4":"has-post-thumbnail","6":"product_cat-collezione-cipo-gioielli-thais-bernardes","7":"product_cat-collezioni","8":"product_cat-orecchini","9":"product_tag-asimmetrici","10":"product_tag-design","11":"product_tag-made-in-italy","13":"first","14":"instock","15":"shipping-taxable","16":"purchasable","17":"product-type-simple"},"aioseo_notices":[],"jetpack_sharing_enabled":true,"_links":{"self":[{"href":"https:\/\/thaisbernardes.com\/de\/wp-json\/wp\/v2\/product\/2681","targetHints":{"allow":["GET"]}}],"collection":[{"href":"https:\/\/thaisbernardes.com\/de\/wp-json\/wp\/v2\/product"}],"about":[{"href":"https:\/\/thaisbernardes.com\/de\/wp-json\/wp\/v2\/types\/product"}],"wp:featuredmedia":[{"embeddable":true,"href":"https:\/\/thaisbernardes.com\/de\/wp-json\/wp\/v2\/media\/11617"}],"wp:attachment":[{"href":"https:\/\/thaisbernardes.com\/de\/wp-json\/wp\/v2\/media?parent=2681"}],"wp:term":[{"taxonomy":"product_brand","embeddable":true,"href":"https:\/\/thaisbernardes.com\/de\/wp-json\/wp\/v2\/product_brand?post=2681"},{"taxonomy":"product_cat","embeddable":true,"href":"https:\/\/thaisbernardes.com\/de\/wp-json\/wp\/v2\/product_cat?post=2681"},{"taxonomy":"product_tag","embeddable":true,"href":"https:\/\/thaisbernardes.com\/de\/wp-json\/wp\/v2\/product_tag?post=2681"}],"curies":[{"name":"wp","href":"https:\/\/api.w.org\/{rel}","templated":true}]}}