{"id":2723,"date":"2020-07-30T06:32:15","date_gmt":"2020-07-30T09:32:15","guid":{"rendered":"https:\/\/thaisbernardes.com\/?post_type=product&#038;p=2723"},"modified":"2026-03-11T23:43:19","modified_gmt":"2026-03-11T22:43:19","slug":"doppel-cipo-ring","status":"publish","type":"product","link":"https:\/\/thaisbernardes.com\/de\/product\/anello-doppio-cipo\/","title":{"rendered":"Doppelter Ring Cip\u00f3"},"content":{"rendered":"<p>Doppelter Ring Cip\u00f3<\/p>\n<p>Die Inspiration f\u00fcr diesen Ring stammt von der Lianenpflanze, die im Herzen des Amazonas-Regenwaldes w\u00e4chst und mit der die Eingeborenen durch eine Tradition von<b> Kunsthandwerk <\/b>alt.<\/p>\n<p>Die drei Sph\u00e4ren in <b>925er Silber<\/b>sind zu einer harmonischen, schwerelosen Skulptur verwoben.<\/p>\n<p>Unsere Stylisten empfehlen die <em><strong><a href=\"https:\/\/thaisbernardes.com\/de\/produkt-2\/asimmehttps-ohrringe\/\/thaisbernardes-com\/produkt-2\/asymmetrische-cipo-ohrringe\/trici-cipo\/\">Asymmetrische Ohrringe von Cip\u00f3<\/a><\/strong><\/em> zur Kombination mit dem Cip\u00f3-Doppelring f\u00fcr einen sehr modernen und raffinierten Stil.<\/p>\n<p>Alle Juwelen in der Kapsel sind <strong>aus vergoldetem und br\u00fcniertem Silber, hergestellt in Italien,<\/strong> wie die handwerkliche Qualit\u00e4t der Verarbeitung zeigt.<br \/>\nDie Designerin und ehemalige Fotomodell, die sich schon immer f\u00fcr die Rechte indigener V\u00f6lker eingesetzt hat, hat beschlossen, einen Teil des Erl\u00f6ses aus dem Verkauf dieser Kollektion zu spenden <a href=\"https:\/\/www.survival.it\/\"><strong>\u00dcberleben International<\/strong><\/a>die weltweite Bewegung, die sich seit 1969 f\u00fcr die indigenen V\u00f6lker, ihren Schutz und ihre volle Autonomie einsetzt.<\/p>\n<p>&nbsp;<\/p>","protected":false},"excerpt":{"rendered":"<p>Ein Teil des Erl\u00f6ses kommt Survival International zugute, einer Organisation, die sich f\u00fcr den Schutz und die Verteidigung der Rechte der indigenen V\u00f6lker einsetzt.<\/p>\n<ul>\n<li>925 vergoldetes Silber<\/li>\n<li>gl\u00e4nzende Oberfl\u00e4che<\/li>\n<li>Gr\u00f6\u00dfen 10 + 12 tragen<\/li>\n<li>mit Box und Thais Bernardes Garantie<\/li>\n<li>Hergestellt in Italien<\/li>\n<li>ordina misura diverse mandando una mail a <a href=\"mailto:shop@thaisbernardes.com\">shop@thaisbernardes.com<\/a><div class=\"is-divider divider clearfix\" style=\"max-width:small;\"><\/div>\n<a href=\"#WSG\" class=\"button primary lowercase\" >\n\t\t<span>Guida Misure<\/span>\n\t<\/a>\n\n\n\t<div id=\"text-1489233147\" class=\"text hidden\">\n\t\t\n\n<p>\t<div id=\"WSG\"\n\t     class=\"lightbox-by-id lightbox-content mfp-hide lightbox-white\"\n\t     style=\"max-width:600px ;padding:20px\">\n\t\t<div class=\"row row-collapse row-full-width\"  id=\"row-132860354\">\n\n\n\t<div id=\"col-851291768\" class=\"col small-12 large-12\"  >\n\t\t\t\t<div class=\"col-inner text-center\" style=\"background-color:rgb(22, 70, 63);\" >\n\t\t\t\n\t\t\t\n\n\n\t<section class=\"section\" id=\"section_285791010\">\n\t\t<div class=\"section-bg fill\" >\n\t\t\t\t\t\t\t\t\t\n\t\t\t\n\n\t\t<\/div>\n\n\t\t\n\n\t\t<div class=\"section-content relative\">\n\t\t\t\n\n<div class=\"container section-title-container\" ><h4 class=\"section-title section-title-center\"><b aria-hidden=\"true\"><\/b><span class=\"section-title-main\" style=\"color:rgb(255, 255, 255);\">Guida Misure anelli<\/span><b aria-hidden=\"true\"><\/b><\/h4><\/div>\n\n\t<div id=\"text-1065282881\" class=\"text\">\n\t\t\n\n<table style=\"font-size: 14.4px;\">\n<thead>\n<tr>\n<th style=\"text-align: center;\"><span style=\"color: #ffffff;\">Misure<\/span><\/th>\n<th style=\"text-align: center;\"><span style=\"color: #ffffff;\">Diametro in mm<\/span><\/th>\n<\/tr>\n<\/thead>\n<tbody>\n<tr>\n<td style=\"text-align: center;\"><span style=\"color: #ffffff;\">6 \/ 46<\/span><\/td>\n<td style=\"text-align: center;\"><span style=\"color: #ffffff;\">14,65<\/span><\/td>\n<\/tr>\n<tr>\n<td style=\"text-align: center;\"><span style=\"color: #ffffff;\">7 \/ 47<\/span><\/td>\n<td style=\"text-align: center;\"><span style=\"color: #ffffff;\">14,97<\/span><\/td>\n<\/tr>\n<tr>\n<td style=\"text-align: center;\"><span style=\"color: #ffffff;\">8 \/ 48<\/span><\/td>\n<td style=\"text-align: center;\"><span style=\"color: #ffffff;\">15,29<\/span><\/td>\n<\/tr>\n<tr>\n<td style=\"text-align: center;\"><span style=\"color: #ffffff;\">9 \/ 49<\/span><\/td>\n<td style=\"text-align: center;\"><span style=\"color: #ffffff;\">15,61<\/span><\/td>\n<\/tr>\n<tr>\n<td style=\"text-align: center;\"><span style=\"color: #ffffff;\">10 \/ 50<\/span><\/td>\n<td style=\"text-align: center;\"><span style=\"color: #ffffff;\">15,92<\/span><\/td>\n<\/tr>\n<tr>\n<td style=\"text-align: center;\"><span style=\"color: #ffffff;\">11 \/ 51<\/span><\/td>\n<td style=\"text-align: center;\"><span style=\"color: #ffffff;\">16,24<\/span><\/td>\n<\/tr>\n<tr>\n<td style=\"text-align: center;\"><span style=\"color: #ffffff;\">12 \/ 52<\/span><\/td>\n<td style=\"text-align: center;\"><span style=\"color: #ffffff;\">16,56<\/span><\/td>\n<\/tr>\n<tr>\n<td style=\"text-align: center;\"><span style=\"color: #ffffff;\">13 \/ 53<\/span><\/td>\n<td style=\"text-align: center;\"><span style=\"color: #ffffff;\">16,88<\/span><\/td>\n<\/tr>\n<tr>\n<td style=\"text-align: center;\"><span style=\"color: #ffffff;\">14 \/ 54<\/span><\/td>\n<td style=\"text-align: center;\"><span style=\"color: #ffffff;\">17,2<\/span><\/td>\n<\/tr>\n<tr>\n<td style=\"text-align: center;\"><span style=\"color: #ffffff;\">15 \/ 55<\/span><\/td>\n<td style=\"text-align: center;\"><span style=\"color: #ffffff;\">17,52<\/span><\/td>\n<\/tr>\n<tr>\n<td style=\"text-align: center;\"><span style=\"color: #ffffff;\">16 \/ 56<\/span><\/td>\n<td style=\"text-align: center;\"><span style=\"color: #ffffff;\">17,83<\/span><\/td>\n<\/tr>\n<tr>\n<td style=\"text-align: center;\"><span style=\"color: #ffffff;\">17 \/ 57<\/span><\/td>\n<td style=\"text-align: center;\"><span style=\"color: #ffffff;\">18,15<\/span><\/td>\n<\/tr>\n<tr>\n<td style=\"text-align: center;\"><span style=\"color: #ffffff;\">18 \/ 58<\/span><\/td>\n<td style=\"text-align: center;\"><span style=\"color: #ffffff;\">18,47<\/span><\/td>\n<\/tr>\n<tr>\n<td style=\"text-align: center;\"><span style=\"color: #ffffff;\">19 \/ 59<\/span><\/td>\n<td style=\"text-align: center;\"><span style=\"color: #ffffff;\">18,79<\/span><\/td>\n<\/tr>\n<tr>\n<td style=\"text-align: center;\"><span style=\"color: #ffffff;\">20 \/ 60<\/span><\/td>\n<td style=\"text-align: center;\"><span style=\"color: #ffffff;\">19,11<\/span><\/td>\n<\/tr>\n<\/tbody>\n<\/table>\n<p>\u00a0<\/p>\n\t\t\n<style>\n#text-1065282881 {\n  color: rgb(255, 255, 255);\n}\n#text-1065282881 > * {\n  color: rgb(255, 255, 255);\n}\n<\/style>\n\t<\/div>\n\t\n\t<div id=\"text-1316723912\" class=\"text\">\n\t\t\n\n<p style=\"text-align: center;\"><span style=\"font-size: 85%;\">Hai ancora dubbi?<\/span><\/p>\n<p style=\"text-align: center;\"><span style=\"font-size: 85%;\"><a class=\"button alert primary\" href=\"https:\/\/thaisbernardes.com\/de\/misure-anelli-e-conversione\/\">guida completa<\/a><\/span><\/p>\n\n\t\t\n<style>\n#text-1316723912 {\n  line-height: 0.75;\n  color: rgb(255,255,255);\n}\n#text-1316723912 > * {\n  color: rgb(255,255,255);\n}\n<\/style>\n\t<\/div>\n\t\n\n\t\t<\/div>\n\n\t\t\n<style>\n#section_285791010 {\n  padding-top: 0px;\n  padding-bottom: 0px;\n}\n<\/style>\n\t<\/section>\n\t\n\n\t\t<\/div>\n\t\t\t\t\t<\/div>\n\n\t\n\n\n<style>\n#row-132860354 > .col > .col-inner {\n  background-color: #16463f;\n}\n<\/style>\n<\/div>\t<\/div>\n\t\n\t<\/p>\n<p>&nbsp;<\/p>\n\t\t\t<\/div>\n\t<\/li>\n<\/ul>","protected":false},"featured_media":11622,"template":"","meta":[],"product_brand":[],"product_cat":[59,176,88],"product_tag":[97],"class_list":{"0":"post-2723","1":"product","2":"type-product","3":"status-publish","4":"has-post-thumbnail","6":"product_cat-anelli","7":"product_cat-collezione-cipo-gioielli-thais-bernardes","8":"product_cat-collezioni","9":"product_tag-doppio","11":"first","12":"instock","13":"shipping-taxable","14":"purchasable","15":"product-type-variable"},"aioseo_notices":[],"jetpack_sharing_enabled":true,"_links":{"self":[{"href":"https:\/\/thaisbernardes.com\/de\/wp-json\/wp\/v2\/product\/2723","targetHints":{"allow":["GET"]}}],"collection":[{"href":"https:\/\/thaisbernardes.com\/de\/wp-json\/wp\/v2\/product"}],"about":[{"href":"https:\/\/thaisbernardes.com\/de\/wp-json\/wp\/v2\/types\/product"}],"wp:featuredmedia":[{"embeddable":true,"href":"https:\/\/thaisbernardes.com\/de\/wp-json\/wp\/v2\/media\/11622"}],"wp:attachment":[{"href":"https:\/\/thaisbernardes.com\/de\/wp-json\/wp\/v2\/media?parent=2723"}],"wp:term":[{"taxonomy":"product_brand","embeddable":true,"href":"https:\/\/thaisbernardes.com\/de\/wp-json\/wp\/v2\/product_brand?post=2723"},{"taxonomy":"product_cat","embeddable":true,"href":"https:\/\/thaisbernardes.com\/de\/wp-json\/wp\/v2\/product_cat?post=2723"},{"taxonomy":"product_tag","embeddable":true,"href":"https:\/\/thaisbernardes.com\/de\/wp-json\/wp\/v2\/product_tag?post=2723"}],"curies":[{"name":"wp","href":"https:\/\/api.w.org\/{rel}","templated":true}]}}