{"id":2737,"date":"2020-07-30T09:32:40","date_gmt":"2020-07-30T12:32:40","guid":{"rendered":"https:\/\/thaisbernardes.com\/?post_type=product&#038;p=2737"},"modified":"2025-06-29T22:28:40","modified_gmt":"2025-06-29T20:28:40","slug":"cipo-choker-halskette","status":"publish","type":"product","link":"https:\/\/thaisbernardes.com\/de\/product\/collana-girocollo-cipo\/","title":{"rendered":"Cip\u00f3-Halskette"},"content":{"rendered":"<p>&nbsp;<\/p>\n<p>Cip\u00f2 Halskette<\/p>\n<p>Die Inspiration f\u00fcr diese Halskette stammt von der Lianenpflanze, die im Herzen des Amazonas-Regenwaldes w\u00e4chst und mit der die Eingeborenen durch eine Tradition von<b> Kunsthandwerk <\/b>alt.<\/p>\n<p>Die Kugel in <b>925er Silber<\/b>sind miteinander verwoben, um eine harmonische und schwerelose Skulptur zu schaffen, ein Herz, das Steine zum Leben erweckt, die den K\u00f6rper versch\u00f6nern und ein handgefertigtes St\u00fcck mit ethnischem Touch, aber absolut raffiniert in Form und Ausf\u00fchrung, entstehen lassen.<\/p>\n<p>Unsere Stylisten empfehlen die <em><strong><a href=\"https:\/\/thaisbernardes.com\/de\/produkt-2\/asimmehttps-ohrringe\/\/thaisbernardes-com\/produkt-2\/asymmetrische-cipo-ohrringe\/trici-cipo\/\">Asymmetrische Ohrringe von Cip\u00f3<\/a><\/strong><\/em> zu kombinieren mit dem Cip\u00f3-Halsband f\u00fcr einen sehr modernen und raffinierten Stil.<\/p>\n<p>Alle Juwelen in der Kapsel sind <strong>aus vergoldetem und br\u00fcniertem Silber, hergestellt in Italien,<\/strong> wie die handwerkliche Qualit\u00e4t der Verarbeitung zeigt.<br \/>\nDie Designerin und ehemalige Fotomodell, die sich schon immer f\u00fcr die Rechte indigener V\u00f6lker eingesetzt hat, hat beschlossen, einen Teil des Erl\u00f6ses aus dem Verkauf dieser Kollektion zu spenden <a href=\"https:\/\/www.survival.it\/\"><strong>\u00dcberleben International<\/strong><\/a>die weltweite Bewegung, die sich seit 1969 f\u00fcr die indigenen V\u00f6lker, ihren Schutz und ihre volle Autonomie einsetzt.<\/p>\n<p><strong>THAIS BERNARDES<\/strong> Gioielli ist eine junge Schmuckmarke, die es in kurzer Zeit geschafft hat, dank der Qualit\u00e4t der f\u00fcr ihren Schmuck verwendeten Materialien, ihres zeitgen\u00f6ssischen Stils und der durch ihre Werbekampagnen und Initiativen vermittelten Botschaften die Aufmerksamkeit und Wertsch\u00e4tzung renommierter Kunden und Gesch\u00e4fte zu gewinnen. Sein Schmuck ist eine Mischung aus Italien und Brasilien, Qualit\u00e4t und Tradition, Detail und Leichtigkeit, Eleganz und Mode, f\u00fcr Frauen mit einem nat\u00fcrlichen Gleichgewicht zwischen \" <strong>Schick<\/strong> \" e \"<strong>Cool<\/strong>\".<\/p>","protected":false},"excerpt":{"rendered":"<p>Die Inspiration f\u00fcr diese Halskette stammt von der Lianenpflanze, die im Herzen des Amazonas-Regenwaldes w\u00e4chst und mit der die Ureinwohner durch eine Tradition von<b> Kunsthandwerk <\/b>alt.<\/p>\n<ul>\n<li>925 vergoldetes Silber<\/li>\n<li>diamantgeschliffene Oberfl\u00e4che<\/li>\n<li>Diamantgliederkette<\/li>\n<li>Karabinerhaken<\/li>\n<li>kubischer Zirkoniumdioxid-Stein<\/li>\n<li>L\u00e4nge 40 cm + 6 cm Verl\u00e4ngerung<\/li>\n<li>Detail venezianische Ketten exklusiv Thais Bernardes Schmuck<\/li>\n<li>mit Box und Thais Bernardes Garantie<\/li>\n<li>Hergestellt in Italien<\/li>\n<\/ul>\n<p>&nbsp;<\/p>","protected":false},"featured_media":11626,"template":"","meta":[],"product_brand":[],"product_cat":[176,86,88],"product_tag":[104],"class_list":{"0":"post-2737","1":"product","2":"type-product","3":"status-publish","4":"has-post-thumbnail","6":"product_cat-collezione-cipo-gioielli-thais-bernardes","7":"product_cat-collane","8":"product_cat-collezioni","9":"product_tag-gioielli","11":"first","12":"onbackorder","13":"shipping-taxable","14":"purchasable","15":"product-type-simple"},"aioseo_notices":[],"jetpack_sharing_enabled":true,"_links":{"self":[{"href":"https:\/\/thaisbernardes.com\/de\/wp-json\/wp\/v2\/product\/2737","targetHints":{"allow":["GET"]}}],"collection":[{"href":"https:\/\/thaisbernardes.com\/de\/wp-json\/wp\/v2\/product"}],"about":[{"href":"https:\/\/thaisbernardes.com\/de\/wp-json\/wp\/v2\/types\/product"}],"wp:featuredmedia":[{"embeddable":true,"href":"https:\/\/thaisbernardes.com\/de\/wp-json\/wp\/v2\/media\/11626"}],"wp:attachment":[{"href":"https:\/\/thaisbernardes.com\/de\/wp-json\/wp\/v2\/media?parent=2737"}],"wp:term":[{"taxonomy":"product_brand","embeddable":true,"href":"https:\/\/thaisbernardes.com\/de\/wp-json\/wp\/v2\/product_brand?post=2737"},{"taxonomy":"product_cat","embeddable":true,"href":"https:\/\/thaisbernardes.com\/de\/wp-json\/wp\/v2\/product_cat?post=2737"},{"taxonomy":"product_tag","embeddable":true,"href":"https:\/\/thaisbernardes.com\/de\/wp-json\/wp\/v2\/product_tag?post=2737"}],"curies":[{"name":"wp","href":"https:\/\/api.w.org\/{rel}","templated":true}]}}