{"id":2801,"date":"2020-08-01T07:50:03","date_gmt":"2020-08-01T10:50:03","guid":{"rendered":"https:\/\/thaisbernardes.com\/?post_type=product&#038;p=2801"},"modified":"2026-05-08T11:35:37","modified_gmt":"2026-05-08T09:35:37","slug":"mini-chevalier-ring-aus-nachhaltigem-18k-gold","status":"publish","type":"product","link":"https:\/\/thaisbernardes.com\/de\/product\/anello-mini-chevalier-in-oro-18k-sostenibile\/","title":{"rendered":"Mini Chevalier Ring aus 18K Gold"},"content":{"rendered":"<p>MINI CHEVALIER RING AUS NACHHALTIGEM 18K GOLD<\/p>\n<p>Die Capsule Collection ist eine Hommage an die Mutter aller brasilianischen Feste, bei denen Millionen von Menschen zusammenkommen, um Momente der Freude und Spontaneit\u00e4t zu erleben: den Karneval.<\/p>\n<p>Kauf von Schmuck <strong><a href=\"https:\/\/www.instagram.com\/fairminedofficial\/\">FAIRMINED<\/a><\/strong>bedeutet auch, die Projekte von Handwerkergemeinschaften zu unterst\u00fctzen.<\/p>\n<p>Unsere Stylisten empfehlen die <strong><a href=\"https:\/\/thaisbernardes.com\/de\/produkt-2\/serpentinas-gold-ohrring\/\">asymmetrische \"Streamer\"-Ohrringe<\/a><\/strong>passend zum nachhaltigen Mini-Chevalier-Ring aus 18 Karat Gold f\u00fcr einen sehr schicken Look.<\/p>\n<p>Alle Kreationen sind 100% \"designed and made in Italy\" und sollen ein Leben lang halten.<\/p>\n<p><strong>THAIS BERNARDES<\/strong> Jewellery ist eine junge Schmuckmarke, die es in kurzer Zeit geschafft hat, dank der Qualit\u00e4t der f\u00fcr ihren Schmuck verwendeten Materialien die Aufmerksamkeit und Wertsch\u00e4tzung renommierter Kunden und Gesch\u00e4fte zu gewinnen<\/p>\n<p>zeitgen\u00f6ssischen Stil und die Botschaften, die durch die Werbekampagnen und Initiativen vermittelt werden. Sein Schmuck ist eine Mischung aus Italien und Brasilien, Qualit\u00e4t und Tradition, Detail und Leichtigkeit, Eleganz und Mode, f\u00fcr Frauen mit einem nat\u00fcrlichen Gleichgewicht zwischen \" <strong>Schick<\/strong> \" e \"<strong>Cool<\/strong>\".<\/p>\n<p>F\u00fcr Informationen schreiben Sie uns an info@thaisbernardes.com<\/p>\n<p>&nbsp;<\/p>\n<p>Fairmined-Zertifizierung - Gold <a href=\"https:\/\/www.fairmined.org\/what-is-fairmined\/\">FAIRMINED<\/a>insgesamt in S\u00fcdamerika abgebaut und die Einhaltung der Arbeitsbedingungen der Bergleute bescheinigt.<\/p>\n<p><img data-recalc-dims=\"1\" loading=\"lazy\" decoding=\"async\" class=\"wp-image-2565\" src=\"https:\/\/i0.wp.com\/thaisbernardes.com\/wp-content\/uploads\/2020\/07\/Fairmined-License-Thais-Bernardes_page-0001.jpg?resize=635%2C449&#038;ssl=1\" alt=\"Fairmined-Lizenz - Thais Bernardes\" width=\"635\" height=\"449\" srcset=\"https:\/\/i0.wp.com\/thaisbernardes.com\/wp-content\/uploads\/2020\/07\/Fairmined-License-Thais-Bernardes_page-0001.jpg?w=1755&amp;ssl=1 1755w, https:\/\/i0.wp.com\/thaisbernardes.com\/wp-content\/uploads\/2020\/07\/Fairmined-License-Thais-Bernardes_page-0001.jpg?resize=1000%2C707&amp;ssl=1 1000w, https:\/\/i0.wp.com\/thaisbernardes.com\/wp-content\/uploads\/2020\/07\/Fairmined-License-Thais-Bernardes_page-0001.jpg?resize=300%2C212&amp;ssl=1 300w, https:\/\/i0.wp.com\/thaisbernardes.com\/wp-content\/uploads\/2020\/07\/Fairmined-License-Thais-Bernardes_page-0001.jpg?resize=1024%2C724&amp;ssl=1 1024w, https:\/\/i0.wp.com\/thaisbernardes.com\/wp-content\/uploads\/2020\/07\/Fairmined-License-Thais-Bernardes_page-0001.jpg?resize=768%2C543&amp;ssl=1 768w, https:\/\/i0.wp.com\/thaisbernardes.com\/wp-content\/uploads\/2020\/07\/Fairmined-License-Thais-Bernardes_page-0001.jpg?resize=1536%2C1086&amp;ssl=1 1536w\" sizes=\"auto, (max-width: 635px) 100vw, 635px\" \/>,<\/p>\n<p>&nbsp;<\/p>","protected":false},"excerpt":{"rendered":"<p>Mini-Chevalier-Ring aus nachhaltigem, fair verarbeitetem Gold<\/p>\n<p>Fairmined-Zertifizierung - FAIRMINED-Gold, das vollst\u00e4ndig in S\u00fcdamerika abgebaut wird und f\u00fcr das die Achtung der Arbeitsbedingungen der Bergleute zertifiziert ist.<\/p>\n<p>Weitere Informationen <a href=\"https:\/\/www.youtube.com\/watch?v=zZiqqIdeVME\">Hier klicken<\/a><\/p>\n<ul>\n<li>18K Gelbgold<\/li>\n<li>gl\u00e4nzende Oberfl\u00e4che<\/li>\n<li>Kieferrahmen<\/li>\n<li>waldgr\u00fcner Emaille<\/li>\n<li>blauer Saphir Stein<\/li>\n<li>mit Box und Thais Bernardes Garantie<\/li>\n<li>Hergestellt in Italien<br \/>\n<div class=\"is-divider divider clearfix\" style=\"max-width:small;\"><\/div>\n<a href=\"#WSG\" class=\"button primary lowercase\" >\n\t\t<span>Guida Misure<\/span>\n\t<\/a>\n\n\n\t<div id=\"text-129326898\" class=\"text hidden\">\n\t\t\n\n<p>\t<div id=\"WSG\"\n\t     class=\"lightbox-by-id lightbox-content mfp-hide lightbox-white\"\n\t     style=\"max-width:600px ;padding:20px\">\n\t\t<div class=\"row row-collapse row-full-width\"  id=\"row-1060517689\">\n\n\n\t<div id=\"col-910296458\" class=\"col small-12 large-12\"  >\n\t\t\t\t<div class=\"col-inner text-center\" style=\"background-color:rgb(22, 70, 63);\" >\n\t\t\t\n\t\t\t\n\n\n\t<section class=\"section\" id=\"section_1337901451\">\n\t\t<div class=\"section-bg fill\" >\n\t\t\t\t\t\t\t\t\t\n\t\t\t\n\n\t\t<\/div>\n\n\t\t\n\n\t\t<div class=\"section-content relative\">\n\t\t\t\n\n<div class=\"container section-title-container\" ><h4 class=\"section-title section-title-center\"><b aria-hidden=\"true\"><\/b><span class=\"section-title-main\" style=\"color:rgb(255, 255, 255);\">Guida Misure anelli<\/span><b aria-hidden=\"true\"><\/b><\/h4><\/div>\n\n\t<div id=\"text-1154459435\" class=\"text\">\n\t\t\n\n<table style=\"font-size: 14.4px;\">\n<thead>\n<tr>\n<th style=\"text-align: center;\"><span style=\"color: #ffffff;\">Misure<\/span><\/th>\n<th style=\"text-align: center;\"><span style=\"color: #ffffff;\">Diametro in mm<\/span><\/th>\n<\/tr>\n<\/thead>\n<tbody>\n<tr>\n<td style=\"text-align: center;\"><span style=\"color: #ffffff;\">6 \/ 46<\/span><\/td>\n<td style=\"text-align: center;\"><span style=\"color: #ffffff;\">14,65<\/span><\/td>\n<\/tr>\n<tr>\n<td style=\"text-align: center;\"><span style=\"color: #ffffff;\">7 \/ 47<\/span><\/td>\n<td style=\"text-align: center;\"><span style=\"color: #ffffff;\">14,97<\/span><\/td>\n<\/tr>\n<tr>\n<td style=\"text-align: center;\"><span style=\"color: #ffffff;\">8 \/ 48<\/span><\/td>\n<td style=\"text-align: center;\"><span style=\"color: #ffffff;\">15,29<\/span><\/td>\n<\/tr>\n<tr>\n<td style=\"text-align: center;\"><span style=\"color: #ffffff;\">9 \/ 49<\/span><\/td>\n<td style=\"text-align: center;\"><span style=\"color: #ffffff;\">15,61<\/span><\/td>\n<\/tr>\n<tr>\n<td style=\"text-align: center;\"><span style=\"color: #ffffff;\">10 \/ 50<\/span><\/td>\n<td style=\"text-align: center;\"><span style=\"color: #ffffff;\">15,92<\/span><\/td>\n<\/tr>\n<tr>\n<td style=\"text-align: center;\"><span style=\"color: #ffffff;\">11 \/ 51<\/span><\/td>\n<td style=\"text-align: center;\"><span style=\"color: #ffffff;\">16,24<\/span><\/td>\n<\/tr>\n<tr>\n<td style=\"text-align: center;\"><span style=\"color: #ffffff;\">12 \/ 52<\/span><\/td>\n<td style=\"text-align: center;\"><span style=\"color: #ffffff;\">16,56<\/span><\/td>\n<\/tr>\n<tr>\n<td style=\"text-align: center;\"><span style=\"color: #ffffff;\">13 \/ 53<\/span><\/td>\n<td style=\"text-align: center;\"><span style=\"color: #ffffff;\">16,88<\/span><\/td>\n<\/tr>\n<tr>\n<td style=\"text-align: center;\"><span style=\"color: #ffffff;\">14 \/ 54<\/span><\/td>\n<td style=\"text-align: center;\"><span style=\"color: #ffffff;\">17,2<\/span><\/td>\n<\/tr>\n<tr>\n<td style=\"text-align: center;\"><span style=\"color: #ffffff;\">15 \/ 55<\/span><\/td>\n<td style=\"text-align: center;\"><span style=\"color: #ffffff;\">17,52<\/span><\/td>\n<\/tr>\n<tr>\n<td style=\"text-align: center;\"><span style=\"color: #ffffff;\">16 \/ 56<\/span><\/td>\n<td style=\"text-align: center;\"><span style=\"color: #ffffff;\">17,83<\/span><\/td>\n<\/tr>\n<tr>\n<td style=\"text-align: center;\"><span style=\"color: #ffffff;\">17 \/ 57<\/span><\/td>\n<td style=\"text-align: center;\"><span style=\"color: #ffffff;\">18,15<\/span><\/td>\n<\/tr>\n<tr>\n<td style=\"text-align: center;\"><span style=\"color: #ffffff;\">18 \/ 58<\/span><\/td>\n<td style=\"text-align: center;\"><span style=\"color: #ffffff;\">18,47<\/span><\/td>\n<\/tr>\n<tr>\n<td style=\"text-align: center;\"><span style=\"color: #ffffff;\">19 \/ 59<\/span><\/td>\n<td style=\"text-align: center;\"><span style=\"color: #ffffff;\">18,79<\/span><\/td>\n<\/tr>\n<tr>\n<td style=\"text-align: center;\"><span style=\"color: #ffffff;\">20 \/ 60<\/span><\/td>\n<td style=\"text-align: center;\"><span style=\"color: #ffffff;\">19,11<\/span><\/td>\n<\/tr>\n<\/tbody>\n<\/table>\n<p>\u00a0<\/p>\n\t\t\n<style>\n#text-1154459435 {\n  color: rgb(255, 255, 255);\n}\n#text-1154459435 > * {\n  color: rgb(255, 255, 255);\n}\n<\/style>\n\t<\/div>\n\t\n\t<div id=\"text-687094747\" class=\"text\">\n\t\t\n\n<p style=\"text-align: center;\"><span style=\"font-size: 85%;\">Hai ancora dubbi?<\/span><\/p>\n<p style=\"text-align: center;\"><span style=\"font-size: 85%;\"><a class=\"button alert primary\" href=\"https:\/\/thaisbernardes.com\/de\/misure-anelli-e-conversione\/\">guida completa<\/a><\/span><\/p>\n\n\t\t\n<style>\n#text-687094747 {\n  line-height: 0.75;\n  color: rgb(255,255,255);\n}\n#text-687094747 > * {\n  color: rgb(255,255,255);\n}\n<\/style>\n\t<\/div>\n\t\n\n\t\t<\/div>\n\n\t\t\n<style>\n#section_1337901451 {\n  padding-top: 0px;\n  padding-bottom: 0px;\n}\n<\/style>\n\t<\/section>\n\t\n\n\t\t<\/div>\n\t\t\t\t\t<\/div>\n\n\t\n\n\n<style>\n#row-1060517689 > .col > .col-inner {\n  background-color: #16463f;\n}\n<\/style>\n<\/div>\t<\/div>\n\t\n\t<\/p>\n<p>&nbsp;<\/p>\n\t\t\t<\/div>\n\t<\/li>\n<\/ul>","protected":false},"featured_media":11648,"template":"","meta":[],"product_brand":[],"product_cat":[59,175,88],"product_tag":[78,99,104,114],"class_list":{"0":"post-2801","1":"product","2":"type-product","3":"status-publish","4":"has-post-thumbnail","6":"product_cat-anelli","7":"product_cat-carnevale","8":"product_cat-collezioni","9":"product_tag-chevalier","10":"product_tag-fairmined","11":"product_tag-gioielli","12":"product_tag-mini","14":"first","15":"onbackorder","16":"shipping-taxable","17":"purchasable","18":"product-type-variable"},"aioseo_notices":[],"jetpack_sharing_enabled":true,"_links":{"self":[{"href":"https:\/\/thaisbernardes.com\/de\/wp-json\/wp\/v2\/product\/2801","targetHints":{"allow":["GET"]}}],"collection":[{"href":"https:\/\/thaisbernardes.com\/de\/wp-json\/wp\/v2\/product"}],"about":[{"href":"https:\/\/thaisbernardes.com\/de\/wp-json\/wp\/v2\/types\/product"}],"wp:featuredmedia":[{"embeddable":true,"href":"https:\/\/thaisbernardes.com\/de\/wp-json\/wp\/v2\/media\/11648"}],"wp:attachment":[{"href":"https:\/\/thaisbernardes.com\/de\/wp-json\/wp\/v2\/media?parent=2801"}],"wp:term":[{"taxonomy":"product_brand","embeddable":true,"href":"https:\/\/thaisbernardes.com\/de\/wp-json\/wp\/v2\/product_brand?post=2801"},{"taxonomy":"product_cat","embeddable":true,"href":"https:\/\/thaisbernardes.com\/de\/wp-json\/wp\/v2\/product_cat?post=2801"},{"taxonomy":"product_tag","embeddable":true,"href":"https:\/\/thaisbernardes.com\/de\/wp-json\/wp\/v2\/product_tag?post=2801"}],"curies":[{"name":"wp","href":"https:\/\/api.w.org\/{rel}","templated":true}]}}