{"id":2811,"date":"2020-08-02T06:28:49","date_gmt":"2020-08-02T09:28:49","guid":{"rendered":"https:\/\/thaisbernardes.com\/?post_type=product&#038;p=2811"},"modified":"2025-06-26T15:20:31","modified_gmt":"2025-06-26T13:20:31","slug":"asymmetrische-luftschlangen-ohrringe","status":"publish","type":"product","link":"https:\/\/thaisbernardes.com\/de\/product\/orecchini-asimmetrici-stelle-filanti\/","title":{"rendered":"ASYMMETRISCHE \"STREAMER\"-OHRRINGE"},"content":{"rendered":"<p>ASYMMETRISCHE \"STREAMER\"-OHRRINGE<\/p>\n<p>Die asymmetrischen \"Streamer\"-Ohrringe aus Ros\u00e9gold sind Teil der Kollektion CARNEVALE. Die Streamer sind abnehmbar und machen die Ohrringe vielseitig einsetzbar.<\/p>\n<p>Die Capsule Collection ist eine Hommage an die Mutter aller brasilianischen Feste, bei denen Millionen von Menschen zusammenkommen, um Momente der Freude und Spontaneit\u00e4t zu erleben.<\/p>\n<p>Unsere Stylisten empfehlen die <strong><a href=\"https:\/\/thaisbernardes.com\/de\/produkt-2\/mini-chevalier-gold-ring\/\">Mini-Chevalier-Ringe<\/a><\/strong> zu kombinieren f\u00fcr einen sehr schicken Look!<\/p>\n<p>F\u00fcr die Mini-Chevalier-Ringe der Kollektion wird ebenfalls 18-kar\u00e4tiges FAIRMINED-Gelbgold verwendet, das in S\u00fcdamerika abgebaut wird, wobei die Arbeitsbedingungen der Minenarbeiter uneingeschr\u00e4nkt und zertifiziert ber\u00fccksichtigt werden.<\/p>\n<p>Kauf eines Schmuckst\u00fccks <strong><a href=\"https:\/\/www.instagram.com\/fairminedofficial\/\">FAIRMINED<\/a><\/strong>bedeutet auch, die Projekte von Handwerkergemeinschaften zu unterst\u00fctzen.<\/p>\n<p>Alle Kreationen sind 100% \"designed and made in Italy\" und sollen ein Leben lang halten.<\/p>\n<p><strong>THAIS BERNARDES<\/strong> Gioielli ist eine junge Schmuckmarke, die es in kurzer Zeit geschafft hat, dank der Qualit\u00e4t der f\u00fcr ihren Schmuck verwendeten Materialien, ihres zeitgen\u00f6ssischen Stils und der durch ihre Werbekampagnen und Initiativen vermittelten Botschaften die Aufmerksamkeit und Wertsch\u00e4tzung renommierter Kunden und Gesch\u00e4fte zu gewinnen. Sein Schmuck ist eine Mischung aus Italien und Brasilien, Qualit\u00e4t und Tradition, Detail und Leichtigkeit, Eleganz und Mode, f\u00fcr Frauen mit einem nat\u00fcrlichen Gleichgewicht zwischen \" <strong>Schick<\/strong> \" e \"<strong>Cool<\/strong>\".<\/p>\n<p>&nbsp;<\/p>","protected":false},"excerpt":{"rendered":"<p>Asymmetrische Ohrringe Luftschlangen Karneval Kollektion<\/p>\n<ul>\n<li>9K Ros\u00e9gold<\/li>\n<li>gl\u00e4nzende Oberfl\u00e4che<\/li>\n<li>Kieferrahmen<\/li>\n<li>Schmetterlings- und Stiftverschluss<\/li>\n<li>abnehmbare Luftschlange<\/li>\n<li>gr\u00fcne Emaille<\/li>\n<li>gelber Saphir Stein<\/li>\n<li>mit Box und Thais Bernardes Garantie<\/li>\n<li>Hergestellt in Italien<\/li>\n<\/ul>","protected":false},"featured_media":11650,"template":"","meta":[],"product_brand":[],"product_cat":[175,88,131],"product_tag":[69,104],"class_list":{"0":"post-2811","1":"product","2":"type-product","3":"status-publish","4":"has-post-thumbnail","6":"product_cat-carnevale","7":"product_cat-collezioni","8":"product_cat-orecchini","9":"product_tag-asimmetrici","10":"product_tag-gioielli","12":"first","13":"instock","14":"shipping-taxable","15":"purchasable","16":"product-type-simple"},"aioseo_notices":[],"jetpack_sharing_enabled":true,"_links":{"self":[{"href":"https:\/\/thaisbernardes.com\/de\/wp-json\/wp\/v2\/product\/2811","targetHints":{"allow":["GET"]}}],"collection":[{"href":"https:\/\/thaisbernardes.com\/de\/wp-json\/wp\/v2\/product"}],"about":[{"href":"https:\/\/thaisbernardes.com\/de\/wp-json\/wp\/v2\/types\/product"}],"wp:featuredmedia":[{"embeddable":true,"href":"https:\/\/thaisbernardes.com\/de\/wp-json\/wp\/v2\/media\/11650"}],"wp:attachment":[{"href":"https:\/\/thaisbernardes.com\/de\/wp-json\/wp\/v2\/media?parent=2811"}],"wp:term":[{"taxonomy":"product_brand","embeddable":true,"href":"https:\/\/thaisbernardes.com\/de\/wp-json\/wp\/v2\/product_brand?post=2811"},{"taxonomy":"product_cat","embeddable":true,"href":"https:\/\/thaisbernardes.com\/de\/wp-json\/wp\/v2\/product_cat?post=2811"},{"taxonomy":"product_tag","embeddable":true,"href":"https:\/\/thaisbernardes.com\/de\/wp-json\/wp\/v2\/product_tag?post=2811"}],"curies":[{"name":"wp","href":"https:\/\/api.w.org\/{rel}","templated":true}]}}