{"id":2839,"date":"2020-08-04T06:34:03","date_gmt":"2020-08-04T09:34:03","guid":{"rendered":"https:\/\/thaisbernardes.com\/?post_type=product&amp;p=2839"},"modified":"2025-06-26T15:20:43","modified_gmt":"2025-06-26T13:20:43","slug":"armband-aus-9k-rosegold","status":"publish","type":"product","link":"https:\/\/thaisbernardes.com\/de\/product\/bracciale-in-oro-rosa-9k\/","title":{"rendered":"Koriander-Armband in Ros\u00e9gold"},"content":{"rendered":"<p>Von Hand emailliertes Korianderarmband aus Ros\u00e9gold. Zirkon Stein.<\/p>\n<p>Die Capsule Collection ist eine Hommage an die Mutter aller brasilianischen Feste, bei denen Millionen von Menschen zusammenkommen, um Momente der Freude und Spontaneit\u00e4t zu erleben: den Karneval.<\/p>\n<p>F\u00fcr die Mini-Chevalier-Ringe der Kollektion wird 18-kar\u00e4tiges FAIRMINED-Gelbgold verwendet, das in S\u00fcdamerika abgebaut wird, um die Arbeitsbedingungen der Bergleute zu respektieren.<\/p>\n<p>Kauf von Schmuck <strong><a href=\"https:\/\/www.instagram.com\/fairminedofficial\/\">FAIRMINED<\/a><\/strong>bedeutet auch, die Projekte von Handwerkergemeinschaften zu unterst\u00fctzen.<\/p>\n<p>Unsere Stylisten empfehlen die <strong><a href=\"https:\/\/thaisbernardes.com\/de\/produkt-2\/serpentinas-gold-ohrring\/\">asymmetrische \"Streamer\"-Ohrringe<\/a><\/strong>passend zum ros\u00e9goldenen Coriander-Armband f\u00fcr einen sehr schicken Look.<\/p>\n<p>Alle Kreationen sind 100% \"designed and made in Italy\" und sollen ein Leben lang halten.<\/p>\n<p><strong>THAIS BERNARDES<\/strong> Gioielli ist eine junge Schmuckmarke, die es in kurzer Zeit geschafft hat, dank der Qualit\u00e4t der f\u00fcr ihren Schmuck verwendeten Materialien, ihres zeitgen\u00f6ssischen Stils und der durch ihre Werbekampagnen und Initiativen vermittelten Botschaften die Aufmerksamkeit und Wertsch\u00e4tzung renommierter Kunden und Gesch\u00e4fte zu gewinnen. Sein Schmuck ist eine Mischung aus Italien und Brasilien, Qualit\u00e4t und Tradition, Detail und Leichtigkeit, Eleganz und Mode, f\u00fcr Frauen mit einem nat\u00fcrlichen Gleichgewicht zwischen \" <strong>Schick<\/strong> \" e \"<strong>Cool<\/strong>\".<\/p>","protected":false},"excerpt":{"rendered":"<p>Koriander-Armband<\/p>\n<ul>\n<li>9K Ros\u00e9gold<\/li>\n<li>gl\u00e4nzende Oberfl\u00e4che<\/li>\n<li>Kieferrahmen<\/li>\n<li>kubischer Zirkoniumdioxid<\/li>\n<li>blaue Emaille<\/li>\n<li>mini rol\u00f2 Kettenglied<\/li>\n<li>Karabinerhaken<\/li>\n<li>L\u00e4nge 19 cm<\/li>\n<li>mit Box und Thais Bernardes Garantie<\/li>\n<li>Hergestellt in Italien<\/li>\n<\/ul>\n<p>&nbsp;<\/p>","protected":false},"featured_media":11658,"template":"","meta":[],"product_brand":[],"product_cat":[72,175,88],"product_tag":[104],"class_list":{"0":"post-2839","1":"product","2":"type-product","3":"status-publish","4":"has-post-thumbnail","6":"product_cat-bracciali","7":"product_cat-carnevale","8":"product_cat-collezioni","9":"product_tag-gioielli","11":"first","12":"onbackorder","13":"shipping-taxable","14":"purchasable","15":"product-type-variable"},"aioseo_notices":[],"jetpack_sharing_enabled":true,"_links":{"self":[{"href":"https:\/\/thaisbernardes.com\/de\/wp-json\/wp\/v2\/product\/2839","targetHints":{"allow":["GET"]}}],"collection":[{"href":"https:\/\/thaisbernardes.com\/de\/wp-json\/wp\/v2\/product"}],"about":[{"href":"https:\/\/thaisbernardes.com\/de\/wp-json\/wp\/v2\/types\/product"}],"wp:featuredmedia":[{"embeddable":true,"href":"https:\/\/thaisbernardes.com\/de\/wp-json\/wp\/v2\/media\/11658"}],"wp:attachment":[{"href":"https:\/\/thaisbernardes.com\/de\/wp-json\/wp\/v2\/media?parent=2839"}],"wp:term":[{"taxonomy":"product_brand","embeddable":true,"href":"https:\/\/thaisbernardes.com\/de\/wp-json\/wp\/v2\/product_brand?post=2839"},{"taxonomy":"product_cat","embeddable":true,"href":"https:\/\/thaisbernardes.com\/de\/wp-json\/wp\/v2\/product_cat?post=2839"},{"taxonomy":"product_tag","embeddable":true,"href":"https:\/\/thaisbernardes.com\/de\/wp-json\/wp\/v2\/product_tag?post=2839"}],"curies":[{"name":"wp","href":"https:\/\/api.w.org\/{rel}","templated":true}]}}