{"id":2853,"date":"2020-08-04T12:25:08","date_gmt":"2020-08-04T10:25:08","guid":{"rendered":"https:\/\/thaisbernardes.com\/?post_type=product&#038;p=2853"},"modified":"2026-03-11T17:25:17","modified_gmt":"2026-03-11T16:25:17","slug":"doppelte-halskette-mit-federn","status":"publish","type":"product","link":"https:\/\/thaisbernardes.com\/de\/product\/collana-doppia-con-piume\/","title":{"rendered":"Doppelte Halskette mit Federn"},"content":{"rendered":"<p>Doppelte Halskette mit Federn.<\/p>\n<p class=\"p1\">Die Leichtigkeit der Kette und der Federn machen diese Halskette zu einem idealen Begleiter f\u00fcr jede Gelegenheit. Die Feder erinnert an die Plumaria-Kunst der Indios in Brasilien, die in der Vergangenheit verwendet wurde, um eine unvorstellbare Anzahl von Botschaften auszudr\u00fccken.<\/p>\n<p class=\"p1\">Die doppelte Federkette ist Teil der Kollektion Brazilian Soul, die die positive Botschaft der brasilianischen Lebensfreude durch st\u00e4ndige Bez\u00fcge zur Natur transportieren will, aus der Thais Bernardes ihre Inspiration f\u00fcr ihr einzigartiges Design bezieht.<\/p>\n<p class=\"p1\">Lesen Sie <a href=\"https:\/\/thaisbernardes.com\/de\/die-bedeutung-der-federn-2\/\">HIER<\/a> die Bedeutung der Federn.<\/p>\n<p class=\"p3\">Einzelheiten:<\/p>\n<ul class=\"ul1\">\n<li class=\"li4\"><span class=\"s1\">925 rhodiniertes oder vergoldetes Silber<\/span><\/li>\n<li class=\"li4\"><span class=\"s1\">polierte und diamantierte Ausf\u00fchrung<\/span><\/li>\n<li class=\"li4\"><span class=\"s1\">Kieferrahmen<\/span><\/li>\n<li class=\"li4\"><span class=\"s1\">Blautopas und Rosenquarz Naturstein<\/span><\/li>\n<li class=\"li4\"><span class=\"s1\">Halskette mit zwei Reihen von Ketten<\/span><\/li>\n<li class=\"li4\"><span class=\"s1\">Karabinerhaken<\/span><\/li>\n<li class=\"li4\"><span class=\"s1\">L\u00e4nge 50 cm<\/span><\/li>\n<li class=\"li5\">Thais Bernardes Garantieschein<\/li>\n<li class=\"li4\"><span class=\"s1\">Hergestellt in Italien<\/span><\/li>\n<\/ul>\n<p class=\"p1\">Unsere Stylisten empfehlen, die doppelte Federkette mit dem <a href=\"https:\/\/thaisbernardes.com\/de\/produkt-2\/mini-kette-und-feder-ohrringe\/\"><span class=\"s1\"><b>Feder-Ohrringe<\/b><\/span><\/a> f\u00fcr einen v\u00f6llig \"b\u00f6hmischen\" Stil<\/p>\n<p class=\"p2\">","protected":false},"excerpt":{"rendered":"<p class=\"p1\">Federn sind wie ein Segen. Sie erinnern uns daran, dass wir nicht allein sind, sondern immer von einem unsichtbaren Wesen begleitet und unterst\u00fctzt werden.<\/p>\n<p class=\"p2\">Schmuck aus wertvollen Materialien und vollst\u00e4ndig von italienischen Handwerkern hergestellt.<\/p>\n<p>&nbsp;<\/p>","protected":false},"featured_media":11661,"template":"","meta":[],"product_brand":[],"product_cat":[86,88,149],"product_tag":[68,104,148],"class_list":{"0":"post-2853","1":"product","2":"type-product","3":"status-publish","4":"has-post-thumbnail","6":"product_cat-collane","7":"product_cat-collezioni","8":"product_cat-piume","9":"product_tag-argento-925","10":"product_tag-gioielli","11":"product_tag-piume","13":"first","14":"instock","15":"shipping-taxable","16":"purchasable","17":"product-type-variable"},"aioseo_notices":[],"jetpack_sharing_enabled":true,"_links":{"self":[{"href":"https:\/\/thaisbernardes.com\/de\/wp-json\/wp\/v2\/product\/2853","targetHints":{"allow":["GET"]}}],"collection":[{"href":"https:\/\/thaisbernardes.com\/de\/wp-json\/wp\/v2\/product"}],"about":[{"href":"https:\/\/thaisbernardes.com\/de\/wp-json\/wp\/v2\/types\/product"}],"wp:featuredmedia":[{"embeddable":true,"href":"https:\/\/thaisbernardes.com\/de\/wp-json\/wp\/v2\/media\/11661"}],"wp:attachment":[{"href":"https:\/\/thaisbernardes.com\/de\/wp-json\/wp\/v2\/media?parent=2853"}],"wp:term":[{"taxonomy":"product_brand","embeddable":true,"href":"https:\/\/thaisbernardes.com\/de\/wp-json\/wp\/v2\/product_brand?post=2853"},{"taxonomy":"product_cat","embeddable":true,"href":"https:\/\/thaisbernardes.com\/de\/wp-json\/wp\/v2\/product_cat?post=2853"},{"taxonomy":"product_tag","embeddable":true,"href":"https:\/\/thaisbernardes.com\/de\/wp-json\/wp\/v2\/product_tag?post=2853"}],"curies":[{"name":"wp","href":"https:\/\/api.w.org\/{rel}","templated":true}]}}