{"id":2862,"date":"2020-08-04T10:17:35","date_gmt":"2020-08-04T13:17:35","guid":{"rendered":"https:\/\/thaisbernardes.com\/?post_type=product&#038;p=2862"},"modified":"2026-03-11T17:09:32","modified_gmt":"2026-03-11T16:09:32","slug":"halskette-mit-minifedern","status":"publish","type":"product","link":"https:\/\/thaisbernardes.com\/de\/product\/collana-girocollo-con-mini-piume\/","title":{"rendered":"Crew-Halskette mit Mini-Federn"},"content":{"rendered":"<p>Halskette mit Mini-Federn.<\/p>\n<p class=\"p1\">Die Leichtigkeit der Halskette und die Federn machen diese Halskette perfekt f\u00fcr jede Gelegenheit. Die Feder erinnert an die Plumaria-Kunst der Indios in Brasilien, die in der Vergangenheit verwendet wurde, um eine unvorstellbare Anzahl von Botschaften auszudr\u00fccken.<\/p>\n<p class=\"p1\">Die Halskette mit Minifedern ist Teil der Kollektion Brazilian Soul, die die positive Botschaft der brasilianischen Lebensfreude durch st\u00e4ndige Bez\u00fcge zur Natur transportieren will, aus der Thais Bernardes ihre Inspiration f\u00fcr ihr einzigartiges Design bezieht.<\/p>\n<p class=\"p1\">Die Halskette und die Federn sind aus 925er Sterlingsilber gefertigt und weisen die f\u00fcr Thais Bernardes' einzigartiges Design typischen raffinierten Oberfl\u00e4chen auf.<\/p>\n<p class=\"p1\">Einzelheiten:<\/p>\n<ul class=\"ul1\">\n<li class=\"li3\"><span class=\"s1\">925 rhodiniertes oder vergoldetes Silber<\/span><\/li>\n<li class=\"li3\"><span class=\"s1\">polierte und diamantierte Ausf\u00fchrung<\/span><\/li>\n<li class=\"li3\"><span class=\"s1\">Kieferrahmen<\/span><\/li>\n<li class=\"li3\"><span class=\"s1\">nat\u00fcrliche Amethyst- und Rosenquarzsteine<\/span><\/li>\n<li class=\"li3\"><span class=\"s1\">Karabinerhaken<\/span><\/li>\n<li class=\"li3\"><span class=\"s1\">L\u00e4nge 40 cm + 6 cm Verl\u00e4ngerung<\/span><\/li>\n<li class=\"li4\">Thais Bernardes Garantieschein<\/li>\n<li class=\"li3\"><span class=\"s1\">Hergestellt in Italien<\/span><\/li>\n<\/ul>\n<p class=\"p1\">Unsere Stylisten empfehlen die <a href=\"https:\/\/thaisbernardes.com\/de\/produkt-2\/mini-federarmband\/\"><span class=\"s1\"><b>Armband mit Minifedern<\/b><\/span><\/a> zu kombinieren, um einen \"b\u00f6hmischen\" Stil zu erreichen<\/p>\n<p class=\"p3\"><span class=\"s2\"><b>THAIS BERNARDES<\/b><\/span> Gioielli ist eine junge Schmuckmarke, die es in kurzer Zeit geschafft hat, dank der Qualit\u00e4t der f\u00fcr ihren Schmuck verwendeten Materialien, ihres zeitgen\u00f6ssischen Stils und der durch ihre Werbekampagnen und Initiativen vermittelten Botschaften die Aufmerksamkeit und Wertsch\u00e4tzung renommierter Kunden und Gesch\u00e4fte zu gewinnen. Sein Schmuck ist eine Mischung aus Italien und Brasilien, Qualit\u00e4t und Tradition, Detail und Leichtigkeit, Eleganz und Mode, f\u00fcr Frauen mit einem nat\u00fcrlichen Gleichgewicht zwischen \" <span class=\"s2\"><b>Schick<\/b> \" e \"<b>Cool<\/b>\".<\/span><\/p>\n<p>&nbsp;<\/p>\n<p>&nbsp;<\/p>","protected":false},"excerpt":{"rendered":"<p class=\"p1\">Federn sind wie ein Segen. Sie erinnern uns daran, dass wir nicht allein sind, sondern immer von einem unsichtbaren Wesen begleitet und unterst\u00fctzt werden.<\/p>\n<p class=\"p2\">Schmuck aus wertvollen Materialien und vollst\u00e4ndig von italienischen Handwerkern hergestellt.<\/p>","protected":false},"featured_media":11663,"template":"","meta":[],"product_brand":[],"product_cat":[86,88,149],"product_tag":[104,148],"class_list":{"0":"post-2862","1":"product","2":"type-product","3":"status-publish","4":"has-post-thumbnail","6":"product_cat-collane","7":"product_cat-collezioni","8":"product_cat-piume","9":"product_tag-gioielli","10":"product_tag-piume","12":"first","13":"instock","14":"shipping-taxable","15":"purchasable","16":"product-type-variable"},"aioseo_notices":[],"jetpack_sharing_enabled":true,"_links":{"self":[{"href":"https:\/\/thaisbernardes.com\/de\/wp-json\/wp\/v2\/product\/2862","targetHints":{"allow":["GET"]}}],"collection":[{"href":"https:\/\/thaisbernardes.com\/de\/wp-json\/wp\/v2\/product"}],"about":[{"href":"https:\/\/thaisbernardes.com\/de\/wp-json\/wp\/v2\/types\/product"}],"wp:featuredmedia":[{"embeddable":true,"href":"https:\/\/thaisbernardes.com\/de\/wp-json\/wp\/v2\/media\/11663"}],"wp:attachment":[{"href":"https:\/\/thaisbernardes.com\/de\/wp-json\/wp\/v2\/media?parent=2862"}],"wp:term":[{"taxonomy":"product_brand","embeddable":true,"href":"https:\/\/thaisbernardes.com\/de\/wp-json\/wp\/v2\/product_brand?post=2862"},{"taxonomy":"product_cat","embeddable":true,"href":"https:\/\/thaisbernardes.com\/de\/wp-json\/wp\/v2\/product_cat?post=2862"},{"taxonomy":"product_tag","embeddable":true,"href":"https:\/\/thaisbernardes.com\/de\/wp-json\/wp\/v2\/product_tag?post=2862"}],"curies":[{"name":"wp","href":"https:\/\/api.w.org\/{rel}","templated":true}]}}