{"id":2877,"date":"2020-08-04T10:58:16","date_gmt":"2020-08-04T13:58:16","guid":{"rendered":"https:\/\/thaisbernardes.com\/?post_type=product&#038;p=2877"},"modified":"2026-03-11T17:17:15","modified_gmt":"2026-03-11T16:17:15","slug":"mini-feder-ohrringe-zum-anhangen","status":"publish","type":"product","link":"https:\/\/thaisbernardes.com\/de\/product\/orecchini-mini-piume-pendenti\/","title":{"rendered":"Mini-Feder-Ohrringe"},"content":{"rendered":"<p>Mini-Feder-Ohrringe<\/p>\n<p>Die Leichtigkeit der Feder macht diesen Ohrring zum perfekten Begleiter f\u00fcr jede Gelegenheit. Die Feder erinnert an die Plumaria-Kunst der Indios in Brasilien, die in der Vergangenheit verwendet wurde, um eine unvorstellbare Anzahl von Botschaften auszudr\u00fccken.<\/p>\n<p>Die Ohrringe mit Minifedern sind Teil der Kollektion Brazilian Soul, die die positive Botschaft der brasilianischen Lebensfreude durch st\u00e4ndige Verweise auf die Natur transportieren will, aus der Thais Bernardes ihre Inspiration f\u00fcr ihr einzigartiges Design bezieht.<\/p>\n<p>Die Mini-Feather-Anh\u00e4nger-Ohrringe sind mit einer silbernen Feder verziert, die sich durch die f\u00fcr Thais Bernardes' einzigartiges Design typischen raffinierten Oberfl\u00e4chen auszeichnet.<\/p>\n<p>Federn sind wie ein Segen.<\/p>\n<p>Sie erinnern uns daran, dass wir nicht allein sind, sondern immer von einem unsichtbaren Wesen begleitet und unterst\u00fctzt werden.<\/p>\n<p>F\u00fcr die Ureinwohner Amazoniens sind sie ein Symbol der Freiheit, des Mutes und des freien Geistes.<\/p>\n<p>100% Hergestellt in Italien<\/p>\n<p>Lesen Sie den Artikel Federschmucktrends auf unserer <a href=\"https:\/\/thaisbernardes.com\/de\/traume-von-kalifornien-federn-sind-die-stars-der-schmucktrends\/\">BLOG<\/a><\/p>\n<p>THAIS BERNARDES Jewellery ist eine junge Schmuckmarke, die es in kurzer Zeit geschafft hat, dank der Qualit\u00e4t der f\u00fcr ihren Schmuck verwendeten Materialien, ihres zeitgen\u00f6ssischen Stils und der durch ihre Werbekampagnen und Initiativen vermittelten Botschaften die Aufmerksamkeit und Wertsch\u00e4tzung namhafter Kunden und Gesch\u00e4fte zu gewinnen. Sein Schmuck ist eine Mischung aus Italien und Brasilien, Qualit\u00e4t und Tradition, Detail und Leichtigkeit, Eleganz und Mode, f\u00fcr Frauen mit einem nat\u00fcrlichen Gleichgewicht zwischen \"Chic\" und \"Cool\".<\/p>","protected":false},"excerpt":{"rendered":"<div class=\"page\" title=\"Seite 1\">\n<div class=\"section\">\n<div class=\"layoutArea\">\n<div class=\"column\">\n<p>Federn sind wie ein Segen. Sie erinnern uns daran, dass wir nicht allein sind, sondern immer von einem unsichtbaren Wesen begleitet und unterst\u00fctzt werden.<\/p>\n<p>F\u00fcr die Ureinwohner Amazoniens sind sie ein Symbol der Freiheit, des Mutes und des freien Geistes.<\/p>\n<p>Mini-Feder-Ohrringe.<\/p>\n<ul>\n<li>925 rhodiniertes oder vergoldetes Silber<\/li>\n<li>gl\u00e4nzende Oberfl\u00e4che<\/li>\n<li>mit Schachtel und Garantie Thais Bernardes Jewellery<\/li>\n<li>Hergestellt in Italien<\/li>\n<\/ul>\n<\/div>\n<\/div>\n<\/div>\n<\/div>","protected":false},"featured_media":11666,"template":"","meta":[],"product_brand":[],"product_cat":[88,103,131,149],"product_tag":[104,148],"class_list":{"0":"post-2877","1":"product","2":"type-product","3":"status-publish","4":"has-post-thumbnail","6":"product_cat-collezioni","7":"product_cat-gifts","8":"product_cat-orecchini","9":"product_cat-piume","10":"product_tag-gioielli","11":"product_tag-piume","13":"first","14":"instock","15":"shipping-taxable","16":"purchasable","17":"product-type-variable"},"aioseo_notices":[],"jetpack_sharing_enabled":true,"_links":{"self":[{"href":"https:\/\/thaisbernardes.com\/de\/wp-json\/wp\/v2\/product\/2877","targetHints":{"allow":["GET"]}}],"collection":[{"href":"https:\/\/thaisbernardes.com\/de\/wp-json\/wp\/v2\/product"}],"about":[{"href":"https:\/\/thaisbernardes.com\/de\/wp-json\/wp\/v2\/types\/product"}],"wp:featuredmedia":[{"embeddable":true,"href":"https:\/\/thaisbernardes.com\/de\/wp-json\/wp\/v2\/media\/11666"}],"wp:attachment":[{"href":"https:\/\/thaisbernardes.com\/de\/wp-json\/wp\/v2\/media?parent=2877"}],"wp:term":[{"taxonomy":"product_brand","embeddable":true,"href":"https:\/\/thaisbernardes.com\/de\/wp-json\/wp\/v2\/product_brand?post=2877"},{"taxonomy":"product_cat","embeddable":true,"href":"https:\/\/thaisbernardes.com\/de\/wp-json\/wp\/v2\/product_cat?post=2877"},{"taxonomy":"product_tag","embeddable":true,"href":"https:\/\/thaisbernardes.com\/de\/wp-json\/wp\/v2\/product_tag?post=2877"}],"curies":[{"name":"wp","href":"https:\/\/api.w.org\/{rel}","templated":true}]}}