{"id":2905,"date":"2020-08-04T11:39:51","date_gmt":"2020-08-04T14:39:51","guid":{"rendered":"https:\/\/thaisbernardes.com\/?post_type=product&#038;p=2905"},"modified":"2025-06-29T23:33:50","modified_gmt":"2025-06-29T21:33:50","slug":"seduca-fransenarmband","status":"publish","type":"product","link":"https:\/\/thaisbernardes.com\/de\/product\/bracciale-frange-seducao\/","title":{"rendered":"SEDU\u00c7\u00c3O FRANSENARMBAND"},"content":{"rendered":"<p>Sedu\u00e7\u00e3o Fransenarmband<\/p>\n<p>Dieses einzigartig gestaltete Armband ist f\u00fcr elegante und mutige Frauen gedacht. Es besticht durch seine auff\u00e4lligen Kettenfransen und ist mit 6 Zirkonia und einem in der Schlie\u00dfe gefassten Naturstein im Tropfenschliff geschm\u00fcckt.<\/p>\n<p>Es ist Teil der Kollektion Sedu\u00e7\u00e3o, die die Frau in einer starken und verf\u00fchrerischen Tonart interpretiert und jeden Zweifel an ihrer angeborenen St\u00e4rke beseitigt.<\/p>\n<p>Unsere Stylisten empfehlen die <strong><a href=\"https:\/\/thaisbernardes.com\/de\/produkt-2\/halsband-fransen-seducao\/\">Halsband mit Fransen<\/a><\/strong> zu kombinieren mit dem Fransenarmband sedu\u00e7\u00e3o f\u00fcr einen superschicken Stil.<\/p>\n<p><strong>THAIS BERNARDES<\/strong> Gioielli ist eine junge Schmuckmarke, die es in kurzer Zeit geschafft hat, dank der Qualit\u00e4t der f\u00fcr ihren Schmuck verwendeten Materialien, ihres zeitgen\u00f6ssischen Stils und der durch ihre Werbekampagnen und Initiativen vermittelten Botschaften die Aufmerksamkeit und Wertsch\u00e4tzung renommierter Kunden und Gesch\u00e4fte zu gewinnen. Sein Schmuck ist eine Mischung aus Italien und Brasilien, Qualit\u00e4t und Tradition, Detail und Leichtigkeit, Eleganz und Mode, f\u00fcr Frauen mit einem nat\u00fcrlichen Gleichgewicht zwischen \" <strong>Schick<\/strong> \" e \"<strong>Cool<\/strong>\".<\/p>\n<p>Lesen Sie <strong><a href=\"https:\/\/www.vogue.it\/moda\/article\/oro-sostenibile-colori-brasiliani-carnevale-thais-bernardes?fbclid=IwAR2qFGaEmPWkHUmLY-Ky6caYHLtIoPkHgnJnN83CZZoOHGcind6wVsWvh84\">HIER<\/a> <\/strong>in vogue einer der Artikel, die \u00fcber die Schmuckmarke Thais Bernardes ver\u00f6ffentlicht wurden.<\/p>\n<p>Der Schmuck von Thais Bernardes wird vollst\u00e4ndig in Italien unter Verwendung handwerklicher Techniken und kostbarer Materialien hergestellt.<\/p>\n<p>F\u00fcr Informationen schreiben Sie uns an info@thaisbernardes.com<\/p>","protected":false},"excerpt":{"rendered":"<p>Sedu\u00e7\u00e3o Collection Fransenarmband aus Sterlingsilber<\/p>\n<ul>\n<li>925 rhodiniertes Silber<\/li>\n<li>gl\u00e4nzende Oberfl\u00e4che<\/li>\n<li>mit Naturstein im Tropfenschliff<\/li>\n<li>kubischer Zirkon als Ohrstecker<\/li>\n<li>mit Schachtel und Garantie Thais Bernardes Jewellery<\/li>\n<\/ul>\n<p>&nbsp;<\/p>","protected":false},"featured_media":11670,"template":"","meta":[],"product_brand":[],"product_cat":[72,88,152],"product_tag":[94,104],"class_list":{"0":"post-2905","1":"product","2":"type-product","3":"status-publish","4":"has-post-thumbnail","6":"product_cat-bracciali","7":"product_cat-collezioni","8":"product_cat-collezione","9":"product_tag-design","10":"product_tag-gioielli","12":"first","13":"onbackorder","14":"shipping-taxable","15":"purchasable","16":"product-type-simple"},"aioseo_notices":[],"jetpack_sharing_enabled":true,"_links":{"self":[{"href":"https:\/\/thaisbernardes.com\/de\/wp-json\/wp\/v2\/product\/2905","targetHints":{"allow":["GET"]}}],"collection":[{"href":"https:\/\/thaisbernardes.com\/de\/wp-json\/wp\/v2\/product"}],"about":[{"href":"https:\/\/thaisbernardes.com\/de\/wp-json\/wp\/v2\/types\/product"}],"wp:featuredmedia":[{"embeddable":true,"href":"https:\/\/thaisbernardes.com\/de\/wp-json\/wp\/v2\/media\/11670"}],"wp:attachment":[{"href":"https:\/\/thaisbernardes.com\/de\/wp-json\/wp\/v2\/media?parent=2905"}],"wp:term":[{"taxonomy":"product_brand","embeddable":true,"href":"https:\/\/thaisbernardes.com\/de\/wp-json\/wp\/v2\/product_brand?post=2905"},{"taxonomy":"product_cat","embeddable":true,"href":"https:\/\/thaisbernardes.com\/de\/wp-json\/wp\/v2\/product_cat?post=2905"},{"taxonomy":"product_tag","embeddable":true,"href":"https:\/\/thaisbernardes.com\/de\/wp-json\/wp\/v2\/product_tag?post=2905"}],"curies":[{"name":"wp","href":"https:\/\/api.w.org\/{rel}","templated":true}]}}