{"id":2912,"date":"2020-08-04T11:55:09","date_gmt":"2020-08-04T14:55:09","guid":{"rendered":"https:\/\/thaisbernardes.com\/?post_type=product&amp;p=2912"},"modified":"2020-08-04T11:55:09","modified_gmt":"2020-08-04T14:55:09","slug":"verfuhrerisches-armband","status":"publish","type":"product","link":"https:\/\/thaisbernardes.com\/de\/product\/bracciale-seducao\/","title":{"rendered":"SEDU\u00c7\u00c3O K\u00dcSSEN ARMBAND"},"content":{"rendered":"<p>Sedu\u00e7\u00e3o Kuss-Armband<\/p>\n<p>Dieses einzigartig gestaltete Kussarmband ist f\u00fcr elegante und mutige Frauen gedacht, dank seiner Kusskette, die mit einem Naturstein im Tropfenschliff verziert ist. Die Kette ist abnehmbar, so dass sie auch einzeln getragen werden kann.<\/p>\n<p>Die Schlie\u00dfe ist ebenfalls mit einem tropfenf\u00f6rmigen Stein verziert.<\/p>\n<p>Es ist Teil der Kollektion Sedu\u00e7\u00e3o, die die Frau in einer starken und verf\u00fchrerischen Tonart interpretiert und jeden Zweifel an ihrer angeborenen St\u00e4rke beseitigt.<\/p>\n<p>Unsere Stylisten empfehlen die <a href=\"https:\/\/thaisbernardes.com\/de\/produkt-2\/steinbesetzter-reif-ohrring\/\"><strong>Creolen mit Steinbesatz<\/strong><\/a> zum Kombinieren f\u00fcr einen superschicken Stil.<\/p>\n<p><strong>THAIS BERNARDES<\/strong> Gioielli ist eine junge Schmuckmarke, die es in kurzer Zeit geschafft hat, dank der Qualit\u00e4t der f\u00fcr ihren Schmuck verwendeten Materialien, ihres zeitgen\u00f6ssischen Stils und der durch ihre Werbekampagnen und Initiativen vermittelten Botschaften die Aufmerksamkeit und Wertsch\u00e4tzung renommierter Kunden und Gesch\u00e4fte zu gewinnen. Sein Schmuck ist eine Mischung aus Italien und Brasilien, Qualit\u00e4t und Tradition, Detail und Leichtigkeit, Eleganz und Mode, f\u00fcr Frauen mit einem nat\u00fcrlichen Gleichgewicht zwischen \" <strong>Schick<\/strong> \" e \"<strong>Cool<\/strong>\".<\/p>\n<p>Lesen Sie <strong><a href=\"https:\/\/www.vogue.it\/moda\/article\/oro-sostenibile-colori-brasiliani-carnevale-thais-bernardes?fbclid=IwAR2qFGaEmPWkHUmLY-Ky6caYHLtIoPkHgnJnN83CZZoOHGcind6wVsWvh84\">HIER<\/a> <\/strong>in vogue einer der Artikel, die \u00fcber die Schmuckmarke Thais Bernardes ver\u00f6ffentlicht wurden.<\/p>\n<p>Der Schmuck von Thais Bernardes wird vollst\u00e4ndig in Italien unter Verwendung handwerklicher Techniken und kostbarer Materialien hergestellt.<\/p>","protected":false},"excerpt":{"rendered":"<p>Dieses einzigartig gestaltete Armband ist f\u00fcr elegante und mutige Frauen gedacht, dank seiner Kusskette, die mit einem Naturstein im Tropfenschliff verziert ist.<\/p>\n<ul>\n<li>925 rhodiniertes Silber<\/li>\n<li>gl\u00e4nzende Oberfl\u00e4che<\/li>\n<li>mit Naturstein im Tropfenschliff<\/li>\n<li>kubischer Zirkon als Ohrstecker<\/li>\n<li>abnehmbare Handkusskette<\/li>\n<li>mit Schachtel und Garantie Thais Bernardes Jewellery<\/li>\n<\/ul>","protected":false},"featured_media":3639,"template":"","meta":[],"product_brand":[],"product_cat":[72,88,152],"product_tag":[68,104],"class_list":{"0":"post-2912","1":"product","2":"type-product","3":"status-publish","4":"has-post-thumbnail","6":"product_cat-bracciali","7":"product_cat-collezioni","8":"product_cat-collezione","9":"product_tag-argento-925","10":"product_tag-gioielli","12":"first","13":"instock","14":"shipping-taxable","15":"purchasable","16":"product-type-simple"},"aioseo_notices":[],"jetpack_sharing_enabled":true,"_links":{"self":[{"href":"https:\/\/thaisbernardes.com\/de\/wp-json\/wp\/v2\/product\/2912","targetHints":{"allow":["GET"]}}],"collection":[{"href":"https:\/\/thaisbernardes.com\/de\/wp-json\/wp\/v2\/product"}],"about":[{"href":"https:\/\/thaisbernardes.com\/de\/wp-json\/wp\/v2\/types\/product"}],"wp:featuredmedia":[{"embeddable":true,"href":"https:\/\/thaisbernardes.com\/de\/wp-json\/wp\/v2\/media\/3639"}],"wp:attachment":[{"href":"https:\/\/thaisbernardes.com\/de\/wp-json\/wp\/v2\/media?parent=2912"}],"wp:term":[{"taxonomy":"product_brand","embeddable":true,"href":"https:\/\/thaisbernardes.com\/de\/wp-json\/wp\/v2\/product_brand?post=2912"},{"taxonomy":"product_cat","embeddable":true,"href":"https:\/\/thaisbernardes.com\/de\/wp-json\/wp\/v2\/product_cat?post=2912"},{"taxonomy":"product_tag","embeddable":true,"href":"https:\/\/thaisbernardes.com\/de\/wp-json\/wp\/v2\/product_tag?post=2912"}],"curies":[{"name":"wp","href":"https:\/\/api.w.org\/{rel}","templated":true}]}}