{"id":2926,"date":"2020-08-04T12:15:47","date_gmt":"2020-08-04T15:15:47","guid":{"rendered":"https:\/\/thaisbernardes.com\/?post_type=product&#038;p=2926"},"modified":"2024-10-02T15:32:35","modified_gmt":"2024-10-02T13:32:35","slug":"steinbesetzter-reif-ohrring","status":"publish","type":"product","link":"https:\/\/thaisbernardes.com\/de\/product\/orecchino-cerchio-con-borchie-di-pietre\/","title":{"rendered":"B\u00fcgelohrringe mit Steinbesatz"},"content":{"rendered":"<p>Mit Steinen besetzte Ohrringe der Kollektion Sedu\u00e7\u00e3o aus 925er Sterlingsilber mit Zirkoniasteinen besetzt.<\/p>\n<p>Diese einzigartig gestalteten 'Hoops'-Ohrringe mit Steinbesatz sind f\u00fcr elegante Frauen mit einer starken Pers\u00f6nlichkeit gedacht.<\/p>\n<p>Es ist Teil der Kollektion Sedu\u00e7\u00e3o, die die Frau in einer starken und verf\u00fchrerischen Tonart interpretiert und jeden Zweifel an ihrer angeborenen St\u00e4rke beseitigt.<\/p>\n<p>Unsere Stylisten empfehlen die <strong><a href=\"https:\/\/thaisbernardes.com\/de\/produkt-2\/seduca-halsband-halskette\/\">sedu\u00e7\u00e3o choker halskette<\/a><\/strong> Kombinieren Sie sie mit Ohrringen mit Nietenbesatz f\u00fcr einen superschicken Stil.<\/p>\n<p><strong>THAIS BERNARDES<\/strong> Gioielli ist eine junge Schmuckmarke, die es in kurzer Zeit geschafft hat, dank der Qualit\u00e4t der f\u00fcr ihren Schmuck verwendeten Materialien, ihres zeitgen\u00f6ssischen Stils und der durch ihre Werbekampagnen und Initiativen vermittelten Botschaften die Aufmerksamkeit und Wertsch\u00e4tzung renommierter Kunden und Gesch\u00e4fte zu gewinnen. Sein Schmuck ist eine Mischung aus Italien und Brasilien, Qualit\u00e4t und Tradition, Detail und Leichtigkeit, Eleganz und Mode, f\u00fcr Frauen mit einem nat\u00fcrlichen Gleichgewicht zwischen \" <strong>Schick<\/strong> \" e \"<strong>Cool<\/strong>\".<\/p>\n<p>Lesen Sie einen Artikel in <a href=\"https:\/\/www.switch-magazine.net\/italia-brasile-1-a-1\/\">Wechselmagazin<\/a><\/p>","protected":false},"excerpt":{"rendered":"<p>Steinbesetzter Creolenring Kollektion Sedu\u00e7\u00e3o<\/p>\n<ul>\n<li>925 rhodiniertes Silber<\/li>\n<li>gl\u00e4nzende Oberfl\u00e4che<\/li>\n<li>kubischer Zirkon als Ohrstecker<\/li>\n<li>mit Schachtel und Garantie Thais Bernardes Jewellery<\/li>\n<\/ul>\n<p>&nbsp;<\/p>","protected":false},"featured_media":3628,"template":"","meta":[],"product_brand":[],"product_cat":[88,131,152],"product_tag":[68,109],"class_list":{"0":"post-2926","1":"product","2":"type-product","3":"status-publish","4":"has-post-thumbnail","6":"product_cat-collezioni","7":"product_cat-orecchini","8":"product_cat-collezione","9":"product_tag-argento-925","10":"product_tag-hoops","12":"first","13":"onbackorder","14":"shipping-taxable","15":"purchasable","16":"product-type-simple"},"aioseo_notices":[],"jetpack_sharing_enabled":true,"_links":{"self":[{"href":"https:\/\/thaisbernardes.com\/de\/wp-json\/wp\/v2\/product\/2926","targetHints":{"allow":["GET"]}}],"collection":[{"href":"https:\/\/thaisbernardes.com\/de\/wp-json\/wp\/v2\/product"}],"about":[{"href":"https:\/\/thaisbernardes.com\/de\/wp-json\/wp\/v2\/types\/product"}],"wp:featuredmedia":[{"embeddable":true,"href":"https:\/\/thaisbernardes.com\/de\/wp-json\/wp\/v2\/media\/3628"}],"wp:attachment":[{"href":"https:\/\/thaisbernardes.com\/de\/wp-json\/wp\/v2\/media?parent=2926"}],"wp:term":[{"taxonomy":"product_brand","embeddable":true,"href":"https:\/\/thaisbernardes.com\/de\/wp-json\/wp\/v2\/product_brand?post=2926"},{"taxonomy":"product_cat","embeddable":true,"href":"https:\/\/thaisbernardes.com\/de\/wp-json\/wp\/v2\/product_cat?post=2926"},{"taxonomy":"product_tag","embeddable":true,"href":"https:\/\/thaisbernardes.com\/de\/wp-json\/wp\/v2\/product_tag?post=2926"}],"curies":[{"name":"wp","href":"https:\/\/api.w.org\/{rel}","templated":true}]}}