{"id":2940,"date":"2020-08-05T06:40:11","date_gmt":"2020-08-05T09:40:11","guid":{"rendered":"https:\/\/thaisbernardes.com\/?post_type=product&#038;p=2940"},"modified":"2026-05-01T18:49:47","modified_gmt":"2026-05-01T16:49:47","slug":"amethystfarbenes-armband","status":"publish","type":"product","link":"https:\/\/thaisbernardes.com\/de\/product\/bracciale-colors-ametista\/","title":{"rendered":"Farben Armband mit Amethyst Stein"},"content":{"rendered":"<p class=\"isSelectedEnd\"><strong>Ametista \u2013 Il Bracciale Colors che porta equilibrio e protezione<\/strong><\/p>\n<p class=\"isSelectedEnd\">L\u2019Ametista \u00e8 la pietra della saggezza, della calma e della protezione. Con il suo intenso colore viola, simbolo di spiritualit\u00e0 e intuizione, aiuta a liberare la mente dallo stress, a favorire concentrazione e chiarezza interiore, e a mantenere equilibrio emotivo. \u00c8 conosciuta anche come pietra protettiva, capace di allontanare energie negative e promuovere armonia.<\/p>\n<p class=\"isSelectedEnd\">Indossare il nostro <strong>Bracciale Colors con Ametista<\/strong> significa portare con s\u00e9 un gioiello che unisce stile e significato, ideale per chi desidera equilibrio, serenit\u00e0 e una connessione profonda con il proprio io interiore.<\/p>\n<p class=\"isSelectedEnd\"><strong>Propriet\u00e0 principali dell\u2019Ametista:<\/strong><\/p>\n<ul data-spread=\"false\">\n<li>\n<p class=\"isSelectedEnd\">Favorisce calma e chiarezza mentale<\/p>\n<\/li>\n<li>\n<p class=\"isSelectedEnd\">Promuove equilibrio emotivo e intuizione<\/p>\n<\/li>\n<li>\n<p class=\"isSelectedEnd\">Protegge dalle energie negative<\/p>\n<\/li>\n<\/ul>\n<p>Un accessorio elegante e significativo, pensato per chi ama unire bellezza e benessere in un unico gioiello.<\/p>\n<p>Alle Kreationen sind 100% \"designed and made in Italy\" und sollen ein Leben lang halten.<\/p>\n<p><strong>THAIS BERNARDES<\/strong> Gioielli ist eine junge Schmuckmarke, die es in kurzer Zeit geschafft hat, dank der Qualit\u00e4t der f\u00fcr ihren Schmuck verwendeten Materialien, ihres zeitgen\u00f6ssischen Stils und der durch ihre Werbekampagnen und Initiativen vermittelten Botschaften die Aufmerksamkeit und Wertsch\u00e4tzung renommierter Kunden und Gesch\u00e4fte zu gewinnen. Sein Schmuck ist eine Mischung aus Italien und Brasilien, Qualit\u00e4t und Tradition, Detail und Leichtigkeit, Eleganz und Mode, f\u00fcr Frauen mit einem nat\u00fcrlichen Gleichgewicht zwischen \" <strong>Schick<\/strong> \" e \"<strong>Cool<\/strong>\".<\/p>\n<p>Lesen Sie einen Artikel \u00fcber <a href=\"https:\/\/ilcorrierenews.wordpress.com\/2016\/06\/15\/thais-bernardes-unanima-carioca-nel-cuore-di-milano\/\">KURIER-NACHRICHTEN <\/a><\/p>\n<p>&nbsp;<\/p>","protected":false},"excerpt":{"rendered":"<ul>\n<li>925 vergoldetes Silber<\/li>\n<li>gl\u00e4nzende Oberfl\u00e4che<\/li>\n<li>Nat\u00fcrlicher Amethyst<\/li>\n<li>Karabinerhaken<\/li>\n<li>lunghezza totale 19 cm<\/li>\n<li>mit Box und Thais Bernardes Garantie<\/li>\n<li>Hergestellt in Italien<\/li>\n<\/ul>","protected":false},"featured_media":12051,"template":"","meta":[],"product_brand":[],"product_cat":[72,88,89,103],"product_tag":[56,104],"class_list":{"0":"post-2940","1":"product","2":"type-product","3":"status-publish","4":"has-post-thumbnail","6":"product_cat-bracciali","7":"product_cat-collezioni","8":"product_cat-colors","9":"product_cat-gifts","10":"product_tag-ametista","11":"product_tag-gioielli","13":"first","14":"instock","15":"shipping-taxable","16":"purchasable","17":"product-type-simple"},"aioseo_notices":[],"jetpack_sharing_enabled":true,"_links":{"self":[{"href":"https:\/\/thaisbernardes.com\/de\/wp-json\/wp\/v2\/product\/2940","targetHints":{"allow":["GET"]}}],"collection":[{"href":"https:\/\/thaisbernardes.com\/de\/wp-json\/wp\/v2\/product"}],"about":[{"href":"https:\/\/thaisbernardes.com\/de\/wp-json\/wp\/v2\/types\/product"}],"wp:featuredmedia":[{"embeddable":true,"href":"https:\/\/thaisbernardes.com\/de\/wp-json\/wp\/v2\/media\/12051"}],"wp:attachment":[{"href":"https:\/\/thaisbernardes.com\/de\/wp-json\/wp\/v2\/media?parent=2940"}],"wp:term":[{"taxonomy":"product_brand","embeddable":true,"href":"https:\/\/thaisbernardes.com\/de\/wp-json\/wp\/v2\/product_brand?post=2940"},{"taxonomy":"product_cat","embeddable":true,"href":"https:\/\/thaisbernardes.com\/de\/wp-json\/wp\/v2\/product_cat?post=2940"},{"taxonomy":"product_tag","embeddable":true,"href":"https:\/\/thaisbernardes.com\/de\/wp-json\/wp\/v2\/product_tag?post=2940"}],"curies":[{"name":"wp","href":"https:\/\/api.w.org\/{rel}","templated":true}]}}