{"id":2951,"date":"2020-08-05T07:02:19","date_gmt":"2020-08-05T05:02:19","guid":{"rendered":"https:\/\/thaisbernardes.com\/?post_type=product&#038;p=2951"},"modified":"2026-05-01T18:46:15","modified_gmt":"2026-05-01T16:46:15","slug":"farben-armband-mit-rosenquarz","status":"publish","type":"product","link":"https:\/\/thaisbernardes.com\/de\/product\/bracciale-colors-con-quarzo-rosa\/","title":{"rendered":"Farben Armband mit Rosenquarz"},"content":{"rendered":"<p class=\"isSelectedEnd\"><strong>Quarzo Rosa \u2013 Il Bracciale Colors che parla al cuore<\/strong><\/p>\n<p class=\"isSelectedEnd\">Il Quarzo Rosa \u00e8 la pietra dell\u2019amore e della gentilezza. Con il suo delicato colore rosa, simbolo di dolcezza e armonia, aiuta a favorire sentimenti positivi, autostima e equilibrio emotivo. \u00c8 conosciuto come la pietra del cuore, capace di aprire alla compassione, alla pace interiore e a relazioni sincere e profonde.<\/p>\n<p class=\"isSelectedEnd\">Indossare il nostro <strong>Bracciale Colors con Quarzo Rosa<\/strong> significa portare con s\u00e9 un piccolo talismano di amore e serenit\u00e0, perfetto per chi desidera aggiungere un tocco di colore e significato al proprio stile quotidiano.<\/p>\n<p class=\"isSelectedEnd\"><strong>Propriet\u00e0 principali del Quarzo Rosa:<\/strong><\/p>\n<ul data-spread=\"false\">\n<li>\n<p class=\"isSelectedEnd\">Promuove amore e armonia nelle relazioni<\/p>\n<\/li>\n<li>\n<p class=\"isSelectedEnd\">Favorisce autostima e dolcezza interiore<\/p>\n<\/li>\n<li>\n<p class=\"isSelectedEnd\">Aiuta a liberarsi dallo stress e dalle emozioni negative<\/p>\n<\/li>\n<\/ul>\n<p>Un gioiello che unisce stile e significato, pensato per chi ama sentirsi connesso con il cuore e la bellezza del mondo che ci circonda.<\/p>\n<p>Alle Kreationen sind 100% \"designed and made in Italy\" und sollen ein Leben lang halten.<\/p>\n<p><strong>THAIS BERNARDES<\/strong> Gioielli ist eine junge Schmuckmarke, die es in kurzer Zeit geschafft hat, dank der Qualit\u00e4t der f\u00fcr ihren Schmuck verwendeten Materialien, ihres zeitgen\u00f6ssischen Stils und der durch ihre Werbekampagnen und Initiativen vermittelten Botschaften die Aufmerksamkeit und Wertsch\u00e4tzung renommierter Kunden und Gesch\u00e4fte zu gewinnen. Sein Schmuck ist eine Mischung aus Italien und Brasilien, Qualit\u00e4t und Tradition, Detail und Leichtigkeit, Eleganz und Mode, f\u00fcr Frauen mit einem nat\u00fcrlichen Gleichgewicht zwischen \" <strong>Schick<\/strong> \" e \"<strong>Cool<\/strong>\".<\/p>\n<p>&nbsp;<\/p>","protected":false},"excerpt":{"rendered":"<ul>\n<li>925er Silber<\/li>\n<li>gl\u00e4nzende Oberfl\u00e4che<\/li>\n<li>Quarzo Rosa naturale<\/li>\n<li>Karabinerhaken<\/li>\n<li>L\u00e4nge 17 cm + Verl\u00e4ngerung 3 cm<\/li>\n<li>mit Box und Thais Bernardes Garantie<\/li>\n<li>Hergestellt in Italien<\/li>\n<\/ul>","protected":false},"featured_media":11674,"template":"","meta":[],"product_brand":[],"product_cat":[72,88,89],"product_tag":[90,104,150],"class_list":{"0":"post-2951","1":"product","2":"type-product","3":"status-publish","4":"has-post-thumbnail","6":"product_cat-bracciali","7":"product_cat-collezioni","8":"product_cat-colors","9":"product_tag-colors","10":"product_tag-gioielli","11":"product_tag-quarzo","13":"first","14":"instock","15":"shipping-taxable","16":"purchasable","17":"product-type-simple"},"aioseo_notices":[],"jetpack_sharing_enabled":true,"_links":{"self":[{"href":"https:\/\/thaisbernardes.com\/de\/wp-json\/wp\/v2\/product\/2951","targetHints":{"allow":["GET"]}}],"collection":[{"href":"https:\/\/thaisbernardes.com\/de\/wp-json\/wp\/v2\/product"}],"about":[{"href":"https:\/\/thaisbernardes.com\/de\/wp-json\/wp\/v2\/types\/product"}],"wp:featuredmedia":[{"embeddable":true,"href":"https:\/\/thaisbernardes.com\/de\/wp-json\/wp\/v2\/media\/11674"}],"wp:attachment":[{"href":"https:\/\/thaisbernardes.com\/de\/wp-json\/wp\/v2\/media?parent=2951"}],"wp:term":[{"taxonomy":"product_brand","embeddable":true,"href":"https:\/\/thaisbernardes.com\/de\/wp-json\/wp\/v2\/product_brand?post=2951"},{"taxonomy":"product_cat","embeddable":true,"href":"https:\/\/thaisbernardes.com\/de\/wp-json\/wp\/v2\/product_cat?post=2951"},{"taxonomy":"product_tag","embeddable":true,"href":"https:\/\/thaisbernardes.com\/de\/wp-json\/wp\/v2\/product_tag?post=2951"}],"curies":[{"name":"wp","href":"https:\/\/api.w.org\/{rel}","templated":true}]}}