{"id":2959,"date":"2020-08-05T10:42:20","date_gmt":"2020-08-05T13:42:20","guid":{"rendered":"https:\/\/thaisbernardes.com\/?post_type=product&#038;p=2959"},"modified":"2025-06-26T15:23:07","modified_gmt":"2025-06-26T13:23:07","slug":"anhanger-mit-papageiencharme","status":"publish","type":"product","link":"https:\/\/thaisbernardes.com\/de\/product\/ciondolo-charm-pappagallo\/","title":{"rendered":"Papagei-Charm-Anh\u00e4nger"},"content":{"rendered":"<p>925 Sterling Silber Papagei Charm Anh\u00e4nger<\/p>\n<p>Dieser Anh\u00e4nger in Form eines Papageis verk\u00f6rpert die Sch\u00f6nheit der Natur in einer eleganten und raffinierten Form.<\/p>\n<p>Der Anh\u00e4nger ist mit einem Karabinerhaken versehen, der es erm\u00f6glicht, ihn abzunehmen und an einer beliebigen Kette zu tragen.<\/p>\n<p>Der Schmuck von Thais Bernardes ist eine Hommage an die Natur und wird in Italien von den besten Schmuckhandwerkern hergestellt.<\/p>\n<p>Unsere Stylisten empfehlen die <a href=\"https:\/\/thaisbernardes.com\/de\/produkt-2\/nackte-halskette\/\">NUDE Halskette <\/a> passend zum Papageien-Anh\u00e4nger f\u00fcr einen sehr raffinierten und modischen Look.<\/p>\n<p><strong>THAIS BERNARDES<\/strong> Gioielli ist eine junge Schmuckmarke, die es in kurzer Zeit geschafft hat, dank der Qualit\u00e4t der f\u00fcr ihren Schmuck verwendeten Materialien, ihres zeitgen\u00f6ssischen Stils und der durch ihre Werbekampagnen und Initiativen vermittelten Botschaften die Aufmerksamkeit und Wertsch\u00e4tzung renommierter Kunden und Gesch\u00e4fte zu gewinnen. Sein Schmuck ist eine Mischung aus Italien und Brasilien, Qualit\u00e4t und Tradition, Detail und Leichtigkeit, Eleganz und Mode, f\u00fcr Frauen mit einem nat\u00fcrlichen Gleichgewicht zwischen \" <strong>Schick<\/strong> \" e \"<strong>Cool<\/strong>\".<\/p>\n<p>100% hergestellt in Italien<\/p>\n<p>&nbsp;<\/p>\n<p>&nbsp;<\/p>\n<p>&nbsp;<\/p>","protected":false},"excerpt":{"rendered":"<p>Dieser Anh\u00e4nger in Form eines Papageis verk\u00f6rpert die Sch\u00f6nheit der Natur in einer eleganten und raffinierten Form.<\/p>\n<ul>\n<li>925 rhodiniertes oder vergoldetes Silber<\/li>\n<li>gl\u00e4nzende Oberfl\u00e4che<\/li>\n<li>mit kubischem Zirkoniumdioxid<\/li>\n<li>abnehmbarer Anh\u00e4nger<\/li>\n<li>mit Schachtel und Garantie Thais Bernardes Jewellery<\/li>\n<\/ul>","protected":false},"featured_media":11675,"template":"","meta":[],"product_brand":[],"product_cat":[174,77,88],"product_tag":[142],"class_list":{"0":"post-2959","1":"product","2":"type-product","3":"status-publish","4":"has-post-thumbnail","6":"product_cat-brazilian-soul","7":"product_cat-charms","8":"product_cat-collezioni","9":"product_tag-pappagallo","11":"first","12":"instock","13":"shipping-taxable","14":"purchasable","15":"product-type-variable"},"aioseo_notices":[],"jetpack_sharing_enabled":true,"_links":{"self":[{"href":"https:\/\/thaisbernardes.com\/de\/wp-json\/wp\/v2\/product\/2959","targetHints":{"allow":["GET"]}}],"collection":[{"href":"https:\/\/thaisbernardes.com\/de\/wp-json\/wp\/v2\/product"}],"about":[{"href":"https:\/\/thaisbernardes.com\/de\/wp-json\/wp\/v2\/types\/product"}],"wp:featuredmedia":[{"embeddable":true,"href":"https:\/\/thaisbernardes.com\/de\/wp-json\/wp\/v2\/media\/11675"}],"wp:attachment":[{"href":"https:\/\/thaisbernardes.com\/de\/wp-json\/wp\/v2\/media?parent=2959"}],"wp:term":[{"taxonomy":"product_brand","embeddable":true,"href":"https:\/\/thaisbernardes.com\/de\/wp-json\/wp\/v2\/product_brand?post=2959"},{"taxonomy":"product_cat","embeddable":true,"href":"https:\/\/thaisbernardes.com\/de\/wp-json\/wp\/v2\/product_cat?post=2959"},{"taxonomy":"product_tag","embeddable":true,"href":"https:\/\/thaisbernardes.com\/de\/wp-json\/wp\/v2\/product_tag?post=2959"}],"curies":[{"name":"wp","href":"https:\/\/api.w.org\/{rel}","templated":true}]}}