{"id":2974,"date":"2020-08-05T11:29:02","date_gmt":"2020-08-05T14:29:02","guid":{"rendered":"https:\/\/thaisbernardes.com\/?post_type=product&#038;p=2974"},"modified":"2026-03-13T13:08:22","modified_gmt":"2026-03-13T12:08:22","slug":"kakadu-charm-anhanger","status":"publish","type":"product","link":"https:\/\/thaisbernardes.com\/de\/product\/ciondolo-charm-cockatoo\/","title":{"rendered":"Kakadu-Charm-Anh\u00e4nger"},"content":{"rendered":"<p>KAKADU-CHARM-ANH\u00c4NGER<\/p>\n<p>Dieser \"Kakadu\"-Anh\u00e4nger aus 925er Sterlingsilber oder vergoldetem 925er Sterlingsilber l\u00e4sst sich dank seines Karabinerverschlusses leicht abnehmen und an jeder Kette tragen.<\/p>\n<p>Ein einzigartiges Schmuckst\u00fcck, entworfen von Thais Bernardes.<\/p>\n<p>Der Schmuck von Thais Bernardes ist eine Hommage an die Natur, indem er sich von ihr inspirieren l\u00e4sst und uns daran erinnert, dass wir sie sch\u00fctzen m\u00fcssen. Einige Papageienarten sind leider vom Aussterben bedroht.<\/p>\n<p>Unsere Stylisten empfehlen die <a href=\"https:\/\/thaisbernardes.com\/de\/produkt-2\/nackte-halskette\/\">NUDE Halskette<\/a> f\u00fcr ein sehr raffiniertes und modisches Aussehen kombiniert werden.<\/p>\n<p><strong>THAIS BERNARDES<\/strong> Gioielli ist eine junge Schmuckmarke, die es in kurzer Zeit geschafft hat, dank der Qualit\u00e4t der f\u00fcr ihren Schmuck verwendeten Materialien, ihres zeitgen\u00f6ssischen Stils und der durch ihre Werbekampagnen und Initiativen vermittelten Botschaften die Aufmerksamkeit und Wertsch\u00e4tzung renommierter Kunden und Gesch\u00e4fte zu gewinnen. Sein Schmuck ist eine Mischung aus Italien und Brasilien, Qualit\u00e4t und Tradition, Detail und Leichtigkeit, Eleganz und Mode, f\u00fcr Frauen mit einem nat\u00fcrlichen Gleichgewicht zwischen \" <strong>Schick<\/strong> \" e \"<strong>Cool<\/strong>\".<\/p>\n<p>READ<a href=\"https:\/\/www.leshoppingnews.com\/2018\/07\/anelli-chevalier-di-thais-bernardes-sintesi-perfetta-di-anima-brasiliana-e-artigianalita-italiana\/\">\u00a0HIER<\/a>\u00a0EIN ARTIKEL IN 'LE SHOPPING NEWS' \u00dcBER THAIS BERNARDES SCHMUCK<\/p>\n<p>&nbsp;<\/p>","protected":false},"excerpt":{"rendered":"<p>Dieser \"Kakadu\"-Anh\u00e4nger kann dank seines Karabinerhakens leicht abgenommen werden, so dass er an jeder Kette getragen werden kann.<\/p>\n<ul>\n<li>925 rhodiniertes oder vergoldetes Silber<\/li>\n<li>gl\u00e4nzende Oberfl\u00e4che<\/li>\n<li>mit kubischem Zirkoniumdioxid<\/li>\n<li>abnehmbarer Anh\u00e4nger<\/li>\n<li>mit Box und Thais Bernardes Garantie<\/li>\n<\/ul>","protected":false},"featured_media":11678,"template":"","meta":[],"product_brand":[],"product_cat":[174,77,88],"product_tag":[84,104],"class_list":{"0":"post-2974","1":"product","2":"type-product","3":"status-publish","4":"has-post-thumbnail","6":"product_cat-brazilian-soul","7":"product_cat-charms","8":"product_cat-collezioni","9":"product_tag-cockatoo","10":"product_tag-gioielli","12":"first","13":"outofstock","14":"shipping-taxable","15":"product-type-variable"},"aioseo_notices":[],"jetpack_sharing_enabled":true,"_links":{"self":[{"href":"https:\/\/thaisbernardes.com\/de\/wp-json\/wp\/v2\/product\/2974","targetHints":{"allow":["GET"]}}],"collection":[{"href":"https:\/\/thaisbernardes.com\/de\/wp-json\/wp\/v2\/product"}],"about":[{"href":"https:\/\/thaisbernardes.com\/de\/wp-json\/wp\/v2\/types\/product"}],"wp:featuredmedia":[{"embeddable":true,"href":"https:\/\/thaisbernardes.com\/de\/wp-json\/wp\/v2\/media\/11678"}],"wp:attachment":[{"href":"https:\/\/thaisbernardes.com\/de\/wp-json\/wp\/v2\/media?parent=2974"}],"wp:term":[{"taxonomy":"product_brand","embeddable":true,"href":"https:\/\/thaisbernardes.com\/de\/wp-json\/wp\/v2\/product_brand?post=2974"},{"taxonomy":"product_cat","embeddable":true,"href":"https:\/\/thaisbernardes.com\/de\/wp-json\/wp\/v2\/product_cat?post=2974"},{"taxonomy":"product_tag","embeddable":true,"href":"https:\/\/thaisbernardes.com\/de\/wp-json\/wp\/v2\/product_tag?post=2974"}],"curies":[{"name":"wp","href":"https:\/\/api.w.org\/{rel}","templated":true}]}}