{"id":3270,"date":"2020-08-25T16:10:27","date_gmt":"2020-08-25T14:10:27","guid":{"rendered":"https:\/\/thaisbernardes.com\/?post_type=product&#038;p=3270"},"modified":"2026-03-11T23:18:40","modified_gmt":"2026-03-11T22:18:40","slug":"lange-kette-mit-federanhangern","status":"publish","type":"product","link":"https:\/\/thaisbernardes.com\/de\/product\/collana-lunga-con-charms-piume\/","title":{"rendered":"Halskette mit Federanh\u00e4ngern"},"content":{"rendered":"<p class=\"p1\">Die lange Halskette mit abnehmbaren Federanh\u00e4ngern ist perfekt, um sie zu jedem Anlass zu tragen. Die Federn erinnern an die Plumaria-Kunst der Indios in Brasilien, die in der Vergangenheit verwendet wurde, um eine unvorstellbare Anzahl von Botschaften auszudr\u00fccken.<\/p>\n<p class=\"p1\">Die Halskette mit Federanh\u00e4ngern ist Teil der Piume-Kollektion, die die positive Botschaft der brasilianischen Vitalit\u00e4t durch st\u00e4ndige Verweise auf die Natur transportieren soll, aus der Thais Bernardes ihre Inspiration f\u00fcr ihr einzigartiges Design bezieht.<\/p>\n<p>Lesen Sie\u00a0<a href=\"https:\/\/thaisbernardes.com\/de\/die-bedeutung-der-federn-2\/\">HIER<\/a>\u00a0die volle Bedeutung von Federn.<\/p>\n<p class=\"p1\">Die Halskette und die Federn sind aus 925er Sterlingsilber oder vergoldetem 925er Sterlingsilber mit blauem Topas, Rosenquarz, Citrin und Amethyst als Geburtssteinen gefertigt und weisen die f\u00fcr Thais Bernardes' einzigartiges Design typischen raffinierten Oberfl\u00e4chen auf.<\/p>\n<p class=\"p1\">Einzelheiten:<\/p>\n<ul class=\"ul1\">\n<li class=\"li3\"><span class=\"s1\">925 rhodiniertes Silber<\/span><\/li>\n<li class=\"li3\"><span class=\"s1\">polierte und diamantierte Ausf\u00fchrung<\/span><\/li>\n<li class=\"li3\"><span class=\"s1\">Kieferrahmen<\/span><\/li>\n<li class=\"li3\"><span class=\"s1\">Blautopas und Rosenquarz Naturstein<\/span><\/li>\n<li class=\"li3\"><span class=\"s1\">Karabinerhaken<\/span><\/li>\n<li class=\"li3\"><span class=\"s1\">L\u00e4nge 120 cm<\/span><\/li>\n<li class=\"li4\">Thais Bernardes Garantieschein<\/li>\n<li class=\"li3\"><span class=\"s1\">Hergestellt in Italien<\/span><\/li>\n<\/ul>\n<p class=\"p1\">Unsere Stylisten empfehlen die <a href=\"https:\/\/thaisbernardes.com\/de\/produkt-2\/mini-kette-und-feder-ohrringe\/\"><span class=\"s1\"><b>Feder-Ohrringe<\/b><\/span><\/a> f\u00fcr einen ganz und gar 'BohoChic'-Stil.<\/p>\n<p class=\"p1\">Schmuck mit originellem Design, f\u00fcr Frauen mit einem nat\u00fcrlichen Gleichgewicht zwischen Cool und Chic.<\/p>","protected":false},"excerpt":{"rendered":"<p class=\"p1\">Federn sind wie ein Segen. Sie erinnern uns daran, dass wir nicht allein sind, sondern immer von einem unsichtbaren Wesen begleitet und unterst\u00fctzt werden.<\/p>\n<p>Eine Karte mit der Bedeutung der Federn ist in der Geschenkbox enthalten.<\/p>\n<p class=\"p2\">Schmuck aus wertvollen Materialien und vollst\u00e4ndig von italienischen Handwerkern hergestellt.<\/p>","protected":false},"featured_media":11684,"template":"","meta":[],"product_brand":[],"product_cat":[86,88,149],"product_tag":[104,148],"class_list":{"0":"post-3270","1":"product","2":"type-product","3":"status-publish","4":"has-post-thumbnail","6":"product_cat-collane","7":"product_cat-collezioni","8":"product_cat-piume","9":"product_tag-gioielli","10":"product_tag-piume","12":"first","13":"instock","14":"shipping-taxable","15":"purchasable","16":"product-type-variable"},"aioseo_notices":[],"jetpack_sharing_enabled":true,"_links":{"self":[{"href":"https:\/\/thaisbernardes.com\/de\/wp-json\/wp\/v2\/product\/3270","targetHints":{"allow":["GET"]}}],"collection":[{"href":"https:\/\/thaisbernardes.com\/de\/wp-json\/wp\/v2\/product"}],"about":[{"href":"https:\/\/thaisbernardes.com\/de\/wp-json\/wp\/v2\/types\/product"}],"wp:featuredmedia":[{"embeddable":true,"href":"https:\/\/thaisbernardes.com\/de\/wp-json\/wp\/v2\/media\/11684"}],"wp:attachment":[{"href":"https:\/\/thaisbernardes.com\/de\/wp-json\/wp\/v2\/media?parent=3270"}],"wp:term":[{"taxonomy":"product_brand","embeddable":true,"href":"https:\/\/thaisbernardes.com\/de\/wp-json\/wp\/v2\/product_brand?post=3270"},{"taxonomy":"product_cat","embeddable":true,"href":"https:\/\/thaisbernardes.com\/de\/wp-json\/wp\/v2\/product_cat?post=3270"},{"taxonomy":"product_tag","embeddable":true,"href":"https:\/\/thaisbernardes.com\/de\/wp-json\/wp\/v2\/product_tag?post=3270"}],"curies":[{"name":"wp","href":"https:\/\/api.w.org\/{rel}","templated":true}]}}