{"id":3299,"date":"2020-08-26T13:12:36","date_gmt":"2020-08-26T11:12:36","guid":{"rendered":"https:\/\/thaisbernardes.com\/?post_type=product&#038;p=3299"},"modified":"2026-03-11T17:02:48","modified_gmt":"2026-03-11T16:02:48","slug":"kakadu-halskette","status":"publish","type":"product","link":"https:\/\/thaisbernardes.com\/de\/product\/collana-cockatoo\/","title":{"rendered":"Kakadu-Halskette"},"content":{"rendered":"<p>Kakadu-Halskette<\/p>\n<p class=\"p1\">Thais Bernardes nimmt die ikonische Figur des Papageis \"Kakadu\", auf Italienisch \"cacatua\", Symbol f\u00fcr Kreativit\u00e4t und Freiheit, neu auf und verwandelt sie in eine elegante und raffinierte Halskette, die mit einem \"Kakadu\"-Anh\u00e4nger verziert ist<\/p>\n<p class=\"p1\">Es ist Teil der Kollektion Brazilian Soul, die die positive Botschaft der brasilianischen Lebensfreude durch st\u00e4ndige Verweise auf die Natur transportieren will, aus der Thais Bernardes ihre Inspiration f\u00fcr ihr einzigartiges Design bezieht.<\/p>\n<p class=\"p1\">Die Kakadu-Halskette ist aus vergoldetem 925er Silber mit einem Rosenquarz im Tropfenschliff oder in einer rhodinierten 925er Silberversion mit einem Blautopas-Stein gefertigt.<\/p>\n<p class=\"p1\">Einzelheiten:<\/p>\n<ul class=\"ul1\">\n<li class=\"li3\"><span class=\"s1\"> 925er Silber und 925er vergoldetes Silber<\/span><\/li>\n<li class=\"li3\"><span class=\"s1\"> gl\u00e4nzende Oberfl\u00e4che<\/span><\/li>\n<li class=\"li3\"><span class=\"s1\"> Kettenl\u00e4nge 50 cm<\/span><\/li>\n<li class=\"li3\"><span class=\"s1\"> Kieferrahmen<\/span><\/li>\n<li class=\"li3\"><span class=\"s1\"> Rosenquarz und Blautopas<\/span><\/li>\n<li class=\"li4\">Thais Bernardes Garantieschein<\/li>\n<li class=\"li3\"><span class=\"s1\"> Hergestellt in Italien<\/span><\/li>\n<\/ul>\n<p class=\"p1\">Unsere Stylisten empfehlen die <a href=\"https:\/\/thaisbernardes.com\/de\/produkt-2\/mini-papageien-ohrringe\/\"><span class=\"s1\">Mini-Papageien-Ohrringe<\/span><\/a> Kombiniert mit der Cokatoo-Halskette f\u00fcr einen femininen und leichten, aber aussagekr\u00e4ftigen Look mit Thais Bernardes Schmuck.<\/p>\n<p class=\"p1\">Der Schmuck von Thais Bernardes ist eine Hommage an die Natur, indem er sich von ihr inspirieren l\u00e4sst und uns daran erinnert, dass wir sie sch\u00fctzen m\u00fcssen. Einige Exemplare der Kakadus sind leider vom Aussterben bedroht, lesen Sie mehr <a href=\"http:\/\/www.assopappagalli.it\/home\/news\/i-cacatua-neri-a-rischio-estinzione-per-urbanizzazione-e-cambiamento-climatico.html\"><span class=\"s1\"><b>HIER<\/b><\/span><\/a> einen Artikel.<\/p>\n<p class=\"p3\">","protected":false},"excerpt":{"rendered":"<p class=\"p1\">Papageien sind ein Symbol f\u00fcr Kreativit\u00e4t, Sch\u00f6nheit und Freiheit. Dieser Schmuck ist all jenen gewidmet, die es lieben, sich ungefiltert zu zeigen und ein Leben voller Liebe, F\u00fclle und Begeisterung zu leben.<\/p>\n<p class=\"p3\">Schmuck aus wertvollen Materialien und vollst\u00e4ndig von italienischen Handwerkern hergestellt.<\/p>","protected":false},"featured_media":11688,"template":"","meta":[],"product_brand":[],"product_cat":[174,245,86,88],"product_tag":[74,84,104],"class_list":{"0":"post-3299","1":"product","2":"type-product","3":"status-publish","4":"has-post-thumbnail","6":"product_cat-brazilian-soul","7":"product_cat-categorie","8":"product_cat-collane","9":"product_cat-collezioni","10":"product_tag-cacatua","11":"product_tag-cockatoo","12":"product_tag-gioielli","14":"first","15":"instock","16":"shipping-taxable","17":"purchasable","18":"product-type-variable"},"aioseo_notices":[],"jetpack_sharing_enabled":true,"_links":{"self":[{"href":"https:\/\/thaisbernardes.com\/de\/wp-json\/wp\/v2\/product\/3299","targetHints":{"allow":["GET"]}}],"collection":[{"href":"https:\/\/thaisbernardes.com\/de\/wp-json\/wp\/v2\/product"}],"about":[{"href":"https:\/\/thaisbernardes.com\/de\/wp-json\/wp\/v2\/types\/product"}],"wp:featuredmedia":[{"embeddable":true,"href":"https:\/\/thaisbernardes.com\/de\/wp-json\/wp\/v2\/media\/11688"}],"wp:attachment":[{"href":"https:\/\/thaisbernardes.com\/de\/wp-json\/wp\/v2\/media?parent=3299"}],"wp:term":[{"taxonomy":"product_brand","embeddable":true,"href":"https:\/\/thaisbernardes.com\/de\/wp-json\/wp\/v2\/product_brand?post=3299"},{"taxonomy":"product_cat","embeddable":true,"href":"https:\/\/thaisbernardes.com\/de\/wp-json\/wp\/v2\/product_cat?post=3299"},{"taxonomy":"product_tag","embeddable":true,"href":"https:\/\/thaisbernardes.com\/de\/wp-json\/wp\/v2\/product_tag?post=3299"}],"curies":[{"name":"wp","href":"https:\/\/api.w.org\/{rel}","templated":true}]}}