{"id":3322,"date":"2020-08-26T15:14:51","date_gmt":"2020-08-26T13:14:51","guid":{"rendered":"https:\/\/thaisbernardes.com\/?post_type=product&#038;p=3322"},"modified":"2026-03-11T17:14:36","modified_gmt":"2026-03-11T16:14:36","slug":"lange-halskette-mit-minifedern","status":"publish","type":"product","link":"https:\/\/thaisbernardes.com\/de\/product\/collana-lunga-con-mini-piume\/","title":{"rendered":"Lange Halskette mit Mini-Federn"},"content":{"rendered":"<p class=\"p1\">Die lange Halskette mit Minifedern aus 18 Karat vergoldetem 925er Sterlingsilber mit Rosenquarz-Naturstein zeichnet sich durch die f\u00fcr Thais Bernardes' einzigartiges Design typischen Feinheiten aus.<\/p>\n<p class=\"p1\">Die lange Halskette mit Minifedern ist sehr leicht und l\u00e4sst sich zu jedem Anlass tragen. Die Federn erinnern an die Plumaria-Kunst der Indios in Brasilien, die in der Vergangenheit verwendet wurde, um eine unvorstellbare Anzahl von Botschaften auszudr\u00fccken. Lesen Sie <a href=\"https:\/\/thaisbernardes.com\/de\/die-bedeutung-der-federn-2\/\">HIER<\/a> die volle Bedeutung von Federn.<\/p>\n<p class=\"p1\">Einzelheiten:<\/p>\n<ul class=\"ul1\">\n<li class=\"li3\"><span class=\"s1\">925 rhodiniertes Silber<\/span><\/li>\n<li class=\"li3\"><span class=\"s1\">polierte und diamantierte Ausf\u00fchrung<\/span><\/li>\n<li class=\"li3\"><span class=\"s1\">Kieferrahmen<\/span><\/li>\n<li class=\"li3\"><span class=\"s1\">Rosa Quarz Naturstein<\/span><\/li>\n<li class=\"li3\"><span class=\"s1\">Karabinerhaken<\/span><\/li>\n<li class=\"li3\"><span class=\"s1\">L\u00e4nge 120 cm<\/span><\/li>\n<li class=\"li4\">Thais Bernardes Garantieschein<\/li>\n<li class=\"li3\"><span class=\"s1\">Hergestellt in Italien<\/span><\/li>\n<\/ul>\n<p class=\"p1\">Unsere Stylisten empfehlen die <a href=\"https:\/\/thaisbernardes.com\/de\/produkt-2\/mini-feder-ohrringe-zum-anhangen\/\"><span class=\"s1\"><b>Mini-Feder-Ohrringe zum Anh\u00e4ngen<\/b><\/span><\/a> f\u00fcr einen ganz und gar raffinierten Stil.<\/p>\n<p>Unsere Designerin und ehemaliges Fotomodell, Thais Bernardes, hat eine gro\u00dfe Leidenschaft f\u00fcr die Natur, die einheimischen V\u00f6lker und die tiefgr\u00fcndigen Botschaften, die in ihrer Geschichte enthalten sind. Der Schmuck von Thais Bernardes ist ein Symbol f\u00fcr die Verbindung zweier Kulturen durch italienische Handwerkskunst und den st\u00e4ndigen Bezug zur brasilianischen Natur und Kultur.<\/p>\n<p class=\"p2\">","protected":false},"excerpt":{"rendered":"<p class=\"p1\">Federn sind wie ein Segen. Sie erinnern uns daran, dass wir nicht allein sind, sondern immer von einem unsichtbaren Wesen begleitet und unterst\u00fctzt werden.<\/p>\n<p>Eine Karte mit der Bedeutung der Federn ist in der Geschenkbox enthalten.<\/p>\n<p class=\"p2\">Schmuck aus wertvollen Materialien und vollst\u00e4ndig von italienischen Handwerkern hergestellt.<\/p>","protected":false},"featured_media":11694,"template":"","meta":[],"product_brand":[],"product_cat":[86,88,149],"product_tag":[104,148],"class_list":{"0":"post-3322","1":"product","2":"type-product","3":"status-publish","4":"has-post-thumbnail","6":"product_cat-collane","7":"product_cat-collezioni","8":"product_cat-piume","9":"product_tag-gioielli","10":"product_tag-piume","12":"first","13":"instock","14":"shipping-taxable","15":"purchasable","16":"product-type-variable"},"aioseo_notices":[],"jetpack_sharing_enabled":true,"_links":{"self":[{"href":"https:\/\/thaisbernardes.com\/de\/wp-json\/wp\/v2\/product\/3322","targetHints":{"allow":["GET"]}}],"collection":[{"href":"https:\/\/thaisbernardes.com\/de\/wp-json\/wp\/v2\/product"}],"about":[{"href":"https:\/\/thaisbernardes.com\/de\/wp-json\/wp\/v2\/types\/product"}],"wp:featuredmedia":[{"embeddable":true,"href":"https:\/\/thaisbernardes.com\/de\/wp-json\/wp\/v2\/media\/11694"}],"wp:attachment":[{"href":"https:\/\/thaisbernardes.com\/de\/wp-json\/wp\/v2\/media?parent=3322"}],"wp:term":[{"taxonomy":"product_brand","embeddable":true,"href":"https:\/\/thaisbernardes.com\/de\/wp-json\/wp\/v2\/product_brand?post=3322"},{"taxonomy":"product_cat","embeddable":true,"href":"https:\/\/thaisbernardes.com\/de\/wp-json\/wp\/v2\/product_cat?post=3322"},{"taxonomy":"product_tag","embeddable":true,"href":"https:\/\/thaisbernardes.com\/de\/wp-json\/wp\/v2\/product_tag?post=3322"}],"curies":[{"name":"wp","href":"https:\/\/api.w.org\/{rel}","templated":true}]}}