{"id":3519,"date":"2020-08-30T16:36:09","date_gmt":"2020-08-30T14:36:09","guid":{"rendered":"https:\/\/thaisbernardes.com\/?post_type=product&#038;p=3519"},"modified":"2026-03-21T09:30:00","modified_gmt":"2026-03-21T08:30:00","slug":"armband-aus-baumwollfedern","status":"publish","type":"product","link":"https:\/\/thaisbernardes.com\/de\/product\/bracciale-in-cotone-con-piuma\/","title":{"rendered":"Baumwollarmband mit Feder"},"content":{"rendered":"<p class=\"p1\">Das Baumwollfederarmband ist Teil der Feathers-Kollektion, die die positive Botschaft der brasilianischen Vitalit\u00e4t durch st\u00e4ndige Bez\u00fcge zur Natur transportieren soll, aus der Thais Bernardes ihre Inspiration f\u00fcr ihr einzigartiges Design bezieht.<\/p>\n<p class=\"p1\">Das Federarmband ist mit einer silbernen Feder verziert und zeichnet sich durch die raffinierte Verarbeitung aus, die f\u00fcr das einzigartige Design von Thais Bernardes Jewellery typisch ist.<\/p>\n<p class=\"p3\">Einzelheiten:<\/p>\n<ul class=\"ul1\">\n<li class=\"li4\"><span class=\"s1\"> Baumwollarmband\u00a0<\/span><\/li>\n<li class=\"li4\"><span class=\"s1\"> 925 Silber Feder<\/span><\/li>\n<li class=\"li4\"><span class=\"s1\"> gl\u00e4nzende Oberfl\u00e4che<\/span><\/li>\n<li class=\"li5\">Thais Bernardes Garantieschein<\/li>\n<li class=\"li4\"><span class=\"s1\"> Hergestellt in Italien<\/span><\/li>\n<\/ul>\n<p class=\"p1\">Unsere Stylisten empfehlen die <a href=\"https:\/\/thaisbernardes.com\/de\/produkt-2\/mini-kette-und-feder-ohrringe\/\"><span class=\"s1\"><b><i>lange Ohrringe mit Federn <\/i><\/b><\/span><\/a> in Kombination mit dem Armband aus Baumwollfedern, um einen sinnvollen Look mit dem Schmuck von Thais Bernardes zu erzielen.<\/p>\n<p>F\u00fcr weitere Informationen schreiben Sie uns an info@thaisbernardes.com<\/p>","protected":false},"excerpt":{"rendered":"<p class=\"p1\">Federn sind wie ein Segen. Sie erinnern uns daran, dass wir nicht allein sind, sondern immer von einem unsichtbaren Wesen begleitet und unterst\u00fctzt werden.<\/p>\n<p class=\"p2\">Schmuck, der mit den hochwertigsten Materialien und vollst\u00e4ndig von italienischen Handwerkern hergestellt wird.<\/p>","protected":false},"featured_media":11697,"template":"","meta":[],"product_brand":[],"product_cat":[72,245,88,103,149,164],"product_tag":[73,148],"class_list":{"0":"post-3519","1":"product","2":"type-product","3":"status-publish","4":"has-post-thumbnail","6":"product_cat-bracciali","7":"product_cat-categorie","8":"product_cat-collezioni","9":"product_cat-gifts","10":"product_cat-piume","11":"product_cat-uomo","12":"product_tag-cotone","13":"product_tag-piume","15":"first","16":"instock","17":"shipping-taxable","18":"purchasable","19":"product-type-variable"},"aioseo_notices":[],"jetpack_sharing_enabled":true,"_links":{"self":[{"href":"https:\/\/thaisbernardes.com\/de\/wp-json\/wp\/v2\/product\/3519","targetHints":{"allow":["GET"]}}],"collection":[{"href":"https:\/\/thaisbernardes.com\/de\/wp-json\/wp\/v2\/product"}],"about":[{"href":"https:\/\/thaisbernardes.com\/de\/wp-json\/wp\/v2\/types\/product"}],"wp:featuredmedia":[{"embeddable":true,"href":"https:\/\/thaisbernardes.com\/de\/wp-json\/wp\/v2\/media\/11697"}],"wp:attachment":[{"href":"https:\/\/thaisbernardes.com\/de\/wp-json\/wp\/v2\/media?parent=3519"}],"wp:term":[{"taxonomy":"product_brand","embeddable":true,"href":"https:\/\/thaisbernardes.com\/de\/wp-json\/wp\/v2\/product_brand?post=3519"},{"taxonomy":"product_cat","embeddable":true,"href":"https:\/\/thaisbernardes.com\/de\/wp-json\/wp\/v2\/product_cat?post=3519"},{"taxonomy":"product_tag","embeddable":true,"href":"https:\/\/thaisbernardes.com\/de\/wp-json\/wp\/v2\/product_tag?post=3519"}],"curies":[{"name":"wp","href":"https:\/\/api.w.org\/{rel}","templated":true}]}}