{"id":3819,"date":"2020-09-14T22:28:56","date_gmt":"2020-09-14T20:28:56","guid":{"rendered":"https:\/\/thaisbernardes.com\/?post_type=product&#038;p=3819"},"modified":"2025-06-29T10:29:17","modified_gmt":"2025-06-29T08:29:17","slug":"papageien-reifen-ohrringe","status":"publish","type":"product","link":"https:\/\/thaisbernardes.com\/de\/product\/orecchini-a-cerchio-con-pappagallo\/","title":{"rendered":"Reif-Ohrringe mit Papagei"},"content":{"rendered":"<p class=\"p1\">Die Papageienohrringe sind Teil der Kollektion Brazilian Soul, die die positive Botschaft der brasilianischen Lebensfreude durch st\u00e4ndige Bez\u00fcge zur Natur transportieren will, aus der Thais Bernardes ihre Inspiration f\u00fcr ihr einzigartiges Design bezieht.<\/p>\n<p class=\"p1\">Thais Bernardes interpretiert die ikonische Figur des brasilianischen Papageis, Symbol f\u00fcr Kreativit\u00e4t und Freiheit, neu und verwandelt sie in ein Paar einzigartiger asymmetrischer Ohrringe, die mit einem mit Steinen besetzten Papagei verziert sind.<\/p>\n<p class=\"p3\">Einzelheiten:<\/p>\n<ul class=\"ul1\">\n<li class=\"li4\"><span class=\"s1\"> 925er Silber<\/span><\/li>\n<li class=\"li4\"><span class=\"s1\"> gl\u00e4nzende Oberfl\u00e4che<\/span><\/li>\n<li class=\"li4\"><span class=\"s1\"> zwei Reifohrringe und ein Papagei<\/span><\/li>\n<li class=\"li4\"><span class=\"s1\"> Pav\u00e9 aus wei\u00dfen Zirkonsteinen<\/span><\/li>\n<li class=\"li5\">Thais Bernardes Garantieschein<\/li>\n<li class=\"li4\"><span class=\"s1\"> Hergestellt in Italien<\/span><\/li>\n<li>Karte mit der Bedeutung von Papageien<\/li>\n<\/ul>\n<p class=\"p1\">Unsere Stylisten empfehlen die <a href=\"https:\/\/thaisbernardes.com\/de\/produkt-2\/papagei-anhanger-halskette-2\/\"><span class=\"s1\">halskette mit anh\u00e4nger<\/span><\/a> Papagei in Kombination mit asymmetrischen Papagei-Reifenohrringen f\u00fcr einen femininen, leichten und dennoch aussagekr\u00e4ftigen Look mit Thais Bernardes Schmuck.<\/p>\n<p class=\"p1\">Der Schmuck von Thais Bernardes ist eine Hommage an die Natur, indem er sich von ihr inspirieren l\u00e4sst und uns daran erinnert, dass wir sie sch\u00fctzen m\u00fcssen. Einige Papageienarten sind leider vom Aussterben bedroht, mehr <a href=\"https:\/\/www.repubblica.it\/ambiente\/2018\/09\/10\/news\/il_pappagallo_blu_del_film_rio_si_e_estinto-206081343\/%22%20%5Cl%20%22:~:text=%22Blu%22%20non%20c'%C3%A8,International%20pubblicato%20su%20Science%20Direct.\"><span class=\"s1\">HIER<\/span><\/a> einen Artikel in La Repubblica f\u00fcr weitere Einzelheiten.<\/p>\n<p class=\"p2\"><span class=\"s2\"><b>THAIS BERNARDES<\/b><\/span> Gioielli ist eine junge Schmuckmarke, die es in kurzer Zeit geschafft hat, dank der Qualit\u00e4t der f\u00fcr ihren Schmuck verwendeten Materialien, ihres zeitgen\u00f6ssischen Stils und der durch ihre Werbekampagnen und Initiativen vermittelten Botschaften die Aufmerksamkeit und Wertsch\u00e4tzung renommierter Kunden und Gesch\u00e4fte zu gewinnen. Sein Schmuck ist eine Mischung aus Italien und Brasilien, Qualit\u00e4t und Tradition, Detail und Leichtigkeit, Eleganz und Mode, f\u00fcr Frauen mit einem equ<span class=\"s2\">nat\u00fcrliche Gleichgewicht zwischen \" <b>Schick<\/b> \" e \"<b>Cool<\/b>\".<\/span><\/p>","protected":false},"excerpt":{"rendered":"<p class=\"p1\">Papageien sind ein Symbol f\u00fcr Kreativit\u00e4t, Sch\u00f6nheit und Freiheit. Dieser Schmuck ist all jenen gewidmet, die es lieben, sich ungefiltert zu zeigen und ein Leben voller Liebe, F\u00fclle und Begeisterung zu leben.<\/p>\n<p class=\"p3\">Schmuck, der mit den hochwertigsten Materialien und vollst\u00e4ndig von italienischen Handwerkern hergestellt wird.<\/p>","protected":false},"featured_media":11716,"template":"","meta":[],"product_brand":[],"product_cat":[174,88,131],"product_tag":[69,133,104],"class_list":{"0":"post-3819","1":"product","2":"type-product","3":"status-publish","4":"has-post-thumbnail","6":"product_cat-brazilian-soul","7":"product_cat-collezioni","8":"product_cat-orecchini","9":"product_tag-asimmetrici","10":"product_tag-cerchio","11":"product_tag-gioielli","13":"first","14":"instock","15":"shipping-taxable","16":"purchasable","17":"product-type-variable"},"aioseo_notices":[],"jetpack_sharing_enabled":true,"_links":{"self":[{"href":"https:\/\/thaisbernardes.com\/de\/wp-json\/wp\/v2\/product\/3819","targetHints":{"allow":["GET"]}}],"collection":[{"href":"https:\/\/thaisbernardes.com\/de\/wp-json\/wp\/v2\/product"}],"about":[{"href":"https:\/\/thaisbernardes.com\/de\/wp-json\/wp\/v2\/types\/product"}],"wp:featuredmedia":[{"embeddable":true,"href":"https:\/\/thaisbernardes.com\/de\/wp-json\/wp\/v2\/media\/11716"}],"wp:attachment":[{"href":"https:\/\/thaisbernardes.com\/de\/wp-json\/wp\/v2\/media?parent=3819"}],"wp:term":[{"taxonomy":"product_brand","embeddable":true,"href":"https:\/\/thaisbernardes.com\/de\/wp-json\/wp\/v2\/product_brand?post=3819"},{"taxonomy":"product_cat","embeddable":true,"href":"https:\/\/thaisbernardes.com\/de\/wp-json\/wp\/v2\/product_cat?post=3819"},{"taxonomy":"product_tag","embeddable":true,"href":"https:\/\/thaisbernardes.com\/de\/wp-json\/wp\/v2\/product_tag?post=3819"}],"curies":[{"name":"wp","href":"https:\/\/api.w.org\/{rel}","templated":true}]}}