{"id":3979,"date":"2021-04-18T11:55:39","date_gmt":"2021-04-18T09:55:39","guid":{"rendered":"http:\/\/thaisbernardes.com\/?post_type=product&#038;p=3979"},"modified":"2026-05-10T05:04:23","modified_gmt":"2026-05-10T03:04:23","slug":"nackte-halskette","status":"publish","type":"product","link":"https:\/\/thaisbernardes.com\/de\/product\/collana-nude\/","title":{"rendered":"Nackte Halskette"},"content":{"rendered":"<p>Das schlichte und essentielle Collier ist aus 925er Sterlingsilber mit 18 Karat Goldauflage.  Exklusiv f\u00fcr die Schmuckmarke Thais Bernardes, bringt sie einen einzigartigen, femininen Stil zum Vorschein.<\/p>\n<p>Einzelheiten:<\/p>\n<ul>\n<li>925er Silber<\/li>\n<li>gl\u00e4nzende Oberfl\u00e4che<\/li>\n<li>L\u00e4nge 35 cm + 5 cm<\/li>\n<li>Thais Bernardes Garantieschein<\/li>\n<li>100 % hergestellt in Italien<\/li>\n<\/ul>\n<p class=\"p1\">Unsere Stylisten empfehlen die Kollektion <a href=\"https:\/\/thaisbernardes.com\/de\/produktkategorie-2\/charme\/\"><span class=\"s1\">Reize <\/span><\/a> zu kombinieren mit der Nude-Halskette f\u00fcr einen sehr raffinierten und modischen Look.<\/p>\n<p class=\"p3\"><b>THAIS BERNARDES<\/b> Gioielli ist eine junge Schmuckmarke, die es in kurzer Zeit geschafft hat, dank der Qualit\u00e4t der f\u00fcr ihren Schmuck verwendeten Materialien, ihres zeitgen\u00f6ssischen Stils und der durch ihre Werbekampagnen und Initiativen vermittelten Botschaften die Aufmerksamkeit und Wertsch\u00e4tzung renommierter Kunden und Gesch\u00e4fte zu gewinnen. Sein Schmuck ist eine Mischung aus Italien und Brasilien, Qualit\u00e4t und Tradition, Detail und Leichtigkeit, Eleganz und Mode, f\u00fcr Frauen mit einem nat\u00fcrlichen Gleichgewicht zwischen \" <b>Schick<\/b> \" e \"<b>Cool<\/b>\".<\/p>\n<p class=\"p3\">Schmuck 100% made in Italy, schreiben Sie uns an info@thaisbernardes.com f\u00fcr weitere Informationen oder Anfragen.<\/p>\n<p>Recht <a href=\"https:\/\/www.vogue.it\/moda\/article\/gioielli-giovani-jewelry-designer-brasiliani-collane-orecchini-bracciali\">HIER<\/a> ein in der VOGUE ITALIA ver\u00f6ffentlichter Artikel.<\/p>","protected":false},"excerpt":{"rendered":"<p>Einfachheit ist wahre Eleganz und erm\u00f6glicht es uns, ein inneres und \u00e4u\u00dferes Gleichgewicht zu erreichen.<\/p>\n<p>Schmuck, der aus den hochwertigsten Materialien und in reiner Handarbeit von lokalen Kunsthandwerkern hergestellt wird.<\/p>","protected":false},"featured_media":11725,"template":"","meta":[],"product_brand":[],"product_cat":[245,77,86,88],"product_tag":[],"class_list":{"0":"post-3979","1":"product","2":"type-product","3":"status-publish","4":"has-post-thumbnail","6":"product_cat-categorie","7":"product_cat-charms","8":"product_cat-collane","9":"product_cat-collezioni","11":"first","12":"outofstock","13":"shipping-taxable","14":"purchasable","15":"product-type-simple"},"aioseo_notices":[],"jetpack_sharing_enabled":true,"_links":{"self":[{"href":"https:\/\/thaisbernardes.com\/de\/wp-json\/wp\/v2\/product\/3979","targetHints":{"allow":["GET"]}}],"collection":[{"href":"https:\/\/thaisbernardes.com\/de\/wp-json\/wp\/v2\/product"}],"about":[{"href":"https:\/\/thaisbernardes.com\/de\/wp-json\/wp\/v2\/types\/product"}],"wp:featuredmedia":[{"embeddable":true,"href":"https:\/\/thaisbernardes.com\/de\/wp-json\/wp\/v2\/media\/11725"}],"wp:attachment":[{"href":"https:\/\/thaisbernardes.com\/de\/wp-json\/wp\/v2\/media?parent=3979"}],"wp:term":[{"taxonomy":"product_brand","embeddable":true,"href":"https:\/\/thaisbernardes.com\/de\/wp-json\/wp\/v2\/product_brand?post=3979"},{"taxonomy":"product_cat","embeddable":true,"href":"https:\/\/thaisbernardes.com\/de\/wp-json\/wp\/v2\/product_cat?post=3979"},{"taxonomy":"product_tag","embeddable":true,"href":"https:\/\/thaisbernardes.com\/de\/wp-json\/wp\/v2\/product_tag?post=3979"}],"curies":[{"name":"wp","href":"https:\/\/api.w.org\/{rel}","templated":true}]}}