{"id":4091,"date":"2020-11-09T11:24:16","date_gmt":"2020-11-09T10:24:16","guid":{"rendered":"http:\/\/thaisbernardes.com\/?post_type=product&#038;p=4091"},"modified":"2026-02-16T02:52:20","modified_gmt":"2026-02-16T01:52:20","slug":"kette-mit-tonnenformigem-anhanger","status":"publish","type":"product","link":"https:\/\/thaisbernardes.com\/de\/product\/collana-catena-con-ciondolo-barilotto\/","title":{"rendered":"Halskette mit Anh\u00e4nger Lauf IO TU"},"content":{"rendered":"<p>Halskette mit Anh\u00e4nger Lauf IO TU<\/p>\n<p class=\"p1\">Unisex-Halskette mit einem tonnenf\u00f6rmigen Anh\u00e4nger mit der Aufschrift IO TU auf der Innenseite. Die Kette ist mit zwei Diamanten verziert, einem schwarzen und einem wei\u00dfen.<\/p>\n<p class=\"p1\">Er symbolisiert die Vereinigung in all ihrer Kraft, wobei ein Anh\u00e4nger mit den Worten ICH BIN in ihm ein unaufl\u00f6sliches und ewiges Band schafft, wie zwei Diamanten, ein schwarzer und ein wei\u00dfer.<\/p>\n<p class=\"p1\">Es ist Teil der Kollektion Palavras, dem wahren Ber\u00fchrungspunkt zwischen Italien und Brasilien, wo die Designerin Thais Bernardes uns die Welt der Gef\u00fchle durch ihr essentielles Design entdecken l\u00e4sst, um einzigartigen und unnachahmlichen Schmuck zu kreieren, der vollst\u00e4ndig in Italien hergestellt wird.<\/p>\n<p class=\"p1\">Die Halskette mit Anh\u00e4nger Io Tu besteht aus vergoldetem Silber und der Anh\u00e4nger ist mit zwei Diamanten von 0,035 Karat besetzt, von denen einer schwarz und der andere wei\u00df ist.<\/p>\n<p class=\"p1\">Unsere Stylisten empfehlen <a href=\"https:\/\/thaisbernardes.com\/de\/produkt-2\/band-ring-me-you\/\"><span class=\"s1\"><b><i>der IO TU Bandring <\/i><\/b><\/span><\/a>f\u00fcr ein sehr schickes Aussehen!<\/p>\n<p class=\"p2\"><span class=\"s2\"><b>THAIS BERNARDES<\/b><\/span> Gioielli ist eine junge Schmuckmarke, die es in kurzer Zeit geschafft hat, dank der Qualit\u00e4t der f\u00fcr ihren Schmuck verwendeten Materialien, ihres zeitgen\u00f6ssischen Stils und der durch ihre Werbekampagnen und Initiativen vermittelten Botschaften die Aufmerksamkeit und Wertsch\u00e4tzung renommierter Kunden und Gesch\u00e4fte zu gewinnen. Sein Schmuck ist eine Mischung aus Italien und Brasilien, Qualit\u00e4t und Tradition, Detail und Leichtigkeit, Eleganz und Mode, f\u00fcr Frauen mit einem nat\u00fcrlichen Gleichgewicht zwischen \" <span class=\"s2\"><b>Schick<\/b> \" e \"<b>Cool<\/b>\".<\/span><\/p>\n<p class=\"p1\">PALAVRAS SAMMLUNG ARTIKEL \u00dcBER <a href=\"https:\/\/ilcorrierenews.wordpress.com\/2016\/06\/15\/thais-bernardes-unanima-carioca-nel-cuore-di-milano\/\"><span class=\"s1\"><b><i>KURIER-NACHRICHTEN <\/i><\/b><\/span><\/a><\/p>","protected":false},"excerpt":{"rendered":"<p class=\"p3\">Gioiello creato con materiali di altissima qualit\u00e0 e interamente fatto da artigiani italiani<\/p>\n<ul class=\"ul1\">\n<li class=\"li3\"><span class=\"s1\">Rhodiniertes 925er Silber<\/span><\/li>\n<li class=\"li3\"><span class=\"s1\"> gl\u00e4nzende Oberfl\u00e4che<\/span><\/li>\n<li class=\"li3\"><span class=\"s1\"> schwarzer Diamant 0,035 Ct<\/span><\/li>\n<li class=\"li3\"><span class=\"s1\"> wei\u00dfer Diamant 0,o35 ct<\/span><\/li>\n<li class=\"li3\"><span class=\"s1\"> Kettenl\u00e4nge 50 cm<\/span><\/li>\n<li class=\"li3\"><span class=\"s1\">Thais Bernardes B\u00fcrgschaftsbescheinigung<\/span><\/li>\n<li class=\"li3\"><span class=\"s1\"> Hergestellt in Italien<\/span><\/li>\n<\/ul>","protected":false},"featured_media":11731,"template":"","meta":[],"product_brand":[],"product_cat":[86,88,140,164],"product_tag":[288,105],"class_list":{"0":"post-4091","1":"product","2":"type-product","3":"status-publish","4":"has-post-thumbnail","6":"product_cat-collane","7":"product_cat-collezioni","8":"product_cat-palavras","9":"product_cat-uomo","10":"product_tag-black-friday","11":"product_tag-gioielli-uomo","13":"first","14":"instock","15":"shipping-taxable","16":"purchasable","17":"product-type-simple"},"aioseo_notices":[],"jetpack_sharing_enabled":true,"_links":{"self":[{"href":"https:\/\/thaisbernardes.com\/de\/wp-json\/wp\/v2\/product\/4091","targetHints":{"allow":["GET"]}}],"collection":[{"href":"https:\/\/thaisbernardes.com\/de\/wp-json\/wp\/v2\/product"}],"about":[{"href":"https:\/\/thaisbernardes.com\/de\/wp-json\/wp\/v2\/types\/product"}],"wp:featuredmedia":[{"embeddable":true,"href":"https:\/\/thaisbernardes.com\/de\/wp-json\/wp\/v2\/media\/11731"}],"wp:attachment":[{"href":"https:\/\/thaisbernardes.com\/de\/wp-json\/wp\/v2\/media?parent=4091"}],"wp:term":[{"taxonomy":"product_brand","embeddable":true,"href":"https:\/\/thaisbernardes.com\/de\/wp-json\/wp\/v2\/product_brand?post=4091"},{"taxonomy":"product_cat","embeddable":true,"href":"https:\/\/thaisbernardes.com\/de\/wp-json\/wp\/v2\/product_cat?post=4091"},{"taxonomy":"product_tag","embeddable":true,"href":"https:\/\/thaisbernardes.com\/de\/wp-json\/wp\/v2\/product_tag?post=4091"}],"curies":[{"name":"wp","href":"https:\/\/api.w.org\/{rel}","templated":true}]}}