{"id":4315,"date":"2020-12-01T10:54:04","date_gmt":"2020-12-01T09:54:04","guid":{"rendered":"http:\/\/thaisbernardes.com\/?post_type=product&#038;p=4315"},"modified":"2026-03-11T17:20:06","modified_gmt":"2026-03-11T16:20:06","slug":"mini-feder-ohrringe","status":"publish","type":"product","link":"https:\/\/thaisbernardes.com\/de\/product\/orecchini-mini-piume\/","title":{"rendered":"Mini-Feder-Ohrringe"},"content":{"rendered":"<p>Die Mini-Federohrringe k\u00f6nnen auch am zweiten Loch getragen werden. Die Leichtigkeit der Feder macht diesen Ohrring perfekt f\u00fcr jede Gelegenheit.<\/p>\n<p class=\"p1\">Die Mini-Feder-Ohrringe sind Teil der Piume-Kollektion, die die positive Botschaft der brasilianischen Lebensfreude durch st\u00e4ndige Bez\u00fcge zur Natur transportieren will, aus der Thais Bernardes ihre Inspiration f\u00fcr ihr einzigartiges Design bezieht. F\u00fcr die Ureinwohner des Amazonas sind sie ein Symbol f\u00fcr Freiheit, Mut und freien Geist. Lesen Sie <a href=\"https:\/\/thaisbernardes.com\/de\/die-bedeutung-der-federn-2\/\">HIER<\/a> die volle Bedeutung von Federn.<\/p>\n<p class=\"p1\">Die Mini-Ohrringe Feathers sind mit einer silbernen Feder verziert, die sich durch die f\u00fcr Thais Bernardes' einzigartiges Design typischen raffinierten Oberfl\u00e4chen auszeichnet.<\/p>\n<p class=\"p3\">Einzelheiten:<\/p>\n<ul class=\"ul1\">\n<li class=\"li4\"><span class=\"s1\">925 rhodiniertes oder vergoldetes Silber<\/span><\/li>\n<li class=\"li4\"><span class=\"s1\">gl\u00e4nzende Oberfl\u00e4che<\/span><\/li>\n<li class=\"li4\"><span class=\"s1\">Garantiezertifikat Thais Bernardes Jewellery<\/span><\/li>\n<li class=\"li4\"><span class=\"s1\">Hergestellt in Italien<\/span><\/li>\n<\/ul>\n<p class=\"p2\">Lesen Sie den Artikel Federschmucktrends auf unserer <a href=\"https:\/\/thaisbernardes.com\/de\/traume-von-kalifornien-federn-sind-die-stars-der-schmucktrends\/\"><span class=\"s1\">BLOG<\/span><\/a><\/p>\n<p>&nbsp;<\/p>","protected":false},"excerpt":{"rendered":"<p class=\"p1\">Federn sind wie ein Segen. Sie erinnern uns daran, dass wir nicht allein sind, sondern immer von einem unsichtbaren Wesen begleitet und unterst\u00fctzt werden.<\/p>\n<p class=\"p2\">Schmuck, der mit den hochwertigsten Materialien und vollst\u00e4ndig von italienischen Handwerkern hergestellt wird.<\/p>","protected":false},"featured_media":11742,"template":"","meta":[],"product_brand":[],"product_cat":[88,131,149],"product_tag":[],"class_list":{"0":"post-4315","1":"product","2":"type-product","3":"status-publish","4":"has-post-thumbnail","6":"product_cat-collezioni","7":"product_cat-orecchini","8":"product_cat-piume","10":"first","11":"instock","12":"shipping-taxable","13":"purchasable","14":"product-type-variable"},"aioseo_notices":[],"jetpack_sharing_enabled":true,"_links":{"self":[{"href":"https:\/\/thaisbernardes.com\/de\/wp-json\/wp\/v2\/product\/4315","targetHints":{"allow":["GET"]}}],"collection":[{"href":"https:\/\/thaisbernardes.com\/de\/wp-json\/wp\/v2\/product"}],"about":[{"href":"https:\/\/thaisbernardes.com\/de\/wp-json\/wp\/v2\/types\/product"}],"wp:featuredmedia":[{"embeddable":true,"href":"https:\/\/thaisbernardes.com\/de\/wp-json\/wp\/v2\/media\/11742"}],"wp:attachment":[{"href":"https:\/\/thaisbernardes.com\/de\/wp-json\/wp\/v2\/media?parent=4315"}],"wp:term":[{"taxonomy":"product_brand","embeddable":true,"href":"https:\/\/thaisbernardes.com\/de\/wp-json\/wp\/v2\/product_brand?post=4315"},{"taxonomy":"product_cat","embeddable":true,"href":"https:\/\/thaisbernardes.com\/de\/wp-json\/wp\/v2\/product_cat?post=4315"},{"taxonomy":"product_tag","embeddable":true,"href":"https:\/\/thaisbernardes.com\/de\/wp-json\/wp\/v2\/product_tag?post=4315"}],"curies":[{"name":"wp","href":"https:\/\/api.w.org\/{rel}","templated":true}]}}