{"id":4413,"date":"2020-12-07T14:21:18","date_gmt":"2020-12-07T13:21:18","guid":{"rendered":"http:\/\/thaisbernardes.com\/?post_type=product&#038;p=4413"},"modified":"2025-06-26T15:24:23","modified_gmt":"2025-06-26T13:24:23","slug":"liberty-21-gold-feder-armband","status":"publish","type":"product","link":"https:\/\/thaisbernardes.com\/de\/product\/bracciale-liberty-21-con-piuma-in-oro\/","title":{"rendered":"Goldfeder-Armband"},"content":{"rendered":"<p>Das goldene Federarmband liberty-21 ist Teil der Kollektion Brazilian Soul, die die positive Botschaft der brasilianischen Lebensfreude durch st\u00e4ndige Bez\u00fcge zur Natur transportieren will, von der sich Thais Bernardes f\u00fcr ihr einzigartiges Design inspirieren l\u00e4sst.<\/p>\n<p class=\"p1\">Das goldene Federarmband liberty-21 ist Teil der Kollektion Brazilian Soul, die die positive Botschaft der brasilianischen Lebensfreude durch st\u00e4ndige Bez\u00fcge zur Natur transportieren will, von der sich Thais Bernardes f\u00fcr ihr einzigartiges Design inspirieren l\u00e4sst.<\/p>\n<p class=\"p1\">Das Armband Liberty-21 aus br\u00fcniertem 925er Sterlingsilber ist mit einer Feder aus 9-Karat-Gold verziert, die sich durch die f\u00fcr das einzigartige Design von Thais Bernardes Jewellery typischen Feinheiten auszeichnet.<\/p>\n<p class=\"p1\">Das goldene Federarmband liberty-21 wird mit einer Botschaft geliefert, die die Bedeutung der Federn erkl\u00e4rt: \"Federn sind wie ein Segen, sie erinnern uns daran, dass wir nicht allein sind, sondern immer von einem unsichtbaren Wesen begleitet und unterst\u00fctzt werden.\"<\/p>\n<p class=\"p1\">Einzelheiten:<\/p>\n<ul>\n<li><span class=\"s1\">9K-Gold-Feder <\/span><\/li>\n<li><span class=\"s1\">Armband aus br\u00fcniertem 925er Silber<\/span><\/li>\n<li><span class=\"s1\">gl\u00e4nzende Oberfl\u00e4che<\/span><\/li>\n<li><span class=\"s1\">L\u00e4nge 17 cm mit Ring, der bis 19 cm reicht<\/span><\/li>\n<li><span class=\"s1\">Thais Bernardes B\u00fcrgschaftsbescheinigung<\/span><\/li>\n<li>Zertifikat mit Botschaft \" die Bedeutung der Federn \"<\/li>\n<li><span class=\"s1\">Hergestellt in Italien<\/span><\/li>\n<\/ul>\n<p class=\"p1\">Unsere Stylisten empfehlen die <a href=\"https:\/\/thaisbernardes.com\/de\/produkt-2\/mini-kette-und-feder-ohrringe\/\"><span class=\"s1\"><b><i>lange Ohrringe mit Federn <\/i><\/b><\/span><\/a> in Kombination mit dem goldenen Federarmband, um einen aussagekr\u00e4ftigen Look mit Thais Bernardes Schmuck zu erzielen.<\/p>\n<p class=\"p2\"><span class=\"s2\"><b>THAIS BERNARDES<\/b><\/span> Gioielli ist eine junge Schmuckmarke, die es in kurzer Zeit geschafft hat, dank der Qualit\u00e4t der f\u00fcr ihren Schmuck verwendeten Materialien, ihres zeitgen\u00f6ssischen Stils und der durch ihre Werbekampagnen und Initiativen vermittelten Botschaften die Aufmerksamkeit und Wertsch\u00e4tzung renommierter Kunden und Gesch\u00e4fte zu gewinnen. Sein Schmuck ist eine Mischung aus Italien und Brasilien, Qualit\u00e4t und Tradition, <span class=\"s2\">Details und Leichtigkeit, Eleganz und Mode, f\u00fcr Frauen mit einem nat\u00fcrlichen Gleichgewicht zwischen \" <b>Schick<\/b> \" e \"<b>Cool<\/b>\".<\/span><\/p>\n<p class=\"p2\"><span class=\"s2\">F\u00fcr die <a href=\"https:\/\/www.survival.it\/popoli\/brasile\"><span class=\"s1\"><b>einheimische v\u00f6lker amazoniens<\/b><\/span><\/a><\/span> sind ein Symbol der Freiheit, des Mutes und des freien Geistes.<\/p>","protected":false},"excerpt":{"rendered":"<p class=\"p1\">Federn sind wie ein Segen. Sie erinnern uns daran, dass wir nicht allein sind, sondern immer von einem unsichtbaren Wesen begleitet und unterst\u00fctzt werden.<\/p>\n<p class=\"p2\">Schmuck, der mit den hochwertigsten Materialien und vollst\u00e4ndig von italienischen Handwerkern hergestellt wird.<\/p>","protected":false},"featured_media":11746,"template":"","meta":[],"product_brand":[],"product_cat":[72,88,103,149,164],"product_tag":[],"class_list":{"0":"post-4413","1":"product","2":"type-product","3":"status-publish","4":"has-post-thumbnail","6":"product_cat-bracciali","7":"product_cat-collezioni","8":"product_cat-gifts","9":"product_cat-piume","10":"product_cat-uomo","12":"first","13":"instock","14":"shipping-taxable","15":"purchasable","16":"product-type-simple"},"aioseo_notices":[],"jetpack_sharing_enabled":true,"_links":{"self":[{"href":"https:\/\/thaisbernardes.com\/de\/wp-json\/wp\/v2\/product\/4413","targetHints":{"allow":["GET"]}}],"collection":[{"href":"https:\/\/thaisbernardes.com\/de\/wp-json\/wp\/v2\/product"}],"about":[{"href":"https:\/\/thaisbernardes.com\/de\/wp-json\/wp\/v2\/types\/product"}],"wp:featuredmedia":[{"embeddable":true,"href":"https:\/\/thaisbernardes.com\/de\/wp-json\/wp\/v2\/media\/11746"}],"wp:attachment":[{"href":"https:\/\/thaisbernardes.com\/de\/wp-json\/wp\/v2\/media?parent=4413"}],"wp:term":[{"taxonomy":"product_brand","embeddable":true,"href":"https:\/\/thaisbernardes.com\/de\/wp-json\/wp\/v2\/product_brand?post=4413"},{"taxonomy":"product_cat","embeddable":true,"href":"https:\/\/thaisbernardes.com\/de\/wp-json\/wp\/v2\/product_cat?post=4413"},{"taxonomy":"product_tag","embeddable":true,"href":"https:\/\/thaisbernardes.com\/de\/wp-json\/wp\/v2\/product_tag?post=4413"}],"curies":[{"name":"wp","href":"https:\/\/api.w.org\/{rel}","templated":true}]}}