{"id":4427,"date":"2020-12-07T17:05:30","date_gmt":"2020-12-07T16:05:30","guid":{"rendered":"http:\/\/thaisbernardes.com\/?post_type=product&#038;p=4427"},"modified":"2026-05-01T18:44:17","modified_gmt":"2026-05-01T16:44:17","slug":"farben-armband-mit-blauem-topas","status":"publish","type":"product","link":"https:\/\/thaisbernardes.com\/de\/product\/bracciale-colors-con-topazio-azzurro\/","title":{"rendered":"Armband Farben mit blauem Topas"},"content":{"rendered":"<p data-start=\"250\" data-end=\"621\">Die <strong data-start=\"253\" data-end=\"293\">Bracciale Colors con Topazio Azzurro<\/strong> \u00e8 realizzato in <strong data-start=\"310\" data-end=\"338\">925 vergoldetes Silber<\/strong> e interamente prodotto in Italia, unendo artigianalit\u00e0 eccellente ed estetica contemporanea.<br data-start=\"431\" data-end=\"434\" \/>Protagonista del design \u00e8 il <strong data-start=\"463\" data-end=\"491\">Topazio Azzurro naturale<\/strong>, una gemma luminosa e preziosa che da secoli viene associata alla chiarezza, alla calma interiore e alla comunicazione autentica.<\/p>\n<p data-start=\"623\" data-end=\"918\">Il Topazio Azzurro \u00e8 la \u201cpietra della serenit\u00e0\u201d: aiuta a liberare la mente dai pensieri pesanti, favorisce l\u2019espressione sincera delle emozioni e porta equilibrio nei momenti di stress. Il suo colore, un azzurro puro e limpido, ricorda l\u2019acqua e il cielo del Brasile, evocando armonia e libert\u00e0.<\/p>\n<p data-start=\"920\" data-end=\"1193\">Perfetto per chi ama uno stile <strong data-start=\"951\" data-end=\"993\">chic, raffinato e ricco di significato<\/strong>, questo bracciale pu\u00f2 essere indossato ogni giorno come un talismano di luce e ispirazione.<br data-start=\"1085\" data-end=\"1088\" \/>Un regalo speciale per chi cerca pace, concentrazione e connessione con la propria energia pi\u00f9 autentica.<\/p>\n<p data-start=\"1195\" data-end=\"1284\" data-is-last-node=\"\" data-is-only-node=\"\">Un gioiello genderless, elegante e vibrante \u2014 un piccolo amuleto di bellezza e benessere.<\/p>\n<p class=\"p1\">Unsere Stylisten empfehlen, mehrere Armb\u00e4nder zu kombinieren, um einen sehr schicken Look zu erzielen. Siehe auch die <a href=\"https:\/\/thaisbernardes.com\/de\/produkt-2\/farben-armband-mit-rauchquarz\/\"><span class=\"s1\"><b>Farben Armband mit Rauch Quarz.<\/b><\/span><\/a><\/p>\n<p class=\"p2\"><span class=\"s2\"><b>THAIS BERNARDES<\/b><\/span> Gioielli ist eine junge Schmuckmarke, die es in kurzer Zeit geschafft hat, dank der Qualit\u00e4t der f\u00fcr ihren Schmuck verwendeten Materialien, ihres zeitgen\u00f6ssischen Stils und der durch ihre Werbekampagnen und Initiativen vermittelten Botschaften die Aufmerksamkeit und Wertsch\u00e4tzung renommierter Kunden und Gesch\u00e4fte zu gewinnen. Sein Schmuck ist eine Mischung aus Italien und Brasilien, Qualit\u00e4t und Tradition, Detail und Leichtigkeit, Eleganz<span class=\"s2\">a und Mode, f\u00fcr Frauen mit einem nat\u00fcrlichen Gleichgewicht zwischen \" <b>Schick<\/b> \" e \"<b>Cool<\/b>\".<\/span><\/p>\n<p class=\"p1\">Lesen Sie einen Artikel \u00fcber <a href=\"https:\/\/ilcorrierenews.wordpress.com\/2016\/06\/15\/thais-bernardes-unanima-carioca-nel-cuore-di-milano\/\"><span class=\"s1\">KURIER-NACHRICHTEN <\/span><\/a><\/p>","protected":false},"excerpt":{"rendered":"<ul class=\"ul1\">\n<li class=\"li3\"><span class=\"s1\">925er Silber<\/span><\/li>\n<li class=\"li3\"><span class=\"s1\"> gl\u00e4nzende Oberfl\u00e4che<\/span><\/li>\n<li class=\"li3\"><span class=\"s1\"> Blautopas<\/span><\/li>\n<li class=\"li3\"><span class=\"s1\"> Karabinerhaken<\/span><\/li>\n<li class=\"li3\"><span class=\"s1\"> lunghezza totale 19 cm<\/span><\/li>\n<li class=\"li3\"><span class=\"s1\"> Thais Bernardes Garantieschein<\/span><\/li>\n<li class=\"li3\"><span class=\"s1\"> Hergestellt in Italien<\/span><\/li>\n<\/ul>","protected":false},"featured_media":11748,"template":"","meta":[],"product_brand":[],"product_cat":[72,88,89],"product_tag":[],"class_list":{"0":"post-4427","1":"product","2":"type-product","3":"status-publish","4":"has-post-thumbnail","6":"product_cat-bracciali","7":"product_cat-collezioni","8":"product_cat-colors","10":"first","11":"instock","12":"shipping-taxable","13":"purchasable","14":"product-type-simple"},"aioseo_notices":[],"jetpack_sharing_enabled":true,"_links":{"self":[{"href":"https:\/\/thaisbernardes.com\/de\/wp-json\/wp\/v2\/product\/4427","targetHints":{"allow":["GET"]}}],"collection":[{"href":"https:\/\/thaisbernardes.com\/de\/wp-json\/wp\/v2\/product"}],"about":[{"href":"https:\/\/thaisbernardes.com\/de\/wp-json\/wp\/v2\/types\/product"}],"wp:featuredmedia":[{"embeddable":true,"href":"https:\/\/thaisbernardes.com\/de\/wp-json\/wp\/v2\/media\/11748"}],"wp:attachment":[{"href":"https:\/\/thaisbernardes.com\/de\/wp-json\/wp\/v2\/media?parent=4427"}],"wp:term":[{"taxonomy":"product_brand","embeddable":true,"href":"https:\/\/thaisbernardes.com\/de\/wp-json\/wp\/v2\/product_brand?post=4427"},{"taxonomy":"product_cat","embeddable":true,"href":"https:\/\/thaisbernardes.com\/de\/wp-json\/wp\/v2\/product_cat?post=4427"},{"taxonomy":"product_tag","embeddable":true,"href":"https:\/\/thaisbernardes.com\/de\/wp-json\/wp\/v2\/product_tag?post=4427"}],"curies":[{"name":"wp","href":"https:\/\/api.w.org\/{rel}","templated":true}]}}