{"id":4434,"date":"2020-12-07T17:27:00","date_gmt":"2020-12-07T16:27:00","guid":{"rendered":"http:\/\/thaisbernardes.com\/?post_type=product&#038;p=4434"},"modified":"2026-03-12T00:23:00","modified_gmt":"2026-03-11T23:23:00","slug":"farben-armband-mit-onyx","status":"publish","type":"product","link":"https:\/\/thaisbernardes.com\/de\/product\/bracciale-colors-con-onice\/","title":{"rendered":"Colors Armband mit Onyxstein"},"content":{"rendered":"<p data-start=\"231\" data-end=\"538\">Die <strong data-start=\"234\" data-end=\"260\">Bracciale Colors Onice<\/strong> \u00e8 realizzato in <strong data-start=\"277\" data-end=\"305\">925 vergoldetes Silber<\/strong> e interamente lavorato in Italia secondo la migliore tradizione artigianale.<br data-start=\"382\" data-end=\"385\" \/>Al centro del design brilla un\u2019<strong data-start=\"416\" data-end=\"434\">Nat\u00fcrlicher Onyx<\/strong>, una pietra profondamente simbolica, conosciuta per la sua energia protettiva e la sua forza interiore.<\/p>\n<p data-start=\"540\" data-end=\"775\">L\u2019Onice \u00e8 la \u201cpietra della determinazione\u201d: favorisce la stabilit\u00e0 emotiva, rafforza il coraggio e aiuta a mantenere lucidit\u00e0 nelle scelte quotidiane. Il suo colore nero intenso rappresenta eleganza pura, equilibrio e potere personale.<\/p>\n<p data-start=\"777\" data-end=\"1019\">Il bracciale \u00e8 un talismano urbano e contemporaneo, perfetto da indossare ogni giorno per chi ama uno stile <strong data-start=\"885\" data-end=\"928\">chic, essenziale e ricco di significato<\/strong>, oppure da regalare a una persona che sta affrontando nuovi percorsi, sfide o cambiamenti.<\/p>\n<p data-start=\"1021\" data-end=\"1105\" data-is-last-node=\"\" data-is-only-node=\"\">Un gioiello versatile, genderless e intramontabile \u2014 un\u2019icona di protezione e forza.<\/p>\n<p class=\"p2\"><span class=\"s2\"><b>THAIS BERNARDES<\/b><\/span> Gioielli ist eine junge Schmuckmarke, die es in kurzer Zeit geschafft hat, dank der Qualit\u00e4t der f\u00fcr ihren Schmuck verwendeten Materialien, ihres zeitgen\u00f6ssischen Stils und der durch ihre Werbekampagnen und Initiativen vermittelten Botschaften die Aufmerksamkeit und Wertsch\u00e4tzung renommierter Kunden und Gesch\u00e4fte zu gewinnen. Sein Schmuck ist eine Mischung aus Italien und Brasilien, Qualit\u00e4t und Tradition, Detail und Leichtigkeit, Eleganz und Mode, f\u00fcr Frauen<span class=\"s2\"> mit einem nat\u00fcrlichen Gleichgewicht zwischen \" <b>Schick<\/b> \" e \"<b>Cool<\/b>\".<\/span><\/p>\n<p class=\"p1\">Lesen Sie einen Artikel \u00fcber <a href=\"https:\/\/ilcorrierenews.wordpress.com\/2016\/06\/15\/thais-bernardes-unanima-carioca-nel-cuore-di-milano\/\"><span class=\"s1\">KURIER-NACHRICHTEN <\/span><\/a><\/p>","protected":false},"excerpt":{"rendered":"<ul class=\"ul1\">\n<li class=\"li3\"><span class=\"s1\">925er Silber<\/span><\/li>\n<li class=\"li3\"><span class=\"s1\"> gl\u00e4nzende Oberfl\u00e4che<\/span><\/li>\n<li class=\"li3\"><span class=\"s1\"> Nat\u00fcrlicher Onyx<\/span><\/li>\n<li class=\"li3\"><span class=\"s1\"> Karabinerhaken<\/span><\/li>\n<li class=\"li3\"><span class=\"s1\"> L\u00e4nge 17 cm + 3 cm Verl\u00e4ngerung<\/span><\/li>\n<li class=\"li3\"><span class=\"s1\"> Thais Bernardes Garantieschein<\/span><\/li>\n<li class=\"li3\"><span class=\"s1\"> Hergestellt in Italien<\/span><\/li>\n<\/ul>","protected":false},"featured_media":11750,"template":"","meta":[],"product_brand":[],"product_cat":[72,88,89],"product_tag":[],"class_list":{"0":"post-4434","1":"product","2":"type-product","3":"status-publish","4":"has-post-thumbnail","6":"product_cat-bracciali","7":"product_cat-collezioni","8":"product_cat-colors","10":"first","11":"instock","12":"shipping-taxable","13":"purchasable","14":"product-type-simple"},"aioseo_notices":[],"jetpack_sharing_enabled":true,"_links":{"self":[{"href":"https:\/\/thaisbernardes.com\/de\/wp-json\/wp\/v2\/product\/4434","targetHints":{"allow":["GET"]}}],"collection":[{"href":"https:\/\/thaisbernardes.com\/de\/wp-json\/wp\/v2\/product"}],"about":[{"href":"https:\/\/thaisbernardes.com\/de\/wp-json\/wp\/v2\/types\/product"}],"wp:featuredmedia":[{"embeddable":true,"href":"https:\/\/thaisbernardes.com\/de\/wp-json\/wp\/v2\/media\/11750"}],"wp:attachment":[{"href":"https:\/\/thaisbernardes.com\/de\/wp-json\/wp\/v2\/media?parent=4434"}],"wp:term":[{"taxonomy":"product_brand","embeddable":true,"href":"https:\/\/thaisbernardes.com\/de\/wp-json\/wp\/v2\/product_brand?post=4434"},{"taxonomy":"product_cat","embeddable":true,"href":"https:\/\/thaisbernardes.com\/de\/wp-json\/wp\/v2\/product_cat?post=4434"},{"taxonomy":"product_tag","embeddable":true,"href":"https:\/\/thaisbernardes.com\/de\/wp-json\/wp\/v2\/product_tag?post=4434"}],"curies":[{"name":"wp","href":"https:\/\/api.w.org\/{rel}","templated":true}]}}