{"id":4628,"date":"2021-01-23T15:31:02","date_gmt":"2021-01-23T14:31:02","guid":{"rendered":"http:\/\/thaisbernardes.com\/?post_type=product&#038;p=4628"},"modified":"2025-06-26T15:29:39","modified_gmt":"2025-06-26T13:29:39","slug":"traumfanger-ohrringe","status":"publish","type":"product","link":"https:\/\/thaisbernardes.com\/de\/product\/orecchini-acchiappasogni\/","title":{"rendered":"Traumf\u00e4nger-Ohrringe"},"content":{"rendered":"<p>Die Dreamcatcher Earrings sind leicht, einfach zu tragen und haben kleine Steine als Highlights in diesen einzigartigen, handgefertigten Schmuckst\u00fccken.<\/p>\n<p>In unserer Geschenkbox finden Sie eine sch\u00f6ne Karte mit der Bedeutung der Dreamcatchers.<\/p>\n<p>Die Traumf\u00e4nger stammen urspr\u00fcnglich vom Volk der Ojibwe, den amerikanischen Ureinwohnern, die glaubten, dass Traumf\u00e4nger\" alle schlechten Tr\u00e4ume herausfiltern und nur gute Gedanken in den Geist eindringen lassen w\u00fcrden.<\/p>\n<p>Wenn die Sonne aufgeht, verschwinden alle schlechten Tr\u00e4ume. Trotz seiner Herkunft aus Amerika kann der Traumf\u00e4nger ein Symbol der Einheit zwischen den verschiedenen indigenen V\u00f6lkern sein. Lesen Sie <a href=\"https:\/\/thaisbernardes.com\/de\/die-bedeutung-von-traumfangern-2\/\">HIER<\/a> die Bedeutung von Traumf\u00e4ngern.<\/p>\n<p>Unsere Stylisten empfehlen, die Traumf\u00e4nger-Ohrringe mit dem <a href=\"https:\/\/thaisbernardes.com\/de\/produkt-2\/traumfanger-halskette-2\/\"><strong>Traumf\u00e4nger-Halskette<\/strong><\/a> um einen \"m\u00fchelos schicken\" Look zu vervollst\u00e4ndigen.<\/p>\n<p>\"Die sch\u00f6nste Legende des 'Dream Catcher', die mich angezogen und inspiriert hat, ist die spirituelle Essenz der Natur, das Netz des Lebens, das lehrt, dass alles miteinander verbunden ist. Er ermutigt uns, unseren Tr\u00e4umen mehr Aufmerksamkeit zu schenken, in der Natur, in unserem Leben\", erkl\u00e4rt die Designerin Thais Bernardes.<\/p>\n<p>Die Traumf\u00e4nger von Thais Bernardes werden in Italien von unseren Goldschmiedemeistern handgefertigt.<\/p>\n<p>Lesen Sie den Artikel in Vogue Italia <a href=\"https:\/\/www.vogue.it\/moda\/article\/gioielli-thais-bernardes-charity-covid-brasile\"> Solidarit\u00e4tsschmuck von Thais Bernardes f\u00fcr den Covid-Notstand in Brasilien<\/a><\/p>\n<p>F\u00fcr weitere Informationen oder Anfragen schreiben Sie uns an info@thaisbernardes.com<\/p>","protected":false},"excerpt":{"rendered":"<p>Traumf\u00e4nger-Ohrringe<\/p>\n<ul>\n<li>925er Silber<\/li>\n<li>gl\u00e4nzende Oberfl\u00e4che<\/li>\n<li>Kettenl\u00e4nge 10 cm<\/li>\n<li>Zirkonsteine<\/li>\n<li>mit Box und Thais Bernardes Garantie<\/li>\n<li>Hergestellt in Italien<\/li>\n<\/ul>","protected":false},"featured_media":11769,"template":"","meta":[],"product_brand":[],"product_cat":[173,245,88,131],"product_tag":[],"class_list":{"0":"post-4628","1":"product","2":"type-product","3":"status-publish","4":"has-post-thumbnail","6":"product_cat-acchiappasogni","7":"product_cat-categorie","8":"product_cat-collezioni","9":"product_cat-orecchini","11":"first","12":"instock","13":"shipping-taxable","14":"purchasable","15":"product-type-variable"},"aioseo_notices":[],"jetpack_sharing_enabled":true,"_links":{"self":[{"href":"https:\/\/thaisbernardes.com\/de\/wp-json\/wp\/v2\/product\/4628","targetHints":{"allow":["GET"]}}],"collection":[{"href":"https:\/\/thaisbernardes.com\/de\/wp-json\/wp\/v2\/product"}],"about":[{"href":"https:\/\/thaisbernardes.com\/de\/wp-json\/wp\/v2\/types\/product"}],"wp:featuredmedia":[{"embeddable":true,"href":"https:\/\/thaisbernardes.com\/de\/wp-json\/wp\/v2\/media\/11769"}],"wp:attachment":[{"href":"https:\/\/thaisbernardes.com\/de\/wp-json\/wp\/v2\/media?parent=4628"}],"wp:term":[{"taxonomy":"product_brand","embeddable":true,"href":"https:\/\/thaisbernardes.com\/de\/wp-json\/wp\/v2\/product_brand?post=4628"},{"taxonomy":"product_cat","embeddable":true,"href":"https:\/\/thaisbernardes.com\/de\/wp-json\/wp\/v2\/product_cat?post=4628"},{"taxonomy":"product_tag","embeddable":true,"href":"https:\/\/thaisbernardes.com\/de\/wp-json\/wp\/v2\/product_tag?post=4628"}],"curies":[{"name":"wp","href":"https:\/\/api.w.org\/{rel}","templated":true}]}}