{"id":4735,"date":"2021-03-11T11:08:00","date_gmt":"2021-03-11T10:08:00","guid":{"rendered":"http:\/\/thaisbernardes.com\/?post_type=product&#038;p=4735"},"modified":"2025-06-26T15:29:41","modified_gmt":"2025-06-26T13:29:41","slug":"kakadu-brosche","status":"publish","type":"product","link":"https:\/\/thaisbernardes.com\/de\/product\/spilla-cockatoo\/","title":{"rendered":"Kakadu-Brosche"},"content":{"rendered":"<p>Kakadu-Brosche mit Pflastersteinen.<\/p>\n<p class=\"p1\">Papageien sind ein Symbol f\u00fcr Kreativit\u00e4t, Sch\u00f6nheit und Freiheit. Deshalb inspirieren sie all jene, die es lieben, sich ungefiltert zu zeigen und ein Leben voller Liebe, F\u00fclle und Begeisterung zu leben.<\/p>\n<p class=\"p1\">Alle Schmuckst\u00fccke von Thais Bernardes sind mit einer Botschaft versehen, die eine Bedeutung hat.<\/p>\n<p class=\"p1\">Einzelheiten:<\/p>\n<ul class=\"ul1\">\n<li class=\"li3\"><span class=\"s1\">925 rhodiniertes oder vergoldetes Silber<\/span><\/li>\n<li class=\"li3\"><span class=\"s1\"> gl\u00e4nzende Oberfl\u00e4che<\/span><\/li>\n<li class=\"li3\"><span class=\"s1\"> Pflasterrahmen<\/span><\/li>\n<li class=\"li3\"><span class=\"s1\"> Zirkonia-Steine<\/span><\/li>\n<li class=\"li3\"><span class=\"s1\">Thais Bernardes B\u00fcrgschaftsbescheinigung<\/span><\/li>\n<li class=\"li3\"><span class=\"s1\"> Hergestellt in Italien<\/span><\/li>\n<\/ul>\n<p class=\"p1\">Unsere Stylisten empfehlen, die Kakadu-Brosche zusammen mit dem <a href=\"https:\/\/thaisbernardes.com\/de\/produktkategorie-2\/stifte\/\"><span class=\"s1\">andere Broschen<\/span><\/a> f\u00fcr ein sehr schickes und cooles Aussehen.<\/p>\n<p class=\"p1\">Der Schmuck von Thais Bernardes ist eine Hommage an die Natur, indem er sich von ihr inspirieren l\u00e4sst und uns daran erinnert, dass wir sie sch\u00fctzen m\u00fcssen. Einige Papageienarten sind leider vom Aussterben bedroht, mehr <a href=\"https:\/\/www.repubblica.it\/ambiente\/2018\/09\/10\/news\/il_pappagallo_blu_del_film_rio_si_e_estinto-206081343\/%22%20%5Cl%20%22:~:text=%22Blu%22%20non%20c'%C3%A8,International%20pubblicato%20su%20Science%20Direct.\"><span class=\"s1\">HIER<\/span><\/a> einen Artikel in La Repubblica f\u00fcr weitere Einzelheiten.<\/p>","protected":false},"excerpt":{"rendered":"<p class=\"p1\">Papageien sind ein Symbol f\u00fcr Kreativit\u00e4t, Sch\u00f6nheit und Freiheit. Dieser Schmuck ist all jenen gewidmet, die es lieben, sich ungefiltert zu zeigen und ein Leben voller Liebe, F\u00fclle und Begeisterung zu leben.<\/p>\n<p class=\"p3\">Schmuck aus hochwertigen Materialien, der vollst\u00e4ndig von italienischen Handwerkern hergestellt wird.<\/p>","protected":false},"featured_media":11774,"template":"","meta":[],"product_brand":[],"product_cat":[174,245,88,154],"product_tag":[],"class_list":{"0":"post-4735","1":"product","2":"type-product","3":"status-publish","4":"has-post-thumbnail","6":"product_cat-brazilian-soul","7":"product_cat-categorie","8":"product_cat-collezioni","9":"product_cat-spille","11":"first","12":"instock","13":"shipping-taxable","14":"purchasable","15":"product-type-variable"},"aioseo_notices":[],"jetpack_sharing_enabled":true,"_links":{"self":[{"href":"https:\/\/thaisbernardes.com\/de\/wp-json\/wp\/v2\/product\/4735","targetHints":{"allow":["GET"]}}],"collection":[{"href":"https:\/\/thaisbernardes.com\/de\/wp-json\/wp\/v2\/product"}],"about":[{"href":"https:\/\/thaisbernardes.com\/de\/wp-json\/wp\/v2\/types\/product"}],"wp:featuredmedia":[{"embeddable":true,"href":"https:\/\/thaisbernardes.com\/de\/wp-json\/wp\/v2\/media\/11774"}],"wp:attachment":[{"href":"https:\/\/thaisbernardes.com\/de\/wp-json\/wp\/v2\/media?parent=4735"}],"wp:term":[{"taxonomy":"product_brand","embeddable":true,"href":"https:\/\/thaisbernardes.com\/de\/wp-json\/wp\/v2\/product_brand?post=4735"},{"taxonomy":"product_cat","embeddable":true,"href":"https:\/\/thaisbernardes.com\/de\/wp-json\/wp\/v2\/product_cat?post=4735"},{"taxonomy":"product_tag","embeddable":true,"href":"https:\/\/thaisbernardes.com\/de\/wp-json\/wp\/v2\/product_tag?post=4735"}],"curies":[{"name":"wp","href":"https:\/\/api.w.org\/{rel}","templated":true}]}}