{"id":4926,"date":"2021-04-13T12:27:13","date_gmt":"2021-04-13T10:27:13","guid":{"rendered":"http:\/\/thaisbernardes.com\/?post_type=product&#038;p=4926"},"modified":"2025-06-26T15:29:43","modified_gmt":"2025-06-26T13:29:43","slug":"feder-kropfband-halskette","status":"publish","type":"product","link":"https:\/\/thaisbernardes.com\/de\/product\/collana-choker-piume\/","title":{"rendered":"Feder-Kropfband-Halskette"},"content":{"rendered":"<p>Das Federhalsband ist ein bedeutungsvolles Schmuckst\u00fcck mit einzigartigem Design und wird vollst\u00e4ndig in Italien hergestellt.<\/p>\n<p>Der Schmuck von Thais Bernardes tr\u00e4gt immer eine Bedeutung in sich, denn Federn sind ein Symbol f\u00fcr Freiheit, Mut und St\u00e4rke, genau wie die indigenen St\u00e4mme, von denen sich Thais f\u00fcr ihre Kreationen inspirieren l\u00e4sst.<\/p>\n<p>Diese einzigartig gestaltete Halskette ist aus rhodiniertem oder vergoldetem 925er Silber gefertigt und mit nat\u00fcrlichen Blautopas- oder Rosenquarzsteinen besetzt, die dieses Schmuckst\u00fcck zus\u00e4tzlich versch\u00f6nern.<\/p>\n<p>Einzelheiten:<\/p>\n<ul>\n<li>925 vergoldetes Silber<\/li>\n<li>gl\u00e4nzende Oberfl\u00e4che<\/li>\n<li>L\u00e4nge 40 cm + 6 cm Verl\u00e4ngerung<\/li>\n<li>Naturstein Azurtopas oder Rosenquarz<\/li>\n<li>mit Box und Thais Bernardes Garantie<\/li>\n<li>Hergestellt in Italien<\/li>\n<\/ul>\n<p>Unsere Stylisten empfehlen, das Federhalsband mit Ohrringen zu tragen <a href=\"https:\/\/thaisbernardes.com\/de\/produkt\/ohrringe-aus-federn-und-natursteinen\/\">FEDERN UND NATURSTEINE <\/a><\/p>\n<p>Der Schmuck von Thais Bernardes wird sorgf\u00e4ltig in Italien hergestellt und von Thais mit viel Leidenschaft und Designforschung entworfen. Entworfen f\u00fcr Frauen und M\u00e4nner, denen Originalit\u00e4t, Stil und Natur wichtig sind und die eine wichtige Bedeutung und Botschaft in die Welt tragen.<\/p>","protected":false},"excerpt":{"rendered":"<p class=\"p1\">Federn sind wie ein Segen. Sie erinnern uns daran, dass wir nicht allein sind, sondern immer von einem unsichtbaren Wesen begleitet und unterst\u00fctzt werden.<\/p>\n<p class=\"p2\">Schmuck aus wertvollen Materialien, der vollst\u00e4ndig von Handwerkern in Italien hergestellt wird.<\/p>","protected":false},"featured_media":11777,"template":"","meta":[],"product_brand":[],"product_cat":[86,88,149],"product_tag":[],"class_list":{"0":"post-4926","1":"product","2":"type-product","3":"status-publish","4":"has-post-thumbnail","6":"product_cat-collane","7":"product_cat-collezioni","8":"product_cat-piume","10":"first","11":"instock","12":"shipping-taxable","13":"purchasable","14":"product-type-variable"},"aioseo_notices":[],"jetpack_sharing_enabled":true,"_links":{"self":[{"href":"https:\/\/thaisbernardes.com\/de\/wp-json\/wp\/v2\/product\/4926","targetHints":{"allow":["GET"]}}],"collection":[{"href":"https:\/\/thaisbernardes.com\/de\/wp-json\/wp\/v2\/product"}],"about":[{"href":"https:\/\/thaisbernardes.com\/de\/wp-json\/wp\/v2\/types\/product"}],"wp:featuredmedia":[{"embeddable":true,"href":"https:\/\/thaisbernardes.com\/de\/wp-json\/wp\/v2\/media\/11777"}],"wp:attachment":[{"href":"https:\/\/thaisbernardes.com\/de\/wp-json\/wp\/v2\/media?parent=4926"}],"wp:term":[{"taxonomy":"product_brand","embeddable":true,"href":"https:\/\/thaisbernardes.com\/de\/wp-json\/wp\/v2\/product_brand?post=4926"},{"taxonomy":"product_cat","embeddable":true,"href":"https:\/\/thaisbernardes.com\/de\/wp-json\/wp\/v2\/product_cat?post=4926"},{"taxonomy":"product_tag","embeddable":true,"href":"https:\/\/thaisbernardes.com\/de\/wp-json\/wp\/v2\/product_tag?post=4926"}],"curies":[{"name":"wp","href":"https:\/\/api.w.org\/{rel}","templated":true}]}}