{"id":5269,"date":"2021-05-27T21:34:12","date_gmt":"2021-05-27T19:34:12","guid":{"rendered":"http:\/\/thaisbernardes.com\/?post_type=product&#038;p=5269"},"modified":"2025-06-26T15:29:44","modified_gmt":"2025-06-26T13:29:44","slug":"asymmetrische-feder-ohrringe","status":"publish","type":"product","link":"https:\/\/thaisbernardes.com\/de\/product\/orecchini-asimmetrici-piume\/","title":{"rendered":"Asymmetrische Feder-Ohrringe"},"content":{"rendered":"<p>Asymmetrische Feder-Ohrringe<\/p>\n<p class=\"p1\">Die Leichtigkeit der venezianischen Ketten und die Besonderheit der Federn machen diese Ohrringe einzigartig. Die Federn erinnern an die Plumaria-Kunst der Indios in Brasilien, die in der Vergangenheit verwendet wurde, um eine unvorstellbare Anzahl von Botschaften auszudr\u00fccken.<\/p>\n<p class=\"p1\">Die asymmetrischen Ohrringe sind Teil der Piume-Kollektion, die die positive Botschaft der brasilianischen Vitalit\u00e4t durch st\u00e4ndige Verweise auf die Natur und die einheimischen St\u00e4mme transportieren will, von denen sich Thais Bernardes f\u00fcr ihr einzigartiges Design inspirieren l\u00e4sst.<\/p>\n<p class=\"p1\">Federn sind wie ein Segen, sie erinnern uns daran, dass wir nicht allein sind, sondern immer von einem unsichtbaren Wesen begleitet und unterst\u00fctzt werden. Lesen Sie <a href=\"https:\/\/thaisbernardes.com\/de\/die-bedeutung-der-federn-2\/\">HIER<\/a> die Bedeutung der Federn vollst\u00e4ndig.<\/p>\n<p class=\"p3\">Einzelheiten:<\/p>\n<ul class=\"ul1\">\n<li class=\"li4\"><span class=\"s1\">925er vergoldetes oder rhodiniertes Silber.<\/span><\/li>\n<li class=\"li4\"><span class=\"s1\">gl\u00e4nzende Oberfl\u00e4che <\/span><\/li>\n<li class=\"li4\"><span class=\"s1\">Stiftverschluss <\/span><\/li>\n<li class=\"li4\"><span class=\"s1\">L\u00e4nge 12 cm<\/span><\/li>\n<li class=\"li4\"><span class=\"s1\">Thais Bernardes B\u00fcrgschaftsbescheinigung<\/span><\/li>\n<li class=\"li4\"><span class=\"s1\">Hergestellt in Italien<\/span><\/li>\n<\/ul>\n<p class=\"p2\"><span class=\"s2\"><b>THAIS BERNARDES<\/b><\/span> Gioielli ist eine junge Schmuckmarke, die es in kurzer Zeit geschafft hat, dank der Qualit\u00e4t der f\u00fcr ihren Schmuck verwendeten Materialien, ihres zeitgen\u00f6ssischen Stils und der durch ihre Werbekampagnen und Initiativen vermittelten Botschaften die Aufmerksamkeit und Wertsch\u00e4tzung renommierter Kunden und Gesch\u00e4fte zu gewinnen. Sein Schmuck ist eine Mischung aus Italien und Brasilien, Qualit\u00e4t und Tradition, Detail und Leichtigkeit, Eleganz und Mode, f\u00fcr Frauen mit einem nat\u00fcrlichen Gleichgewicht zwischen \" <span class=\"s2\"><b>Schick<\/b> \" e \"<b>Cool<\/b>\".<\/span><\/p>\n<p class=\"p1\">F\u00fcr die <a href=\"https:\/\/www.survival.it\/popoli\/brasile\"><span class=\"s1\"><b>einheimische v\u00f6lker amazoniens<\/b><\/span><\/a> sind eine<span class=\"s3\"> Symbol der Freiheit, des Mutes, des freien Geistes.<\/span><\/p>","protected":false},"excerpt":{"rendered":"<p class=\"p1\">Federn sind wie ein Segen. Sie erinnern uns daran, dass wir nicht allein sind, sondern immer von einem unsichtbaren Wesen begleitet und unterst\u00fctzt werden.<\/p>\n<p class=\"p2\">Schmuck aus wertvollen Materialien und vollst\u00e4ndig von Handwerkern in Italien hergestellt.<\/p>","protected":false},"featured_media":11779,"template":"","meta":[],"product_brand":[],"product_cat":[88,131,149],"product_tag":[288],"class_list":{"0":"post-5269","1":"product","2":"type-product","3":"status-publish","4":"has-post-thumbnail","6":"product_cat-collezioni","7":"product_cat-orecchini","8":"product_cat-piume","9":"product_tag-black-friday","11":"first","12":"onbackorder","13":"shipping-taxable","14":"purchasable","15":"product-type-variable"},"aioseo_notices":[],"jetpack_sharing_enabled":true,"_links":{"self":[{"href":"https:\/\/thaisbernardes.com\/de\/wp-json\/wp\/v2\/product\/5269","targetHints":{"allow":["GET"]}}],"collection":[{"href":"https:\/\/thaisbernardes.com\/de\/wp-json\/wp\/v2\/product"}],"about":[{"href":"https:\/\/thaisbernardes.com\/de\/wp-json\/wp\/v2\/types\/product"}],"wp:featuredmedia":[{"embeddable":true,"href":"https:\/\/thaisbernardes.com\/de\/wp-json\/wp\/v2\/media\/11779"}],"wp:attachment":[{"href":"https:\/\/thaisbernardes.com\/de\/wp-json\/wp\/v2\/media?parent=5269"}],"wp:term":[{"taxonomy":"product_brand","embeddable":true,"href":"https:\/\/thaisbernardes.com\/de\/wp-json\/wp\/v2\/product_brand?post=5269"},{"taxonomy":"product_cat","embeddable":true,"href":"https:\/\/thaisbernardes.com\/de\/wp-json\/wp\/v2\/product_cat?post=5269"},{"taxonomy":"product_tag","embeddable":true,"href":"https:\/\/thaisbernardes.com\/de\/wp-json\/wp\/v2\/product_tag?post=5269"}],"curies":[{"name":"wp","href":"https:\/\/api.w.org\/{rel}","templated":true}]}}