{"id":5374,"date":"2021-07-05T12:44:41","date_gmt":"2021-07-05T10:44:41","guid":{"rendered":"http:\/\/thaisbernardes.com\/?post_type=product&#038;p=5374"},"modified":"2025-06-26T15:29:45","modified_gmt":"2025-06-26T13:29:45","slug":"baumwollkette-mit-silberner-feder","status":"publish","type":"product","link":"https:\/\/thaisbernardes.com\/de\/product\/collana-in-cotone-con-piuma-in-argento\/","title":{"rendered":"Baumwollhalskette mit Silberfeder"},"content":{"rendered":"<p class=\"p1\">Die Baumwollkette mit Silberfeder ist Teil der Feathers-Kollektion, die die positive Botschaft der brasilianischen Vitalit\u00e4t durch st\u00e4ndige Verweise auf die Natur und die indigenen St\u00e4mme transportieren soll, von denen sich Thais Bernardes f\u00fcr ihr einzigartiges Design inspirieren l\u00e4sst.<\/p>\n<p class=\"p1\">Die Baumwollkette ist mit einer silbernen Feder verziert und zeichnet sich durch die raffinierte Verarbeitung aus, die f\u00fcr das einzigartige Design von Thais Bernardes Jewellery typisch ist.<\/p>\n<p class=\"p3\">Einzelheiten:<\/p>\n<ul class=\"ul1\">\n<li class=\"li4\"><span class=\"s1\">Baumwolle Halskette<\/span><\/li>\n<li class=\"li4\"><span class=\"s1\"> 925 Silber Feder<\/span><\/li>\n<li class=\"li4\"><span class=\"s1\"> gl\u00e4nzende Oberfl\u00e4che<\/span><\/li>\n<li class=\"li4\"><span class=\"s1\"> L\u00e4nge 40 bis 50 cm<\/span><\/li>\n<li class=\"li5\">Thais Bernardes Garantieschein<\/li>\n<li class=\"li4\"><span class=\"s1\"> Hergestellt in Italien<\/span><\/li>\n<\/ul>\n<p class=\"p1\">Unsere Stylisten empfehlen die <a href=\"https:\/\/thaisbernardes.com\/de\/produkt-2\/armband-aus-baumwollfedern\/\">Armb\u00e4nder aus Baumwollfedern<\/a><b><i> <\/i><\/b> in Kombination mit der Baumwollfeder-Halskette, um einen aussagekr\u00e4ftigen Look mit Thais Bernardes Schmuck zu erzielen.<\/p>\n<p class=\"p2\"><span class=\"s2\"><b>THAIS BERNARDES<\/b><\/span> Gioielli ist eine junge Schmuckmarke, die es in kurzer Zeit geschafft hat, dank der Qualit\u00e4t der f\u00fcr ihren Schmuck verwendeten Materialien, ihres zeitgen\u00f6ssischen Stils und der durch ihre Werbekampagnen und Initiativen vermittelten Botschaften die Aufmerksamkeit und Wertsch\u00e4tzung renommierter Kunden und Gesch\u00e4fte zu gewinnen. Sein Schmuck ist eine Mischung aus Italien und Brasilien, Qualit\u00e4t und Tradition, Detail und Leichtigkeit, Eleganz und Mode, f\u00fcr Frauen mit einem nat\u00fcrlichen Gleichgewicht zwischen \" <span class=\"s2\"><b>Schick<\/b> \" e \"<b>Cool<\/b>\".<\/span><\/p>","protected":false},"excerpt":{"rendered":"<p class=\"p1\">Federn sind wie ein Segen. Sie erinnern uns daran, dass wir nicht allein sind, sondern immer von einem unsichtbaren Wesen begleitet und unterst\u00fctzt werden.<\/p>\n<p class=\"p2\">Schmuck, der mit den hochwertigsten Materialien und vollst\u00e4ndig von italienischen Handwerkern hergestellt wird.<\/p>","protected":false},"featured_media":11784,"template":"","meta":[],"product_brand":[],"product_cat":[86,88,149,164],"product_tag":[],"class_list":{"0":"post-5374","1":"product","2":"type-product","3":"status-publish","4":"has-post-thumbnail","6":"product_cat-collane","7":"product_cat-collezioni","8":"product_cat-piume","9":"product_cat-uomo","11":"first","12":"instock","13":"shipping-taxable","14":"purchasable","15":"product-type-variable"},"aioseo_notices":[],"jetpack_sharing_enabled":true,"_links":{"self":[{"href":"https:\/\/thaisbernardes.com\/de\/wp-json\/wp\/v2\/product\/5374","targetHints":{"allow":["GET"]}}],"collection":[{"href":"https:\/\/thaisbernardes.com\/de\/wp-json\/wp\/v2\/product"}],"about":[{"href":"https:\/\/thaisbernardes.com\/de\/wp-json\/wp\/v2\/types\/product"}],"wp:featuredmedia":[{"embeddable":true,"href":"https:\/\/thaisbernardes.com\/de\/wp-json\/wp\/v2\/media\/11784"}],"wp:attachment":[{"href":"https:\/\/thaisbernardes.com\/de\/wp-json\/wp\/v2\/media?parent=5374"}],"wp:term":[{"taxonomy":"product_brand","embeddable":true,"href":"https:\/\/thaisbernardes.com\/de\/wp-json\/wp\/v2\/product_brand?post=5374"},{"taxonomy":"product_cat","embeddable":true,"href":"https:\/\/thaisbernardes.com\/de\/wp-json\/wp\/v2\/product_cat?post=5374"},{"taxonomy":"product_tag","embeddable":true,"href":"https:\/\/thaisbernardes.com\/de\/wp-json\/wp\/v2\/product_tag?post=5374"}],"curies":[{"name":"wp","href":"https:\/\/api.w.org\/{rel}","templated":true}]}}