{"id":5407,"date":"2021-07-23T12:22:31","date_gmt":"2021-07-23T10:22:31","guid":{"rendered":"http:\/\/thaisbernardes.com\/?post_type=product&#038;p=5407"},"modified":"2025-06-28T22:08:13","modified_gmt":"2025-06-28T20:08:13","slug":"lange-ohrringe-aus-federn-und-natursteinen","status":"publish","type":"product","link":"https:\/\/thaisbernardes.com\/de\/product\/orecchini-lunghi-piume-e-pietre-naturali\/","title":{"rendered":"Lange Ohrringe mit Federn und Natursteinen"},"content":{"rendered":"<p>Lange Ohrringe mit Federn und Natursteinen<\/p>\n<p>Die Leichtigkeit der Feder und die mit einem Stein im Tropfenschliff verzierte Kette machen diesen Ohrring zu einem perfekten Begleiter f\u00fcr jede Gelegenheit.<\/p>\n<p>Die langen Ohrringe mit Federn und Natursteinen sind mit einer silbernen Feder, die sich durch die raffinierte Verarbeitung auszeichnet, die f\u00fcr das einzigartige Design von Thais Bernardes typisch ist, und einem Stein (Rosenquarz oder Amethyst) mit Tr\u00e4nenschliff verziert.<\/p>\n<p class=\"p1\">Federn sind wie ein Segen. Sie erinnern uns daran, dass wir nicht allein sind, sondern immer von einem unsichtbaren Wesen begleitet und unterst\u00fctzt werden.<\/p>\n<p>Elegantes und raffiniertes Design, typisch f\u00fcr den Schmuck von Thais Bernardes. Schmuck aus wertvollen Materialien und vollst\u00e4ndig von lokalen Handwerkern hergestellt.<\/p>\n<p>Entdecken Sie die Bedeutung der Federn in unserem Blog, lesen Sie <a href=\"https:\/\/thaisbernardes.com\/de\/federn-und-ihre-bedeutung-fur-indigene-stamme-2\/\">HIER<\/a><\/p>\n<p>F\u00fcr weitere Informationen oder Anfragen schreiben Sie uns an info@thaisbernardes.com<\/p>\n<p>Unsere Schmuckmarke Thais Bernardes wurde bereits in mehreren nationalen und internationalen Zeitungen erw\u00e4hnt. Lesen Sie <a href=\"https:\/\/www.nouvellefactory.com\/single-post\/intervista-thais-bernardes-gioielli\">HIER<\/a> ein Interview auf Nouvelle Factory<\/p>\n<p><span class=\"s2\"><b>THAIS BERNARDES<\/b><\/span> Gioielli ist eine junge Schmuckmarke, die es in kurzer Zeit geschafft hat, dank der Qualit\u00e4t der f\u00fcr ihren Schmuck verwendeten Materialien, ihres zeitgen\u00f6ssischen Stils und der durch ihre Werbekampagnen und Initiativen vermittelten Botschaften die Aufmerksamkeit und Wertsch\u00e4tzung renommierter Kunden und Gesch\u00e4fte zu gewinnen. Sein Schmuck ist eine Mischung aus Italien und Brasilien, Qualit\u00e4t und Tradition, Detail und Leichtigkeit, Eleganz und Mode, f\u00fcr Frauen mit einem nat\u00fcrlichen Gleichgewicht zwischen \" <span class=\"s2\"><b>Schick<\/b> \" e \"<b>Cool<\/b>\".<\/span><\/p>","protected":false},"excerpt":{"rendered":"<p class=\"p1\">Federn sind wie ein Segen. Sie erinnern uns daran, dass wir nicht allein sind, sondern immer von einem unsichtbaren Wesen begleitet und unterst\u00fctzt werden.<\/p>\n<p class=\"p2\">Schmuck aus wertvollen Materialien und vollst\u00e4ndig von lokalen Handwerkern hergestellt.<\/p>\n<p>&nbsp;<\/p>","protected":false},"featured_media":11788,"template":"","meta":[],"product_brand":[],"product_cat":[88,131,149],"product_tag":[],"class_list":{"0":"post-5407","1":"product","2":"type-product","3":"status-publish","4":"has-post-thumbnail","6":"product_cat-collezioni","7":"product_cat-orecchini","8":"product_cat-piume","10":"first","11":"outofstock","12":"shipping-taxable","13":"purchasable","14":"product-type-variable"},"aioseo_notices":[],"jetpack_sharing_enabled":true,"_links":{"self":[{"href":"https:\/\/thaisbernardes.com\/de\/wp-json\/wp\/v2\/product\/5407","targetHints":{"allow":["GET"]}}],"collection":[{"href":"https:\/\/thaisbernardes.com\/de\/wp-json\/wp\/v2\/product"}],"about":[{"href":"https:\/\/thaisbernardes.com\/de\/wp-json\/wp\/v2\/types\/product"}],"wp:featuredmedia":[{"embeddable":true,"href":"https:\/\/thaisbernardes.com\/de\/wp-json\/wp\/v2\/media\/11788"}],"wp:attachment":[{"href":"https:\/\/thaisbernardes.com\/de\/wp-json\/wp\/v2\/media?parent=5407"}],"wp:term":[{"taxonomy":"product_brand","embeddable":true,"href":"https:\/\/thaisbernardes.com\/de\/wp-json\/wp\/v2\/product_brand?post=5407"},{"taxonomy":"product_cat","embeddable":true,"href":"https:\/\/thaisbernardes.com\/de\/wp-json\/wp\/v2\/product_cat?post=5407"},{"taxonomy":"product_tag","embeddable":true,"href":"https:\/\/thaisbernardes.com\/de\/wp-json\/wp\/v2\/product_tag?post=5407"}],"curies":[{"name":"wp","href":"https:\/\/api.w.org\/{rel}","templated":true}]}}