{"id":5539,"date":"2021-09-09T16:47:16","date_gmt":"2021-09-09T14:47:16","guid":{"rendered":"http:\/\/thaisbernardes.com\/?post_type=product&#038;p=5539"},"modified":"2026-03-31T15:12:27","modified_gmt":"2026-03-31T13:12:27","slug":"lange-halskette-mit-federn-und-venezianischen-fransen","status":"publish","type":"product","link":"https:\/\/thaisbernardes.com\/de\/product\/collana-lunga-con-piume-e-frange-veneziane\/","title":{"rendered":"Lange Halskette mit Federn und venezianischen Fransen"},"content":{"rendered":"<p class=\"p1\">Die Leichtigkeit der venezianischen Fransenb\u00fcschel und Federn machen diese Halskette besonders sch\u00f6n, die mit nat\u00fcrlichen Steinen verziert ist, die dem Gesicht Licht und Farbe verleihen. Die Federn erinnern an die Federkunst der indigenen V\u00f6lker, die in der Vergangenheit eine unvorstellbare Anzahl von Botschaften zum Ausdruck brachten.<\/p>\n<p class=\"p1\">Die 120 cm lange Halskette mit Federn und venezianischen Fransen ist Teil der Piume-Kollektion, die die positive Botschaft des Mutes der indigenen V\u00f6lker vermitteln soll.<\/p>\n<p>Lesen Sie\u00a0<a href=\"https:\/\/thaisbernardes.com\/de\/die-bedeutung-der-federn-2\/\">HIER<\/a>\u00a0die volle Bedeutung von Federn.<\/p>\n<p class=\"p1\">Hergestellt aus 925er Sterlingsilber mit nat\u00fcrlichen Steinen und mit den f\u00fcr Thais Bernardes' einzigartiges Design typischen raffinierten Oberfl\u00e4chen.<\/p>\n<p>Einzelheiten:<\/p>\n<ul>\n<li>925 rhodiniertes oder vergoldetes Silber<\/li>\n<li>gl\u00e4nzende Oberfl\u00e4che<\/li>\n<li>Naturstein gr\u00fcner Onyx und schwarzer Onyx<\/li>\n<li>Karabinerhaken<\/li>\n<li>L\u00e4nge 120 cm<\/li>\n<li>mit Box und Thais Bernardes Garantie<\/li>\n<li>mit Postkarte \"Die Bedeutung der Federn<\/li>\n<li>Hergestellt in Italien<\/li>\n<\/ul>\n<p class=\"p2\"><span class=\"s1\">F\u00fcr die <a href=\"https:\/\/www.survival.it\/popoli\/brasile\"><span class=\"s2\"><b>einheimische v\u00f6lker amazoniens<\/b><\/span><\/a><\/span> Federn sind ein Symbol der Freiheit, des Mutes und des freien Geistes.<\/p>\n<p>Im Inneren der Geschenkbox finden Sie eine Karte mit der Bedeutung der Federn. Kontaktieren Sie uns unter info@thaisbernardes.com f\u00fcr weitere Informationen und individuelle W\u00fcnsche.<\/p>","protected":false},"excerpt":{"rendered":"<p class=\"p1\">Federn sind wie ein Segen. Sie erinnern uns daran, dass wir nicht allein sind, sondern immer von einem unsichtbaren Wesen begleitet und unterst\u00fctzt werden.<\/p>\n<p class=\"p2\">Schmuck, der aus den hochwertigsten Materialien besteht und vollst\u00e4ndig von Handwerkern in Italien hergestellt wird.<\/p>","protected":false},"featured_media":11790,"template":"","meta":[],"product_brand":[],"product_cat":[245,86,88,149],"product_tag":[288],"class_list":{"0":"post-5539","1":"product","2":"type-product","3":"status-publish","4":"has-post-thumbnail","6":"product_cat-categorie","7":"product_cat-collane","8":"product_cat-collezioni","9":"product_cat-piume","10":"product_tag-black-friday","12":"first","13":"instock","14":"shipping-taxable","15":"purchasable","16":"product-type-variable"},"aioseo_notices":[],"jetpack_sharing_enabled":true,"_links":{"self":[{"href":"https:\/\/thaisbernardes.com\/de\/wp-json\/wp\/v2\/product\/5539","targetHints":{"allow":["GET"]}}],"collection":[{"href":"https:\/\/thaisbernardes.com\/de\/wp-json\/wp\/v2\/product"}],"about":[{"href":"https:\/\/thaisbernardes.com\/de\/wp-json\/wp\/v2\/types\/product"}],"wp:featuredmedia":[{"embeddable":true,"href":"https:\/\/thaisbernardes.com\/de\/wp-json\/wp\/v2\/media\/11790"}],"wp:attachment":[{"href":"https:\/\/thaisbernardes.com\/de\/wp-json\/wp\/v2\/media?parent=5539"}],"wp:term":[{"taxonomy":"product_brand","embeddable":true,"href":"https:\/\/thaisbernardes.com\/de\/wp-json\/wp\/v2\/product_brand?post=5539"},{"taxonomy":"product_cat","embeddable":true,"href":"https:\/\/thaisbernardes.com\/de\/wp-json\/wp\/v2\/product_cat?post=5539"},{"taxonomy":"product_tag","embeddable":true,"href":"https:\/\/thaisbernardes.com\/de\/wp-json\/wp\/v2\/product_tag?post=5539"}],"curies":[{"name":"wp","href":"https:\/\/api.w.org\/{rel}","templated":true}]}}