{"id":5561,"date":"2021-09-10T18:01:45","date_gmt":"2021-09-10T16:01:45","guid":{"rendered":"http:\/\/thaisbernardes.com\/?post_type=product&#038;p=5561"},"modified":"2026-03-06T17:07:03","modified_gmt":"2026-03-06T16:07:03","slug":"aramring","status":"publish","type":"product","link":"https:\/\/thaisbernardes.com\/de\/product\/anello-aram\/","title":{"rendered":"Aram-Ring"},"content":{"rendered":"<p>Der Ring ARAM bedeutet in der Sprache der Eingeborenen DIE SONNE und ist Teil der Macuxi-Kollektion.<\/p>\n<p>Die Macuxi-Kollektion besteht aus geometrischen Formen, die an Pfeile und das einheimische Tacapi erinnern, kombiniert mit Steinen, die an die intensiven Farben der Accessoires erinnern.<\/p>\n<p>Die Inspiration kommt von der Farben- und Formenvielfalt der Instrumente der brasilianischen Urbev\u00f6lkerung, in diesem Fall der Macuxi-Indianer.<\/p>\n<p>Die Macuxi sind ein Volk, das in einem Land namens Raposa Serra do Sol im Norden Brasiliens, an der Grenze zu Venezuela und Guyana lebt.<\/p>\n<p>Es ist eine Region von spektakul\u00e4rer Sch\u00f6nheit mit Bergen, Regenw\u00e4ldern, Savannen, Fl\u00fcssen und Wasserf\u00e4llen.<\/p>\n<p>Obwohl die Indianer mehr als zwei Jahrhunderte lang Kontakt zur Au\u00dfenwelt hatten, behielten sie ihre Sprachen und Br\u00e4uche bei.<\/p>\n<p>Seit 2009 hat der Oberste Gerichtshof das indigene Gebiet Raposa Serra do Sol als unabh\u00e4ngig anerkannt.<\/p>\n<p>Heute lebt die indigene Bev\u00f6lkerung von Raposa Serra do Sol in Frieden auf ihrem eigenen Land und entwickelt eigene Projekte in den Bereichen Bildung und Gesundheit.<\/p>","protected":false},"excerpt":{"rendered":"<p>Schmuck aus der Macuxi-Kollektion ist auf Anfrage unter info@thaisbernardes.com erh\u00e4ltlich.<\/p>\n<ul>\n<li>18K Gold auf Anfrage oder 925 Silber<\/li>\n<li>gl\u00e4nzende Oberfl\u00e4che<\/li>\n<li>Kieferrahmen<\/li>\n<li>Blauer Topas, Citrin und Peridot Steine<\/li>\n<li>mit Box und Thais Bernardes Garantie<\/li>\n<li>Hergestellt in Italien<br \/>\n<div class=\"is-divider divider clearfix\" style=\"max-width:small;\"><\/div>\n<a href=\"#WSG\" class=\"button primary lowercase\" >\n\t\t<span>Guida Misure<\/span>\n\t<\/a>\n\n\n\t<div id=\"text-1222167362\" class=\"text hidden\">\n\t\t\n\n<p>\t<div id=\"WSG\"\n\t     class=\"lightbox-by-id lightbox-content mfp-hide lightbox-white\"\n\t     style=\"max-width:600px ;padding:20px\">\n\t\t<div class=\"row row-collapse row-full-width\"  id=\"row-1074039125\">\n\n\n\t<div id=\"col-649108193\" class=\"col small-12 large-12\"  >\n\t\t\t\t<div class=\"col-inner text-center\" style=\"background-color:rgb(22, 70, 63);\" >\n\t\t\t\n\t\t\t\n\n\n\t<section class=\"section\" id=\"section_1978963997\">\n\t\t<div class=\"section-bg fill\" >\n\t\t\t\t\t\t\t\t\t\n\t\t\t\n\n\t\t<\/div>\n\n\t\t\n\n\t\t<div class=\"section-content relative\">\n\t\t\t\n\n<div class=\"container section-title-container\" ><h4 class=\"section-title section-title-center\"><b aria-hidden=\"true\"><\/b><span class=\"section-title-main\" style=\"color:rgb(255, 255, 255);\">Guida Misure anelli<\/span><b aria-hidden=\"true\"><\/b><\/h4><\/div>\n\n\t<div id=\"text-3895894238\" class=\"text\">\n\t\t\n\n<table style=\"font-size: 14.4px;\">\n<thead>\n<tr>\n<th style=\"text-align: center;\"><span style=\"color: #ffffff;\">Misure<\/span><\/th>\n<th style=\"text-align: center;\"><span style=\"color: #ffffff;\">Diametro in mm<\/span><\/th>\n<\/tr>\n<\/thead>\n<tbody>\n<tr>\n<td style=\"text-align: center;\"><span style=\"color: #ffffff;\">6 \/ 46<\/span><\/td>\n<td style=\"text-align: center;\"><span style=\"color: #ffffff;\">14,65<\/span><\/td>\n<\/tr>\n<tr>\n<td style=\"text-align: center;\"><span style=\"color: #ffffff;\">7 \/ 47<\/span><\/td>\n<td style=\"text-align: center;\"><span style=\"color: #ffffff;\">14,97<\/span><\/td>\n<\/tr>\n<tr>\n<td style=\"text-align: center;\"><span style=\"color: #ffffff;\">8 \/ 48<\/span><\/td>\n<td style=\"text-align: center;\"><span style=\"color: #ffffff;\">15,29<\/span><\/td>\n<\/tr>\n<tr>\n<td style=\"text-align: center;\"><span style=\"color: #ffffff;\">9 \/ 49<\/span><\/td>\n<td style=\"text-align: center;\"><span style=\"color: #ffffff;\">15,61<\/span><\/td>\n<\/tr>\n<tr>\n<td style=\"text-align: center;\"><span style=\"color: #ffffff;\">10 \/ 50<\/span><\/td>\n<td style=\"text-align: center;\"><span style=\"color: #ffffff;\">15,92<\/span><\/td>\n<\/tr>\n<tr>\n<td style=\"text-align: center;\"><span style=\"color: #ffffff;\">11 \/ 51<\/span><\/td>\n<td style=\"text-align: center;\"><span style=\"color: #ffffff;\">16,24<\/span><\/td>\n<\/tr>\n<tr>\n<td style=\"text-align: center;\"><span style=\"color: #ffffff;\">12 \/ 52<\/span><\/td>\n<td style=\"text-align: center;\"><span style=\"color: #ffffff;\">16,56<\/span><\/td>\n<\/tr>\n<tr>\n<td style=\"text-align: center;\"><span style=\"color: #ffffff;\">13 \/ 53<\/span><\/td>\n<td style=\"text-align: center;\"><span style=\"color: #ffffff;\">16,88<\/span><\/td>\n<\/tr>\n<tr>\n<td style=\"text-align: center;\"><span style=\"color: #ffffff;\">14 \/ 54<\/span><\/td>\n<td style=\"text-align: center;\"><span style=\"color: #ffffff;\">17,2<\/span><\/td>\n<\/tr>\n<tr>\n<td style=\"text-align: center;\"><span style=\"color: #ffffff;\">15 \/ 55<\/span><\/td>\n<td style=\"text-align: center;\"><span style=\"color: #ffffff;\">17,52<\/span><\/td>\n<\/tr>\n<tr>\n<td style=\"text-align: center;\"><span style=\"color: #ffffff;\">16 \/ 56<\/span><\/td>\n<td style=\"text-align: center;\"><span style=\"color: #ffffff;\">17,83<\/span><\/td>\n<\/tr>\n<tr>\n<td style=\"text-align: center;\"><span style=\"color: #ffffff;\">17 \/ 57<\/span><\/td>\n<td style=\"text-align: center;\"><span style=\"color: #ffffff;\">18,15<\/span><\/td>\n<\/tr>\n<tr>\n<td style=\"text-align: center;\"><span style=\"color: #ffffff;\">18 \/ 58<\/span><\/td>\n<td style=\"text-align: center;\"><span style=\"color: #ffffff;\">18,47<\/span><\/td>\n<\/tr>\n<tr>\n<td style=\"text-align: center;\"><span style=\"color: #ffffff;\">19 \/ 59<\/span><\/td>\n<td style=\"text-align: center;\"><span style=\"color: #ffffff;\">18,79<\/span><\/td>\n<\/tr>\n<tr>\n<td style=\"text-align: center;\"><span style=\"color: #ffffff;\">20 \/ 60<\/span><\/td>\n<td style=\"text-align: center;\"><span style=\"color: #ffffff;\">19,11<\/span><\/td>\n<\/tr>\n<\/tbody>\n<\/table>\n<p>\u00a0<\/p>\n\t\t\n<style>\n#text-3895894238 {\n  color: rgb(255, 255, 255);\n}\n#text-3895894238 > * {\n  color: rgb(255, 255, 255);\n}\n<\/style>\n\t<\/div>\n\t\n\t<div id=\"text-1783590361\" class=\"text\">\n\t\t\n\n<p style=\"text-align: center;\"><span style=\"font-size: 85%;\">Hai ancora dubbi?<\/span><\/p>\n<p style=\"text-align: center;\"><span style=\"font-size: 85%;\"><a class=\"button alert primary\" href=\"https:\/\/thaisbernardes.com\/de\/misure-anelli-e-conversione\/\">guida completa<\/a><\/span><\/p>\n\n\t\t\n<style>\n#text-1783590361 {\n  line-height: 0.75;\n  color: rgb(255,255,255);\n}\n#text-1783590361 > * {\n  color: rgb(255,255,255);\n}\n<\/style>\n\t<\/div>\n\t\n\n\t\t<\/div>\n\n\t\t\n<style>\n#section_1978963997 {\n  padding-top: 0px;\n  padding-bottom: 0px;\n}\n<\/style>\n\t<\/section>\n\t\n\n\t\t<\/div>\n\t\t\t\t\t<\/div>\n\n\t\n\n\n<style>\n#row-1074039125 > .col > .col-inner {\n  background-color: #16463f;\n}\n<\/style>\n<\/div>\t<\/div>\n\t\n\t<\/p>\n<p>&nbsp;<\/p>\n\t\t\t<\/div>\n\t<\/li>\n<\/ul>","protected":false},"featured_media":11795,"template":"","meta":[],"product_brand":[],"product_cat":[59,88,112],"product_tag":[],"class_list":{"0":"post-5561","1":"product","2":"type-product","3":"status-publish","4":"has-post-thumbnail","6":"product_cat-anelli","7":"product_cat-collezioni","8":"product_cat-macuxi","10":"first","11":"onbackorder","12":"shipping-taxable","13":"purchasable","14":"product-type-simple"},"aioseo_notices":[],"jetpack_sharing_enabled":true,"_links":{"self":[{"href":"https:\/\/thaisbernardes.com\/de\/wp-json\/wp\/v2\/product\/5561","targetHints":{"allow":["GET"]}}],"collection":[{"href":"https:\/\/thaisbernardes.com\/de\/wp-json\/wp\/v2\/product"}],"about":[{"href":"https:\/\/thaisbernardes.com\/de\/wp-json\/wp\/v2\/types\/product"}],"wp:featuredmedia":[{"embeddable":true,"href":"https:\/\/thaisbernardes.com\/de\/wp-json\/wp\/v2\/media\/11795"}],"wp:attachment":[{"href":"https:\/\/thaisbernardes.com\/de\/wp-json\/wp\/v2\/media?parent=5561"}],"wp:term":[{"taxonomy":"product_brand","embeddable":true,"href":"https:\/\/thaisbernardes.com\/de\/wp-json\/wp\/v2\/product_brand?post=5561"},{"taxonomy":"product_cat","embeddable":true,"href":"https:\/\/thaisbernardes.com\/de\/wp-json\/wp\/v2\/product_cat?post=5561"},{"taxonomy":"product_tag","embeddable":true,"href":"https:\/\/thaisbernardes.com\/de\/wp-json\/wp\/v2\/product_tag?post=5561"}],"curies":[{"name":"wp","href":"https:\/\/api.w.org\/{rel}","templated":true}]}}