{"id":5692,"date":"2021-10-08T17:12:08","date_gmt":"2021-10-08T15:12:08","guid":{"rendered":"http:\/\/thaisbernardes.com\/?post_type=product&#038;p=5692"},"modified":"2026-03-11T23:46:54","modified_gmt":"2026-03-11T22:46:54","slug":"cipo-offenes-armband-2","status":"publish","type":"product","link":"https:\/\/thaisbernardes.com\/de\/product\/bracciale-aperto-cipo\/","title":{"rendered":"Cip\u00f3 Offenes Armband"},"content":{"rendered":"<p>Cip\u00f3 Offenes Armband<\/p>\n<p>Die Inspiration f\u00fcr dieses Armband stammt von der Lianenpflanze, die im Herzen des Amazonas-Regenwaldes w\u00e4chst und mit der die indigene Bev\u00f6lkerung durch eine Tradition der<b> Kunsthandwerk <\/b>alt.<\/p>\n<p>Hergestellt in <b>925 Silber mit Kugeln<\/b> zu einer harmonischen, schwerelosen Skulptur verflochten, die sich perfekt in das einzigartige Design dieses Armbands von Sch\u00f6nheit und raffinierter Seele einf\u00fcgt.<\/p>\n<p>Unsere Stylisten empfehlen die <em><strong><a href=\"https:\/\/thaisbernardes.com\/de\/produkt-2\/asimmehttps-ohrringe\/\/thaisbernardes-com\/produkt-2\/asymmetrische-cipo-ohrringe\/trici-cipo\/\">Asymmetrische Ohrringe von Cip\u00f3<\/a><\/strong><\/em> zu kombinieren mit dem offenen cip\u00f3-Armband f\u00fcr einen sehr modernen und raffinierten Stil.<\/p>\n<p>Alle Juwelen in der Kapsel sind <strong>aus vergoldetem und br\u00fcniertem Silber, hergestellt in Italien,<\/strong> wie die handwerkliche Qualit\u00e4t der Verarbeitung zeigt.<br \/>\nDie Designerin und ehemalige Fotomodell, die sich schon immer f\u00fcr die Rechte indigener V\u00f6lker eingesetzt hat, hat beschlossen, einen Teil des Erl\u00f6ses aus dem Verkauf dieser Kollektion zu spenden <a href=\"https:\/\/www.survival.it\/\"><strong>\u00dcberleben International<\/strong><\/a>die weltweite Bewegung, die sich seit 1969 f\u00fcr die indigenen V\u00f6lker, ihren Schutz und ihre volle Autonomie einsetzt.<\/p>\n<p>Lesen Sie <a href=\"https:\/\/www.vogue.it\/moda\/article\/brasile-amazzonia-nuova-collezione-gioielli-sostenibili-thais-bernardes?fbclid=IwAR2qjmR8-rHveLkd__z_vXJZ8pN5NEQtAl0jiYQOxSiKIdMuwCjohd1R8so\">HIER<\/a> der Artikel \u00fcber die Cip\u00f3-Sammlung, ver\u00f6ffentlicht in <a href=\"https:\/\/www.vogue.it\/moda\/article\/brasile-amazzonia-nuova-collezione-gioielli-sostenibili-thais-bernardes?fbclid=IwAR2qjmR8-rHveLkd__z_vXJZ8pN5NEQtAl0jiYQOxSiKIdMuwCjohd1R8so\">VOGUE <\/a><\/p>","protected":false},"excerpt":{"rendered":"<p>Die Inspiration f\u00fcr dieses Armband stammt von der Lianenpflanze, die im Herzen des Amazonas-Regenwaldes w\u00e4chst und mit der die indigene Bev\u00f6lkerung durch eine Tradition der<b> Kunsthandwerk <\/b>alt.<\/p>\n<ul>\n<li>925 vergoldetes Silber<\/li>\n<li>gl\u00e4nzende Oberfl\u00e4che<\/li>\n<li>mit Box und Thais Bernardes Garantie<\/li>\n<li>Hergestellt in Italien<\/li>\n<\/ul>","protected":false},"featured_media":11804,"template":"","meta":[],"product_brand":[],"product_cat":[72,176,88],"product_tag":[288],"class_list":{"0":"post-5692","1":"product","2":"type-product","3":"status-publish","4":"has-post-thumbnail","6":"product_cat-bracciali","7":"product_cat-collezione-cipo-gioielli-thais-bernardes","8":"product_cat-collezioni","9":"product_tag-black-friday","11":"first","12":"instock","13":"shipping-taxable","14":"purchasable","15":"product-type-simple"},"aioseo_notices":[],"jetpack_sharing_enabled":true,"_links":{"self":[{"href":"https:\/\/thaisbernardes.com\/de\/wp-json\/wp\/v2\/product\/5692","targetHints":{"allow":["GET"]}}],"collection":[{"href":"https:\/\/thaisbernardes.com\/de\/wp-json\/wp\/v2\/product"}],"about":[{"href":"https:\/\/thaisbernardes.com\/de\/wp-json\/wp\/v2\/types\/product"}],"wp:featuredmedia":[{"embeddable":true,"href":"https:\/\/thaisbernardes.com\/de\/wp-json\/wp\/v2\/media\/11804"}],"wp:attachment":[{"href":"https:\/\/thaisbernardes.com\/de\/wp-json\/wp\/v2\/media?parent=5692"}],"wp:term":[{"taxonomy":"product_brand","embeddable":true,"href":"https:\/\/thaisbernardes.com\/de\/wp-json\/wp\/v2\/product_brand?post=5692"},{"taxonomy":"product_cat","embeddable":true,"href":"https:\/\/thaisbernardes.com\/de\/wp-json\/wp\/v2\/product_cat?post=5692"},{"taxonomy":"product_tag","embeddable":true,"href":"https:\/\/thaisbernardes.com\/de\/wp-json\/wp\/v2\/product_tag?post=5692"}],"curies":[{"name":"wp","href":"https:\/\/api.w.org\/{rel}","templated":true}]}}